{"id":305032,"date":"2024-09-12T00:00:00","date_gmt":"2024-09-11T22:00:00","guid":{"rendered":"https:\/\/my-eliquid.de\/shop\/elfbar-elfa-leer-pods-mit-coil\/"},"modified":"2026-04-17T11:59:36","modified_gmt":"2026-04-17T09:59:36","slug":"elfbar-elfa-leer-pods-mit-coil","status":"publish","type":"product","link":"https:\/\/my-eliquid.de\/fr\/shop\/elfbar-elfa-leer-pods-mit-coil\/","title":{"rendered":"ELFBAR | ELFA | TAPPO | Pod vide avec coil 2ml"},"content":{"rendered":"<p>L'Empty Pod d'Elfa a \u00e9t\u00e9 sp\u00e9cialement con\u00e7u pour \u00eatre utilis\u00e9 avec l'Elfbar Elfa, mais il peut aussi \u00eatre combin\u00e9 avec le Tappo de Lost Mary. Le r\u00e9servoir a une capacit\u00e9 de 2 ml et se remplit de liquide par un syst\u00e8me de remplissage lat\u00e9ral. La capsule Elfa vide int\u00e8gre une bobine en mesh avec une r\u00e9sistance de 1,1 ohm. Veuillez noter que la bobine int\u00e9gr\u00e9e \u00e0 la capsule peut \u00e9galement s'user en cas d'utilisation r\u00e9guli\u00e8re. Pour garantir une qualit\u00e9 de vapeur constante, nous recommandons de remplacer r\u00e9guli\u00e8rement la capsule.<\/p>\n<p>La livraison comprend<\/p>\n<p>2x ELFBAR Elfa capsule vide<br \/>\n1x notice d'emballage<\/p>\n<p>ELFBAR Elfa Poteau vide<\/p>\n<ul>\n<li>Capacit\u00e9 du r\u00e9servoir : 2 ml<\/li>\n<li>r\u00e9sistance de la bobine d'alimentation int\u00e9gr\u00e9e : 1,1 ohms<\/li>\n<li>Remplissage par le c\u00f4t\u00e9<\/li>\n<li>Compatible avec la batterie Elfbar Elfa et la batterie Lost Mary Tappo<\/li>\n<\/ul>","protected":false},"excerpt":{"rendered":"<p><span>Elfbar - Elfa - Pod vide (2 pi\u00e8ces par paquet)<\/span><\/p>","protected":false},"featured_media":319694,"comment_status":"open","ping_status":"closed","template":"","meta":{"_acf_changed":false,"_relevanssi_hide_post":"","_relevanssi_hide_content":"","_relevanssi_pin_for_all":"","_relevanssi_pin_keywords":"","_relevanssi_unpin_keywords":"","_relevanssi_related_keywords":"","_relevanssi_related_include_ids":"","_relevanssi_related_exclude_ids":"","_relevanssi_related_no_append":"","_relevanssi_related_not_related":"","_relevanssi_related_posts":"","_relevanssi_noindex_reason":""},"product_brand":[],"product_cat":[4713,4906,4851,4722],"product_tag":[6811,1391,6360,6813,6591,7485,7215,7217],"class_list":{"0":"post-305032","1":"product","2":"type-product","3":"status-publish","4":"has-post-thumbnail","6":"product_cat-e-zigaretten","7":"product_cat-elfbar","8":"product_cat-fremdprodukte","9":"product_cat-neuheiten","10":"product_tag-2ml","11":"product_tag-bitte","12":"product_tag-coil","13":"product_tag-elfa","14":"product_tag-elfbar","15":"product_tag-leerpod","16":"product_tag-mit","17":"product_tag-tappo","18":"product_shipping_class-standard","20":"first","21":"instock","22":"taxable","23":"shipping-taxable","24":"purchasable","25":"product-type-variable"},"acf":[],"_links":{"self":[{"href":"https:\/\/my-eliquid.de\/fr\/wp-json\/wp\/v2\/product\/305032","targetHints":{"allow":["GET"]}}],"collection":[{"href":"https:\/\/my-eliquid.de\/fr\/wp-json\/wp\/v2\/product"}],"about":[{"href":"https:\/\/my-eliquid.de\/fr\/wp-json\/wp\/v2\/types\/product"}],"replies":[{"embeddable":true,"href":"https:\/\/my-eliquid.de\/fr\/wp-json\/wp\/v2\/comments?post=305032"}],"wp:featuredmedia":[{"embeddable":true,"href":"https:\/\/my-eliquid.de\/fr\/wp-json\/wp\/v2\/media\/319694"}],"wp:attachment":[{"href":"https:\/\/my-eliquid.de\/fr\/wp-json\/wp\/v2\/media?parent=305032"}],"wp:term":[{"taxonomy":"product_brand","embeddable":true,"href":"https:\/\/my-eliquid.de\/fr\/wp-json\/wp\/v2\/product_brand?post=305032"},{"taxonomy":"product_cat","embeddable":true,"href":"https:\/\/my-eliquid.de\/fr\/wp-json\/wp\/v2\/product_cat?post=305032"},{"taxonomy":"product_tag","embeddable":true,"href":"https:\/\/my-eliquid.de\/fr\/wp-json\/wp\/v2\/product_tag?post=305032"}],"curies":[{"name":"wp","href":"https:\/\/api.w.org\/{rel}","templated":true}]}}