{"id":305036,"date":"2024-01-25T00:00:00","date_gmt":"2024-01-24T23:00:00","guid":{"rendered":"https:\/\/my-eliquid.de\/shop\/oxva-xlim-pro-v2-pod-coils\/"},"modified":"2025-11-25T13:52:02","modified_gmt":"2025-11-25T12:52:02","slug":"oxva-xlim-pro-v2-pod-coils","status":"publish","type":"product","link":"https:\/\/my-eliquid.de\/fr\/shop\/oxva-xlim-pro-v2-pod-coils\/","title":{"rendered":"Oxva | Xlim Pro Pod | V2 Pod | 0.4 Ohm - 1.2 Ohm"},"content":{"rendered":"<h2>OXVA Xlim V2 Pods avec t\u00eate d'\u00e9vaporation<\/h2>\n<p>Les pods OXVA Xlim V2 sont compatibles, entre autres, avec les syst\u00e8mes de pod d'e-cigarette suivants<\/p>\n<ul>\n<li><span style=\"text-decoration: underline; color: #000000;\">Kit Xlim Pod<\/span><\/li>\n<li><span style=\"text-decoration: underline; color: #000000;\"><a href=\"https:\/\/dampfdorado.de\/oxva-xlim-se-pod-kit\" target=\"_blank\" rel=\"noopener\"><span style=\"color: #000000; text-decoration: underline;\">Kit Xlim SE Pod<\/span><\/a><\/span><\/li>\n<li><span style=\"text-decoration: underline; color: #000000;\"><a href=\"https:\/\/dampfdorado.de\/oxva-xlim-sq-pod-kit\" target=\"_blank\" rel=\"noopener\"><span style=\"color: #000000; text-decoration: underline;\">Kit Xlim SQ Pod<\/span><\/a><\/span><\/li>\n<li><span style=\"text-decoration: underline; color: #000000;\"><a href=\"https:\/\/dampfdorado.de\/oxva-xlim-sq-pro-pod-kit\" target=\"_blank\" rel=\"noopener\"><span style=\"color: #000000; text-decoration: underline;\">Kit Xlim SQ Pro Pod<\/span><\/a><\/span><\/li>\n<li><span style=\"text-decoration: underline; color: #000000;\"><a href=\"https:\/\/dampfdorado.de\/oxva-xlim-se-classic-edition-pod-kit\" target=\"_blank\" rel=\"noopener\"><span style=\"color: #000000; text-decoration: underline;\">Kit Xlim SE Classic Edition Pod<\/span><\/a><\/span><\/li>\n<li><span style=\"text-decoration: underline; color: #000000;\"><a href=\"https:\/\/dampfdorado.de\/oxva-xlim-pro-pod-kit\" target=\"_blank\" rel=\"noopener\"><span style=\"color: #000000; text-decoration: underline;\">Kit Xlim Pro Pod<\/span><\/a><\/span><\/li>\n<\/ul>\n<p>Les pods ont une capacit\u00e9 de 2 ml de liquide. Les pods se remplissent par une ouverture lat\u00e9rale.<\/p>\n<div class=\"alert is--success is--rounded\">\n<div class=\"alert--content\">\n<p>Conseil : lorsque vous remplissez avec un long embout, veillez \u00e0 ne pas toucher la t\u00eate de l'\u00e9vaporateur avec celui-ci, afin de ne pas remplir la chemin\u00e9e ou l'embout de liquide.<\/p>\n<\/div>\n<\/div>\n<p>Les pods sont \u00e9quip\u00e9s de t\u00eates d'\u00e9vaporation fixes avec au choix\u00a0<strong>0,6 ohm,<\/strong>\u00a0<strong>0,8 ohm ou 1,2 ohm<\/strong>\u00a0de r\u00e9sistance. Les pods de 0,6 ohm et 0,8 ohm conviennent parfaitement aux bouff\u00e9es pulmonaires restrictives. Les pods de 1,2 ohms sont con\u00e7us pour le vapotage classique en backend (MTL).<\/p>\n<p>Pour les t\u00eates d'\u00e9vaporation, on utilise un treillis m\u00e9tallique. Ainsi, la r\u00e9ponse est tr\u00e8s bonne et le go\u00fbt du liquide utilis\u00e9 est bien restitu\u00e9.<\/p>\n<div class=\"alert is--error is--rounded\">\n<div class=\"alert--content\">\n<p><em><strong>Ne convient pas<\/strong>\u00a0pour l'Oxva Xlim C Pod Kit.<\/em><\/p>\n<h2>OXVA Xlim Top Fill Pods avec coil<\/h2>\n<p>Les\u00a0<span>Pods OXVA Xlim Top Fill<\/span>\u00a0Les pods ont une capacit\u00e9 de 2 ml de liquide, la t\u00eate d'\u00e9vaporation est d\u00e9j\u00e0 int\u00e9gr\u00e9e au pod.\u00a0<\/p>\n<p>Les pods sont remplis via une<strong>\u00a0ouverture de remplissage lat\u00e9rale, dirig\u00e9e vers le haut<\/strong>. L'ouverture de remplissage est munie d'un joint en caoutchouc.\u00a0<\/p>\n<h3>Nouveaux pods OXVA Xlim pour les syst\u00e8mes de pods suivants :<\/h3>\n<ul>\n<li><span style=\"text-decoration: underline;\"><span style=\"color: #000000; text-decoration: underline;\"><a href=\"https:\/\/dampfdorado.de\/oxva-xlim-pro-pod-kit\" target=\"_blank\" rel=\"noopener\"><span style=\"color: #000000; text-decoration: underline;\">OXVA Xlim Pro Pod Kit<\/span><\/a><\/span><\/span><\/li>\n<li><span style=\"text-decoration: underline;\"><span style=\"color: #000000; text-decoration: underline;\"><a href=\"https:\/\/dampfdorado.de\/oxva-xlim-sq-pod-kit\" target=\"_blank\" rel=\"noopener\"><span style=\"color: #000000; text-decoration: underline;\">OXVA Xlim SQ Pod Kit<\/span><\/a><\/span><\/span><\/li>\n<li><span style=\"text-decoration: underline;\"><span style=\"color: #000000; text-decoration: underline;\"><a href=\"https:\/\/dampfdorado.de\/oxva-xlim-sq-pro-pod-kit\" target=\"_blank\" rel=\"noopener\"><span style=\"color: #000000; text-decoration: underline;\">Kit OXVA Xlim SQ Pro Pro<\/span><\/a><\/span><\/span><\/li>\n<li><span style=\"text-decoration: underline;\"><span style=\"color: #000000; text-decoration: underline;\"><a href=\"https:\/\/dampfdorado.de\/oxva-xlim-se-classic-edition-pod-kit\" target=\"_blank\" rel=\"noopener\"><span style=\"color: #000000; text-decoration: underline;\">OXVA Xlim SE Classic Edition Kit pod<\/span><\/a><\/span><\/span><\/li>\n<li><span style=\"text-decoration: underline;\"><span style=\"color: #000000; text-decoration: underline;\"><a href=\"https:\/\/dampfdorado.de\/oxva-xlim-se-pod-kit\" target=\"_blank\" rel=\"noopener\"><span style=\"color: #000000; text-decoration: underline;\">OXVA Xlim SE Pod Kit<\/span><\/a><\/span><\/span><\/li>\n<li><span style=\"text-decoration: underline;\"><span style=\"color: #000000; text-decoration: underline;\">Oxva Xlim Pod Kit<\/span><\/span><\/li>\n<\/ul>\n<div class=\"alert is--error is--rounded\">\n<div class=\"alert--content\">\n<p><em><strong>Ne convient pas \u00e0 l'Oxva Xlim C Pod Kit !\u00a0<\/strong><\/em><\/p>\n<\/div>\n<\/div>\n<p>Les pods sont \u00e9quip\u00e9s de t\u00eates d'\u00e9vaporation fixes avec au choix\u00a0<strong>0,6 ohm,<\/strong>\u00a0<strong>0,8 ohm ou 1,2 ohm<\/strong>\u00a0de r\u00e9sistance. Les pods de 0,6 ohm et 0,8 ohm conviennent parfaitement aux bouff\u00e9es pulmonaires restrictives. Les pods de 1,2 ohms sont con\u00e7us pour le vapotage classique en backend (MTL).<\/p>\n<p>Pour les t\u00eates d'\u00e9vaporation, on utilise un treillis m\u00e9tallique. Ainsi, la r\u00e9ponse est tr\u00e8s bonne et le go\u00fbt du liquide utilis\u00e9 est bien restitu\u00e9.<\/p>\n<\/div>\n<\/div>","protected":false},"excerpt":{"rendered":"<p>Le pod OXVA Xlim Pro\/V2<\/p>","protected":false},"featured_media":319308,"comment_status":"open","ping_status":"closed","template":"","meta":{"_acf_changed":false,"_relevanssi_hide_post":"","_relevanssi_hide_content":"","_relevanssi_pin_for_all":"","_relevanssi_pin_keywords":"","_relevanssi_unpin_keywords":"","_relevanssi_related_keywords":"","_relevanssi_related_include_ids":"","_relevanssi_related_exclude_ids":"","_relevanssi_related_no_append":"","_relevanssi_related_not_related":"","_relevanssi_related_posts":"","_relevanssi_noindex_reason":""},"product_brand":[],"product_cat":[4713,4781,4722,4899,4778],"product_tag":[1391,6778,5859,6961,6779],"class_list":{"0":"post-305036","1":"product","2":"type-product","3":"status-publish","4":"has-post-thumbnail","6":"product_cat-e-zigaretten","7":"product_cat-e-zigaretten-hersteller","8":"product_cat-neuheiten","9":"product_cat-oxva","10":"product_cat-verdampferkoepfe","11":"product_tag-bitte","12":"product_tag-oxva","13":"product_tag-pod","14":"product_tag-pro-v2","15":"product_tag-xlim","16":"product_shipping_class-standard","18":"first","19":"outofstock","20":"taxable","21":"shipping-taxable","22":"purchasable","23":"product-type-variable"},"acf":[],"_links":{"self":[{"href":"https:\/\/my-eliquid.de\/fr\/wp-json\/wp\/v2\/product\/305036","targetHints":{"allow":["GET"]}}],"collection":[{"href":"https:\/\/my-eliquid.de\/fr\/wp-json\/wp\/v2\/product"}],"about":[{"href":"https:\/\/my-eliquid.de\/fr\/wp-json\/wp\/v2\/types\/product"}],"replies":[{"embeddable":true,"href":"https:\/\/my-eliquid.de\/fr\/wp-json\/wp\/v2\/comments?post=305036"}],"wp:featuredmedia":[{"embeddable":true,"href":"https:\/\/my-eliquid.de\/fr\/wp-json\/wp\/v2\/media\/319308"}],"wp:attachment":[{"href":"https:\/\/my-eliquid.de\/fr\/wp-json\/wp\/v2\/media?parent=305036"}],"wp:term":[{"taxonomy":"product_brand","embeddable":true,"href":"https:\/\/my-eliquid.de\/fr\/wp-json\/wp\/v2\/product_brand?post=305036"},{"taxonomy":"product_cat","embeddable":true,"href":"https:\/\/my-eliquid.de\/fr\/wp-json\/wp\/v2\/product_cat?post=305036"},{"taxonomy":"product_tag","embeddable":true,"href":"https:\/\/my-eliquid.de\/fr\/wp-json\/wp\/v2\/product_tag?post=305036"}],"curies":[{"name":"wp","href":"https:\/\/api.w.org\/{rel}","templated":true}]}}