{"id":305813,"date":"2024-01-12T00:00:00","date_gmt":"2024-01-11T23:00:00","guid":{"rendered":"https:\/\/my-eliquid.de\/shop\/mel-fillup-yourfillup-10ml-mvm-noindex\/"},"modified":"2026-03-18T15:09:20","modified_gmt":"2026-03-18T14:09:20","slug":"mel-fillup-yourfillup-10ml-mvm-noindex","status":"publish","type":"product","link":"https:\/\/my-eliquid.de\/fr\/shop\/mel-fillup-yourfillup-10ml-mvm-noindex\/","title":{"rendered":"Your Long Fill | Fill Up | MvM | 10 ml"},"content":{"rendered":"<h2>Maintenant, pour ceux qui savent ce qu'ils veulent ! Your Long Fill en deux \u00e9tapes simples<\/h2>\n<p><strong>\u00c9tape 1 : Choisis ton go\u00fbt (un seul choix possible)<\/strong><\/p>\n<p><strong>\u00c9tape 2 : Choisis le type de rafra\u00eechissement (dosage avec 1 %)<\/strong><\/p>\n<p>Tu recevras ton ar\u00f4me dans un flacon de 60 ml.<\/p>\n<p><strong>Comme fill up, tu es libre de choisir la base que tu souhaites utiliser. 48 ml de base sont n\u00e9cessaires.<\/strong><\/p>\n<p>Soit 1x notre offre group\u00e9e dans le taux de nicotine souhait\u00e9, soit simplement acheter une base z\u00e9ro, remplir, agiter et c'est fini.\u00a0<strong>60 ml de produit fini<\/strong>\u00a0d\u00e9licieux\u00a0<strong>Liquid !<\/strong><\/p>\n<p><strong>Tu n'as pas de base sous la main ? Alors consulte nos <a href=\"\/fr\/mel-snv-yoursnv-60ml.html\/\" title=\"Shake and Vapes\">Shake and Vapes -Votre Shake and Vape- !<\/a><\/strong><\/p>\n<h2><strong>M\u00e9langer, c'est si simple aujourd'hui !\u00a0<\/strong><\/h2>","protected":false},"excerpt":{"rendered":"<p>Tu as fait ton <strong>Allday Aroma<\/strong> d\u00e9j\u00e0 trouv\u00e9 ? Alors va le chercher maintenant en tant que\u00a0<strong>Long Fill !<\/strong><\/p>","protected":false},"featured_media":319819,"comment_status":"open","ping_status":"closed","template":"","meta":{"_acf_changed":false,"_relevanssi_hide_post":"","_relevanssi_hide_content":"","_relevanssi_pin_for_all":"","_relevanssi_pin_keywords":"","_relevanssi_unpin_keywords":"","_relevanssi_related_keywords":"","_relevanssi_related_include_ids":"","_relevanssi_related_exclude_ids":"","_relevanssi_related_no_append":"","_relevanssi_related_not_related":"","_relevanssi_related_posts":"","_relevanssi_noindex_reason":""},"product_brand":[],"product_cat":[4907],"product_tag":[6990,1391,6991,7387,6732,7388,6992,6683],"class_list":{"0":"post-305813","1":"product","2":"type-product","3":"status-publish","4":"has-post-thumbnail","6":"product_cat-mvm","7":"product_tag-6990","8":"product_tag-bitte","9":"product_tag-fill","10":"product_tag-long","11":"product_tag-ml","12":"product_tag-mvm","13":"product_tag-up","14":"product_tag-your","15":"product_shipping_class-standard","16":"pa_geschmack-7-leaves-7-bladl","17":"pa_geschmack-american-blend-western-kraut","18":"pa_geschmack-angel-juice-engl-saft","19":"pa_geschmack-apple-sour-saurer-eis-apfe","20":"pa_geschmack-christmas-bash-stade-zeit","21":"pa_geschmack-colt-arctic-eisboch","22":"pa_geschmack-erdbeer-menthol-koide-erdbeern","23":"pa_geschmack-fresh-orange-koide-orangn","24":"pa_geschmack-glazed-donaut-ami-krapfen","25":"pa_geschmack-max-blend-da-maxl","26":"pa_geschmack-menthol-guade-menthol","27":"pa_geschmack-purple-blood-deifs-bluad","28":"pa_geschmack-vanilla-cream-siasse-sach","29":"pa_geschmack-waldbeere-woidbeern","31":"first","32":"instock","33":"taxable","34":"shipping-taxable","35":"purchasable","36":"product-type-variable"},"acf":[],"_links":{"self":[{"href":"https:\/\/my-eliquid.de\/fr\/wp-json\/wp\/v2\/product\/305813","targetHints":{"allow":["GET"]}}],"collection":[{"href":"https:\/\/my-eliquid.de\/fr\/wp-json\/wp\/v2\/product"}],"about":[{"href":"https:\/\/my-eliquid.de\/fr\/wp-json\/wp\/v2\/types\/product"}],"replies":[{"embeddable":true,"href":"https:\/\/my-eliquid.de\/fr\/wp-json\/wp\/v2\/comments?post=305813"}],"wp:featuredmedia":[{"embeddable":true,"href":"https:\/\/my-eliquid.de\/fr\/wp-json\/wp\/v2\/media\/319819"}],"wp:attachment":[{"href":"https:\/\/my-eliquid.de\/fr\/wp-json\/wp\/v2\/media?parent=305813"}],"wp:term":[{"taxonomy":"product_brand","embeddable":true,"href":"https:\/\/my-eliquid.de\/fr\/wp-json\/wp\/v2\/product_brand?post=305813"},{"taxonomy":"product_cat","embeddable":true,"href":"https:\/\/my-eliquid.de\/fr\/wp-json\/wp\/v2\/product_cat?post=305813"},{"taxonomy":"product_tag","embeddable":true,"href":"https:\/\/my-eliquid.de\/fr\/wp-json\/wp\/v2\/product_tag?post=305813"}],"curies":[{"name":"wp","href":"https:\/\/api.w.org\/{rel}","templated":true}]}}