{"id":322475,"date":"2025-11-21T13:10:28","date_gmt":"2025-11-21T12:10:28","guid":{"rendered":"https:\/\/my-eliquid.de\/shop\/dotmod-dotpod-max-kit\/"},"modified":"2025-11-25T13:48:26","modified_gmt":"2025-11-25T12:48:26","slug":"dotmod-dotpod-max-kit","status":"publish","type":"product","link":"https:\/\/my-eliquid.de\/fr\/shop\/dotmod-dotpod-max-kit\/","title":{"rendered":"dotMod | DotPod MAX | Kit pod"},"content":{"rendered":"<h2>\ud83c\udf1f DotMod dotPod Max Pod Kit \u2013 Kraft, Eleganz &#038; Flexibilit\u00e4t in einem Ger\u00e4t<\/h2>\n<p>Avec le <strong>dotPod Max<\/strong> bringt <strong>DotMod<\/strong> ein vielseitiges Pod Kit im modernen Box-Design auf den Markt, das sowohl <strong>MTL<\/strong>-, <strong>RDL<\/strong>&#8211; als auch <strong>DL-Dampfer<\/strong> begeistert. Hochwertig verarbeitet aus <strong>eloxiertem Aluminium<\/strong>, \u00fcberzeugt das Ger\u00e4t nicht nur durch Performance, sondern auch durch Stil \u2013 mit dem <em>ikonischen goldenen DotMod-Logo<\/em> als stilvollem Akzent.<\/p>\n<h3>\ud83d\udd0b Power &#038; Performance<\/h3>\n<ul>\n<li><strong>Batterie de 2000 mAh<\/strong> f\u00fcr ausdauerndes Dampfen<\/li>\n<li><strong>Leistungsbereich von 5\u201360\u202fWatt<\/strong> \u2013 perfekt f\u00fcr jede Dampfvorliebe<\/li>\n<li><strong>Automatisme de traction<\/strong> &#038; Feuertaster \u2013 ganz nach deinem Stil<\/li>\n<li><strong>USB-C Fast Charging<\/strong> \u2013 schnell wieder einsatzbereit<\/li>\n<li><strong>Intelligente Coilerkennung<\/strong> \u2013 sch\u00fctzt die Coil &#038; passt die Leistung automatisch an<\/li>\n<\/ul>\n<h3>\ud83d\udcfa Benutzerfreundlich &#038; Sicher<\/h3>\n<ul>\n<li><strong>0,69&#8243; OLED-Display<\/strong> zeigt Akku, Leistung, Widerstand &#038; Z\u00fcge<\/li>\n<li><strong>Multifunktionstaste<\/strong> f\u00fcr Ein-\/Ausschalten, Leistung &#038; Sperre<\/li>\n<li><strong>Vielf\u00e4ltige Schutzfunktionen<\/strong>: Kurzschluss, \u00dcberladung, \u00dcberhitzung, Tiefentladung u.v.m.<\/li>\n<\/ul>\n<h3>\ud83e\udde9 Flexible Pod-Kompatibilit\u00e4t<\/h3>\n<ul>\n<li><strong>5\u202fml Tankvolumen<\/strong> mit bequemem <strong>Syst\u00e8me de remplissage par le haut<\/strong><\/li>\n<li><strong>Kompatibel mit dotAIO V2 Coils<\/strong> (0,3\u202f\u03a9 \u2013 1,0\u202f\u03a9)<\/li>\n<li><strong>Alternativ nutzbar mit Pods mit integrierter Coil<\/strong> (0,4\u202f\u03a9 \/ 0,6\u202f\u03a9 \/ 1,0\u202f\u03a9)<\/li>\n<li><strong>Airflow Control<\/strong> direkt am Pod \u2013 individuell einstellbar<\/li>\n<li><strong>Magnetischer Pod-Sitz<\/strong> \u2013 einfacher Wechsel &#038; sicherer Halt<\/li>\n<\/ul>\n<h3>\ud83d\udce6 Lieferumfang:<\/h3>\n<ul>\n<li>1\u00d7 dotPod Max Akkutr\u00e4ger<\/li>\n<li>1\u00d7 dotPod Max Leerpod (ohne Coil)<\/li>\n<li>1\u00d7 dotCoil 0,3\u202fOhm<\/li>\n<li>1\u00d7 dotPod Max Pod mit integrierter Coil (0,6\u202fOhm)<\/li>\n<li>1\u00d7 Drip Tip<\/li>\n<li>1\u00d7 USB-C Ladekabel<\/li>\n<li>1\u00d7 Bedienungsanleitung<\/li>\n<\/ul>\n<p><strong>\u26a0\ufe0f Hinweis:<\/strong> Nicht kompatibel mit 0,15\u202fOhm Coils der dotAIO V2 Serie!<\/p>\n<h3>\ud83d\udccf Technische Daten im \u00dcberblick:<\/h3>\n<table border=\"1\" cellpadding=\"6\" cellspacing=\"0\">\n<tr>\n<th>Merkmal<\/th>\n<th>Details<\/th>\n<\/tr>\n<tr>\n<td>Akku<\/td>\n<td>2000\u202fmAh (integriert)<\/td>\n<\/tr>\n<tr>\n<td>Leistung<\/td>\n<td>5\u201360\u202fW<\/td>\n<\/tr>\n<tr>\n<td>Tankvolumen<\/td>\n<td>5\u202fml<\/td>\n<\/tr>\n<tr>\n<td>bobines<\/td>\n<td>dotAIO V2 (0.3 \u2013 1.0\u202f\u03a9) &#038; integrierte Varianten<\/td>\n<\/tr>\n<tr>\n<td>Airflow<\/td>\n<td>Seitlich, direkt am Pod einstellbar<\/td>\n<\/tr>\n<tr>\n<td>Display<\/td>\n<td>0.69&#8243; OLED<\/td>\n<\/tr>\n<tr>\n<td>Ma\u00dfe (L\u00d7B\u00d7T)<\/td>\n<td>92,5 \u00d7 43,1 \u00d7 20\u202fmm<\/td>\n<\/tr>\n<tr>\n<td>Poids<\/td>\n<td>99\u202fg<\/td>\n<\/tr>\n<tr>\n<td>Material<\/td>\n<td>Aluminiumlegierung (Mod), PCTG (Pod)<\/td>\n<\/tr>\n<tr>\n<td>Ladeanschluss<\/td>\n<td>USB-C (5V \/ 2A)<\/td>\n<\/tr>\n<\/table>\n<p>\ud83d\udd0b <strong>DotMod dotPod Max<\/strong> \u2013 das All-in-One Pod-System f\u00fcr anspruchsvolle Dampfer, die Design, Leistung &#038; Flexibilit\u00e4t in einem eleganten Ger\u00e4t vereint sehen m\u00f6chten.<\/p>","protected":false},"excerpt":{"rendered":"<p><strong>Kit DotMod dotPod Max Pod<\/strong> - Appareil tout-en-un de haute qualit\u00e9 avec <strong>Batterie de 2000 mAh<\/strong>, <strong>5-60 W Puissance<\/strong>, <strong>r\u00e9servoir de 5 ml<\/strong> &amp; plus polyvalent <strong>Compatibilit\u00e9 des bobines<\/strong>. Id\u00e9al pour <strong>MTL<\/strong>, <strong>RDL<\/strong> &amp; <strong>DL<\/strong> - \u00e9l\u00e9gant, intelligent et performant.<\/p>","protected":false},"featured_media":322478,"comment_status":"open","ping_status":"closed","template":"","meta":{"_acf_changed":false,"_relevanssi_hide_post":"","_relevanssi_hide_content":"","_relevanssi_pin_for_all":"","_relevanssi_pin_keywords":"","_relevanssi_unpin_keywords":"","_relevanssi_related_keywords":"","_relevanssi_related_include_ids":"","_relevanssi_related_exclude_ids":"","_relevanssi_related_no_append":"","_relevanssi_related_not_related":"","_relevanssi_related_posts":"","_relevanssi_noindex_reason":""},"product_brand":[],"product_cat":[4773,4782,4784,4887,4713,4771,4781,4772,4886,4785,4722,4793],"product_tag":[],"class_list":{"0":"post-322475","1":"product","2":"type-product","3":"status-publish","4":"has-post-thumbnail","6":"product_cat-e-zigaretten-akkutraeger","7":"product_cat-box-mod","8":"product_cat-box-mod-digital","9":"product_cat-dotmod","10":"product_cat-e-zigaretten","11":"product_cat-e-zigaretten-fuer-einsteiger","12":"product_cat-e-zigaretten-hersteller","13":"product_cat-e-zigaretten-sets","14":"product_cat-lagerverkauf-hardware-sale","15":"product_cat-box-mod-mechanisch","16":"product_cat-neuheiten","17":"product_cat-e-zigaretten-liquid-basen-aroma-vape-sale","18":"product_shipping_class-standard","20":"first","21":"instock","22":"featured","23":"taxable","24":"shipping-taxable","25":"purchasable","26":"product-type-variable"},"acf":[],"_links":{"self":[{"href":"https:\/\/my-eliquid.de\/fr\/wp-json\/wp\/v2\/product\/322475","targetHints":{"allow":["GET"]}}],"collection":[{"href":"https:\/\/my-eliquid.de\/fr\/wp-json\/wp\/v2\/product"}],"about":[{"href":"https:\/\/my-eliquid.de\/fr\/wp-json\/wp\/v2\/types\/product"}],"replies":[{"embeddable":true,"href":"https:\/\/my-eliquid.de\/fr\/wp-json\/wp\/v2\/comments?post=322475"}],"wp:featuredmedia":[{"embeddable":true,"href":"https:\/\/my-eliquid.de\/fr\/wp-json\/wp\/v2\/media\/322478"}],"wp:attachment":[{"href":"https:\/\/my-eliquid.de\/fr\/wp-json\/wp\/v2\/media?parent=322475"}],"wp:term":[{"taxonomy":"product_brand","embeddable":true,"href":"https:\/\/my-eliquid.de\/fr\/wp-json\/wp\/v2\/product_brand?post=322475"},{"taxonomy":"product_cat","embeddable":true,"href":"https:\/\/my-eliquid.de\/fr\/wp-json\/wp\/v2\/product_cat?post=322475"},{"taxonomy":"product_tag","embeddable":true,"href":"https:\/\/my-eliquid.de\/fr\/wp-json\/wp\/v2\/product_tag?post=322475"}],"curies":[{"name":"wp","href":"https:\/\/api.w.org\/{rel}","templated":true}]}}