{"id":325029,"date":"2026-04-17T11:08:00","date_gmt":"2026-04-17T09:08:00","guid":{"rendered":"https:\/\/my-eliquid.de\/shop\/bp-mods-tmd-mesh-coils-055-ohm-5er-pack\/"},"modified":"2026-04-17T11:12:33","modified_gmt":"2026-04-17T09:12:33","slug":"bp-mods-tmd-mesh-coils-055-ohm-5er-pack","status":"publish","type":"product","link":"https:\/\/my-eliquid.de\/fr\/shop\/bp-mods-tmd-mesh-coils-055-ohm-5er-pack\/","title":{"rendered":"BP MODS TMD Mesh Coils 0,55 Ohm \u2013 5er Pack"},"content":{"rendered":"<h2>BP MODS TMD Mesh Coils 0,55 Ohm \u2013 5er Pack<\/h2>\n<p>Les <strong>BP MODS TMD Mesh Coils<\/strong> bieten eine hervorragende Kombination aus intensiver Geschmacksentfaltung und zuverl\u00e4ssiger Dampfleistung. Entwickelt f\u00fcr vielseitige Dampfstile, eignen sich diese Coils ideal f\u00fcr <strong>RDL (restriktiver Lungenzug)<\/strong> und bieten ein ausgewogenes Dampferlebnis.<\/p>\n<p>Dank der modernen <strong>Mesh-Technologie<\/strong> wird das Liquid gleichm\u00e4\u00dfig erhitzt, was zu einer verbesserten Aromaentfaltung und einer l\u00e4ngeren Lebensdauer der Coils f\u00fchrt.<\/p>\n<h3>Produktdetails<\/h3>\n<ul>\n<li>Original BP MODS TMD Mesh Coils<\/li>\n<li>Mesh-Coil f\u00fcr gleichm\u00e4\u00dfige Verdampfung<\/li>\n<li>Intensiver Geschmack und stabile Leistung<\/li>\n<li>Geeignet f\u00fcr RDL Dampfen<\/li>\n<li>Langlebig und zuverl\u00e4ssig<\/li>\n<\/ul>\n<h3>Donn\u00e9es techniques<\/h3>\n<ul>\n<li>Modell: TMD 0,55 Ohm Pro Coil<\/li>\n<li>Widerstand: 0,55 Ohm<\/li>\n<li>Leistungsbereich: 28 &#8211; 35 Watt<\/li>\n<li>Einsatzbereich: RDL (restriktiver Lungenzug)<\/li>\n<\/ul>\n<h3>Kompatibilit\u00e4t<\/h3>\n<ul>\n<li>BP Mods Lightsaber<\/li>\n<li>Voopoo PnP 2 Pod<\/li>\n<li>Voopoo PnP Pod Tank<\/li>\n<\/ul>\n<h3>Contenu de la livraison<\/h3>\n<ul>\n<li>1 x 5er Pack BP MODS TMD Mesh Coils 0,55 Ohm<\/li>\n<\/ul>\n<h3>Jugendschutz<\/h3>\n<p>Dieses Angebot richtet sich ausschlie\u00dflich an vollj\u00e4hrige Personen. Die Abgabe an Kinder und Jugendliche ist gesetzlich verboten. Ein Kaufvertrag kommt nur nach erfolgreicher Alterspr\u00fcfung zustande. Bei der Zustellung erfolgt zus\u00e4tzlich eine Alterskontrolle.<\/p>","protected":false},"excerpt":{"rendered":"<p>BP MODS TMD Mesh Coils 0,55 Ohm \u2013 5er Pack<\/p>","protected":false},"featured_media":325030,"comment_status":"closed","ping_status":"closed","template":"","meta":{"_acf_changed":false,"_relevanssi_hide_post":"","_relevanssi_hide_content":"","_relevanssi_pin_for_all":"","_relevanssi_pin_keywords":"","_relevanssi_unpin_keywords":"","_relevanssi_related_keywords":"","_relevanssi_related_include_ids":"","_relevanssi_related_exclude_ids":"","_relevanssi_related_no_append":"","_relevanssi_related_not_related":"","_relevanssi_related_posts":"","_relevanssi_noindex_reason":""},"product_brand":[],"product_cat":[4856,4778],"product_tag":[],"class_list":{"0":"post-325029","1":"product","2":"type-product","3":"status-publish","4":"has-post-thumbnail","6":"product_cat-lager-verkauf","7":"product_cat-verdampferkoepfe","8":"product_shipping_class-standard","10":"first","11":"instock","12":"featured","13":"taxable","14":"shipping-taxable","15":"purchasable","16":"product-type-simple"},"acf":[],"_links":{"self":[{"href":"https:\/\/my-eliquid.de\/fr\/wp-json\/wp\/v2\/product\/325029","targetHints":{"allow":["GET"]}}],"collection":[{"href":"https:\/\/my-eliquid.de\/fr\/wp-json\/wp\/v2\/product"}],"about":[{"href":"https:\/\/my-eliquid.de\/fr\/wp-json\/wp\/v2\/types\/product"}],"replies":[{"embeddable":true,"href":"https:\/\/my-eliquid.de\/fr\/wp-json\/wp\/v2\/comments?post=325029"}],"wp:featuredmedia":[{"embeddable":true,"href":"https:\/\/my-eliquid.de\/fr\/wp-json\/wp\/v2\/media\/325030"}],"wp:attachment":[{"href":"https:\/\/my-eliquid.de\/fr\/wp-json\/wp\/v2\/media?parent=325029"}],"wp:term":[{"taxonomy":"product_brand","embeddable":true,"href":"https:\/\/my-eliquid.de\/fr\/wp-json\/wp\/v2\/product_brand?post=325029"},{"taxonomy":"product_cat","embeddable":true,"href":"https:\/\/my-eliquid.de\/fr\/wp-json\/wp\/v2\/product_cat?post=325029"},{"taxonomy":"product_tag","embeddable":true,"href":"https:\/\/my-eliquid.de\/fr\/wp-json\/wp\/v2\/product_tag?post=325029"}],"curies":[{"name":"wp","href":"https:\/\/api.w.org\/{rel}","templated":true}]}}