{"id":325033,"date":"2026-04-17T13:52:08","date_gmt":"2026-04-17T11:52:08","guid":{"rendered":"https:\/\/my-eliquid.de\/shop\/smok-mico-pod-1-4-ohm-3er-packung\/"},"modified":"2026-04-17T13:55:08","modified_gmt":"2026-04-17T11:55:08","slug":"smok-mico-pod-1-4-ohm-3er-packung","status":"publish","type":"product","link":"https:\/\/my-eliquid.de\/fr\/shop\/smok-mico-pod-1-4-ohm-3er-packung\/","title":{"rendered":"SMOK MICO Pod 1.4 Ohm 3er Packung"},"content":{"rendered":"<h2>SMOK MICO Pods 1,4 Ohm Ceramic Coil \u2013 3er Pack<\/h2>\n<p>Les <strong>SMOK MICO Pods<\/strong> mit integrierter <strong>1,4 Ohm Keramik-Coil<\/strong> sind speziell f\u00fcr das <strong>SMOK MICO Kit<\/strong> entwickelt und bieten ein angenehmes sowie geschmackvolles MTL-Dampferlebnis.<\/p>\n<p>Dank der <strong>Keramikspule<\/strong> \u00fcberzeugen die Pods durch eine hohe Temperaturbest\u00e4ndigkeit, eine besonders lange Lebensdauer und eine gleichm\u00e4\u00dfige Verdampfung des Liquids.<\/p>\n<p>Mit einem F\u00fcllvolumen von <strong>1,7 ml<\/strong> sind die Pods ideal f\u00fcr den t\u00e4glichen Einsatz geeignet.<\/p>\n<h3>Produktdetails<\/h3>\n<ul>\n<li>Original SMOK MICO Pods<\/li>\n<li>Integrierte Keramik-Coil (1,4 Ohm)<\/li>\n<li>Hohe Langlebigkeit durch Keramik-Technologie<\/li>\n<li>Gleichm\u00e4\u00dfige Verdampfung<\/li>\n<li>Ideal f\u00fcr MTL (Mund-zu-Lunge)<\/li>\n<\/ul>\n<h3>Donn\u00e9es techniques<\/h3>\n<ul>\n<li>Widerstand: 1,4 Ohm<\/li>\n<li>Kapazit\u00e4t: 1,7 ml<\/li>\n<li>Coil-Typ: Keramik<\/li>\n<\/ul>\n<h3>Kompatibilit\u00e4t<\/h3>\n<ul>\n<li>SMOK MICO Kit<\/li>\n<\/ul>\n<h3>Contenu de la livraison<\/h3>\n<ul>\n<li>3 x SMOK MICO Pod mit 1,4 Ohm Ceramic Coil<\/li>\n<\/ul>\n<h3>Jugendschutz<\/h3>\n<p>Dieses Angebot richtet sich ausschlie\u00dflich an vollj\u00e4hrige Personen. Die Abgabe an Kinder und Jugendliche ist gesetzlich verboten. Ein Kaufvertrag kommt nur nach erfolgreicher Alterspr\u00fcfung zustande. Bei der Zustellung erfolgt zus\u00e4tzlich eine Alterskontrolle.<\/p>","protected":false},"excerpt":{"rendered":"<p>SMOK MICO Pods 1,4 Ohm Ceramic Coil \u2013 3er Pack<\/p>","protected":false},"featured_media":325034,"comment_status":"closed","ping_status":"closed","template":"","meta":{"_acf_changed":false,"_relevanssi_hide_post":"","_relevanssi_hide_content":"","_relevanssi_pin_for_all":"","_relevanssi_pin_keywords":"","_relevanssi_unpin_keywords":"","_relevanssi_related_keywords":"","_relevanssi_related_include_ids":"","_relevanssi_related_exclude_ids":"","_relevanssi_related_no_append":"","_relevanssi_related_not_related":"","_relevanssi_related_posts":"","_relevanssi_noindex_reason":""},"product_brand":[],"product_cat":[4793,4778],"product_tag":[],"class_list":{"0":"post-325033","1":"product","2":"type-product","3":"status-publish","4":"has-post-thumbnail","6":"product_cat-e-zigaretten-liquid-basen-aroma-vape-sale","7":"product_cat-verdampferkoepfe","8":"product_shipping_class-standard","10":"first","11":"instock","12":"taxable","13":"shipping-taxable","14":"purchasable","15":"product-type-simple"},"acf":[],"_links":{"self":[{"href":"https:\/\/my-eliquid.de\/fr\/wp-json\/wp\/v2\/product\/325033","targetHints":{"allow":["GET"]}}],"collection":[{"href":"https:\/\/my-eliquid.de\/fr\/wp-json\/wp\/v2\/product"}],"about":[{"href":"https:\/\/my-eliquid.de\/fr\/wp-json\/wp\/v2\/types\/product"}],"replies":[{"embeddable":true,"href":"https:\/\/my-eliquid.de\/fr\/wp-json\/wp\/v2\/comments?post=325033"}],"wp:featuredmedia":[{"embeddable":true,"href":"https:\/\/my-eliquid.de\/fr\/wp-json\/wp\/v2\/media\/325034"}],"wp:attachment":[{"href":"https:\/\/my-eliquid.de\/fr\/wp-json\/wp\/v2\/media?parent=325033"}],"wp:term":[{"taxonomy":"product_brand","embeddable":true,"href":"https:\/\/my-eliquid.de\/fr\/wp-json\/wp\/v2\/product_brand?post=325033"},{"taxonomy":"product_cat","embeddable":true,"href":"https:\/\/my-eliquid.de\/fr\/wp-json\/wp\/v2\/product_cat?post=325033"},{"taxonomy":"product_tag","embeddable":true,"href":"https:\/\/my-eliquid.de\/fr\/wp-json\/wp\/v2\/product_tag?post=325033"}],"curies":[{"name":"wp","href":"https:\/\/api.w.org\/{rel}","templated":true}]}}