{"id":151634,"date":"2025-03-25T13:08:16","date_gmt":"2025-03-25T12:08:16","guid":{"rendered":"https:\/\/melvx.my-eliquid.de\/?page_id=151634"},"modified":"2025-04-08T00:18:11","modified_gmt":"2025-04-07T22:18:11","slug":"informationspflicht-gem-art-12-ff-eu-dsgvo","status":"publish","type":"page","link":"https:\/\/my-eliquid.de\/it\/informationspflicht-gem-art-12-ff-eu-dsgvo\/","title":{"rendered":"Obbligo di fornire informazioni ai sensi dell'art. 12 e segg. del GDPR UE"},"content":{"rendered":"<div class=\"wpb-content-wrapper\"><div class=\"vc_row wpb_row vc_row-fluid\"><div class=\"wpb_column vc_column_container vc_col-sm-12\"><div class=\"vc_column-inner\"><div class=\"wpb_wrapper\">\n\t<div class=\"wpb_text_column wpb_content_element vc_custom_1742904488830 text-larger\" >\n\t\t<div class=\"wpb_wrapper\">\n\t\t\t<div class=\"main\">\n<div class=\"cols-outer\">\n<div class=\"cols\">\n<div class=\"col-main\">\n<div class=\"std\">\n<p>Al fine di adempiere ai nostri obblighi di informazione ai sensi degli articoli 12 e seguenti del Regolamento generale sulla protezione dei dati (RGPD), di seguito vi forniamo le nostre informazioni sulla protezione dei dati: <strong>Chi \u00e8 responsabile del trattamento dei dati?<\/strong> Il responsabile ai sensi della legge sulla protezione dei dati \u00e8 my-eLiquid @ Markus Steiner &amp; Stephan Steiner GbR \u2013 Adam-Geisler-Stra\u00dfe 3 \u2013 82140 Olching Ulteriori informazioni sulla nostra azienda sono disponibili nell'impressum del sito web: <a href=\"https:\/\/my-eliquid.de\/it\/impressum\/\">https:\/\/www.my-eliquid.de\/impressum\/<\/a> <strong>Finalit\u00e0 del trattamento e base giuridica<\/strong> I dati che ci avete trasmesso saranno da noi trattati esclusivamente per gli scopi per cui sono stati trasmessi o raccolti. Il trattamento dei dati per altri scopi \u00e8 possibile solo se sussistono i requisiti legali previsti dall'art. 6, comma 4 del GDPR. In questi casi, rispetteremo gli eventuali obblighi di informazione ai sensi dell'art. 13, comma 3 del GDPR e dell'art. 14, comma 4 del GDPR. La base giuridica per il trattamento dei vostri dati personali \u00e8 costituita dall'art. 6 del GDPR. Sono possibili le seguenti opzioni:<\/p>\n<ul>\n<li>Consenso (art. 6, comma 1, lett. a) GDPR)<\/li>\n<li>Trattamento dei dati per l'adempimento dei contratti (art. 6, comma 1, lett. b) GDPR<\/li>\n<li>Trattamento dei dati sulla base di una ponderazione degli interessi (art. 6, comma 1, lett. f) GDPR)<\/li>\n<li>Trattamento dei dati per l'adempimento di un obbligo legale (art. 6, comma 1, lett. c) GDPR)<\/li>\n<\/ul>\n<p>Se i dati personali vengono trattati sulla base del vostro consenso, avete il diritto di revocare tale consenso in qualsiasi momento. Se i dati vengono trattati sulla base di una ponderazione degli interessi, in qualit\u00e0 di interessati avete il diritto di opporvi al trattamento dei dati personali, tenendo conto delle disposizioni dell'art. 21 del GDPR. <strong>Durata della conservazione dei dati<\/strong> I vostri dati saranno da noi trattati per tutto il tempo necessario al raggiungimento dello scopo previsto. Qualora sussistano obblighi di conservazione previsti dalla legge, i dati personali in questione saranno conservati per tutta la durata dell'obbligo di conservazione. Alla scadenza dell'obbligo di conservazione, verr\u00e0 verificata l'ulteriore necessit\u00e0 del trattamento. In caso di mancata necessit\u00e0, i dati saranno cancellati. Avete il diritto di ottenere informazioni sui dati personali da noi memorizzati e di richiederne la cancellazione o la limitazione del trattamento. <strong>Trasmissione dei vostri dati a terzi<\/strong> La trasmissione dei vostri dati personali a terzi avviene solo se necessario per l'esecuzione del contratto con voi, se la trasmissione \u00e8 consentita sulla base di una ponderazione degli interessi ai sensi dell'art. 6 comma 1 lett. f) RGPD, se sussiste un obbligo legale di trasmissione o se avete dato il vostro consenso. <strong>Trasmissione a paesi terzi<\/strong> Trattiamo i vostri dati personali esclusivamente nella Repubblica Federale Tedesca. <strong>Informazioni sui tuoi diritti in qualit\u00e0 di interessato<\/strong> Avete il diritto di ottenere informazioni sui dati personali che vi riguardano da noi trattati. A seconda della forma della richiesta, potremmo richiedervi ulteriori prove della vostra identit\u00e0. Avete il diritto di rettificare o cancellare o limitare il trattamento dei vostri dati personali, nella misura in cui ci\u00f2 vi sia consentito dalla legge. Avete inoltre il diritto di opporvi al trattamento dei dati nell'ambito delle disposizioni di legge. Lo stesso vale per il diritto alla portabilit\u00e0 dei dati. Avete il diritto di opporvi ai sensi dell'art. 21, commi 1 e 2 del GDPR e potete revocare in qualsiasi momento i consensi correlati. <strong>Il nostro responsabile della protezione dei dati<\/strong> Non \u00e8 stato nominato alcun responsabile della protezione dei dati presso il fornitore, poich\u00e9 non sussiste l'obbligo previsto dall'art. 37, comma 1 del GDPR e dal \u00a7 38 della BDSG (nuova versione). <strong>diritto di ricorso<\/strong> Avete il diritto di presentare reclamo in merito al trattamento dei dati personali presso l'autorit\u00e0 di controllo competente per la protezione dei dati. L'indirizzo dell'autorit\u00e0 competente per noi \u00e8: Il garante regionale per la protezione dei dati e la libert\u00e0 di informazione della Baviera<\/p>\n<table>\n<tbody>\n<tr>\n<td>Wagm\u00fcllerstra\u00dfe 18, 80538 Monaco di Baviera, Tel. 089 212672-0, Fax<\/td>\n<td>089 212672-50<\/td>\n<\/tr>\n<\/tbody>\n<\/table>\n<p>E-mail <a href=\"mailto:poststelle@datenschutz-bayern.de\">poststelle@datenschutz-bayern.de<\/a>, Web https:\/\/www.datenschutz-bayern.de\/ Aggiornato al: 06\/06\/2018<\/p>\n<\/div>\n<\/div>\n<\/div>\n<\/div>\n<\/div>\n\n\t\t<\/div>\n\t<\/div>\n<\/div><\/div><\/div><\/div>\n<\/div>","protected":false},"excerpt":{"rendered":"Um unsere Informationspflichten nach den Art. 12 ff. der Datenschutzgrund-verordnung (DSGVO) zu erf\u00fcllen, stellen wir Ihnen nachfolgend hier unsere Informationen","protected":false},"author":1,"featured_media":0,"parent":0,"menu_order":0,"comment_status":"closed","ping_status":"closed","template":"","meta":{"_acf_changed":false,"_relevanssi_hide_post":"","_relevanssi_hide_content":"","_relevanssi_pin_for_all":"","_relevanssi_pin_keywords":"","_relevanssi_unpin_keywords":"","_relevanssi_related_keywords":"","_relevanssi_related_include_ids":"","_relevanssi_related_exclude_ids":"","_relevanssi_related_no_append":"","_relevanssi_related_not_related":"","_relevanssi_related_posts":"","_relevanssi_noindex_reason":"","footnotes":""},"class_list":["post-151634","page","type-page","status-publish","hentry"],"acf":[],"_links":{"self":[{"href":"https:\/\/my-eliquid.de\/it\/wp-json\/wp\/v2\/pages\/151634","targetHints":{"allow":["GET"]}}],"collection":[{"href":"https:\/\/my-eliquid.de\/it\/wp-json\/wp\/v2\/pages"}],"about":[{"href":"https:\/\/my-eliquid.de\/it\/wp-json\/wp\/v2\/types\/page"}],"author":[{"embeddable":true,"href":"https:\/\/my-eliquid.de\/it\/wp-json\/wp\/v2\/users\/1"}],"replies":[{"embeddable":true,"href":"https:\/\/my-eliquid.de\/it\/wp-json\/wp\/v2\/comments?post=151634"}],"version-history":[{"count":0,"href":"https:\/\/my-eliquid.de\/it\/wp-json\/wp\/v2\/pages\/151634\/revisions"}],"wp:attachment":[{"href":"https:\/\/my-eliquid.de\/it\/wp-json\/wp\/v2\/media?parent=151634"}],"curies":[{"name":"wp","href":"https:\/\/api.w.org\/{rel}","templated":true}]}}