{"id":151645,"date":"2025-03-25T13:14:48","date_gmt":"2025-03-25T12:14:48","guid":{"rendered":"https:\/\/melvx.my-eliquid.de\/?page_id=151645"},"modified":"2025-04-08T00:10:51","modified_gmt":"2025-04-07T22:10:51","slug":"batterieverordnung","status":"publish","type":"page","link":"https:\/\/my-eliquid.de\/it\/batterieverordnung\/","title":{"rendered":"Ordinanza sulle batterie"},"content":{"rendered":"<div class=\"wpb-content-wrapper\"><div data-vc-full-width=\"true\" data-vc-full-width-temp=\"true\" data-vc-full-width-init=\"false\" class=\"vc_row wpb_row vc_row-fluid vc_custom_1744063754198 wd-rs-67f44d05d7e1a\"><div class=\"wpb_column vc_column_container vc_col-sm-6 vc_col-sm-offset-3\"><div class=\"vc_column-inner vc_custom_1527239539599\"><div class=\"wpb_wrapper\">\n\t\t<div id=\"wd-67e29e22e5812\" class=\"title-wrapper wd-wpb wd-set-mb reset-last-child  wd-rs-67e29e22e5812 wd-title-color-default wd-title-style-default text-center vc_custom_1742904873270 wd-underline-colored\">\n\t\t\t\n\t\t\t<div class=\"liner-continer\">\n\t\t\t\t<h3 class=\"woodmart-title-container title  wd-font-weight- wd-fontsize-l\" >Altger\u00e4te-entsorgung \/ Batteriegesetz (BattG)<\/h3>\n\t\t\t\t\t\t\t<\/div>\n\t\t\t\n\t\t\t\n\t\t\t\n\t\t<\/div>\n\t\t\n\t\t\n\t<div class=\"wpb_text_column wpb_content_element vc_custom_1742904885239 text-larger\" >\n\t\t<div class=\"wpb_wrapper\">\n\t\t\t<h2>Hinweis Zur Altger\u00e4te-entsorgung<\/h2>\n<p>Elektro-Altger\u00e4te d\u00fcrfen nicht mit dem Hausm\u00fcll entsorgt werden! Seit dem 24.03.2006 m\u00fcssen alle Elektro-Altger\u00e4te (Kabel oder Batterien) einer getrennten Sammlung zugef\u00fchrt werden. Die R\u00fcckgabe ist f\u00fcr den privaten Haushalt bei den kommunalen Sammelstellen kostenfrei. Die Adressen und \u00d6ffnungszeiten der kommunalen Sammelstellen erfahren Sie von Ihrer Stadt oder Gemeinde.<\/p>\n<p>Diese Regelung gilt f\u00fcr alle Elektro- und Elektronikger\u00e4te.<\/p>\n<p>my-eLiquid Steiner &amp; Steiner GbR hat die angebotenen Marken unter der WEEE-Reg.-Nr. DE 13603770 registriert.<\/p>\n<h2>Hinweise zur Batterieentsorgung<\/h2>\n<p>Im Zusammenhang mit dem Vertrieb von Batterien oder mit der Lieferung von Ger\u00e4ten, die Batterien enthalten, ist der Verk\u00e4ufer verpflichtet, Sie auf Folgendes hinzuweisen:<\/p>\n<p>Sie sind zur R\u00fcckgabe gebrauchter Batterien als Endnutzer gesetzlich verpflichtet. Sie k\u00f6nnen Batterien nach Gebrauch an den Verk\u00e4ufer oder in den daf\u00fcr vorgesehenen R\u00fccknahmestellen (z.B. in Kommunalen Sammelstellen oder im Handel) unentgeltlich zur\u00fcckgeben. Sie k\u00f6nnen die Batterien auch per Post an den Verk\u00e4ufer zur\u00fccksenden. Der Verk\u00e4ufer erstattet Ihnen auf jeden Fall das Briefporto f\u00fcr den R\u00fcckversand Ihrer Altbatterie. Die auf den Batterien abgebildeten Symbole haben folgende Bedeutung:<\/p>\n<p><strong>Batterie darf nicht in den Hausm\u00fcll gegeben werden<\/strong><\/p>\n<p><img decoding=\"async\" title=\"Nicht im Hausm\u00fcll entsorgen\" src=\"https:\/\/www.my-eliquid.de\/media\/wysiwyg\/batterie_symbol.jpg\" alt=\"Batterieverordnung Entsorgung\" \/><br \/>\nPb = Batterie enth\u00e4lt mehr als 0,004 Masseprozent Blei<br \/>\nCd = Batterie enth\u00e4lt mehr als 0,002 Masseprozent Cadmium<br \/>\nHg = Batterie enth\u00e4lt mehr als 0,0005 Masseprozent Quecksilber<\/p>\n<p>Bitte beachten Sie die vorstehenden Hinweise.<\/p>\n\n\t\t<\/div>\n\t<\/div>\n<\/div><\/div><\/div><\/div><div class=\"vc_row-full-width vc_clearfix\"><\/div><div class=\"vc_row wpb_row vc_row-fluid vc_custom_1744063849668 vc_row-has-fill wd-rs-67f44d645eeb9\"><div class=\"wpb_column vc_column_container vc_col-sm-12\"><div class=\"vc_column-inner vc_custom_1527238251732\"><div class=\"wpb_wrapper\">\t\t\t<div id=\"wd-5d15f0389e012\" class=\"wd-text-block-wrapper wd-wpb wd-rs-5d15f0389e012 color-scheme-dark text-left vc_custom_1561718650309\">\n\t\t\t\t<div class=\"woodmart-title-container woodmart-text-block reset-last-child font-primary wd-font-weight-600\">\n\t\t\t\t\t<\/p>\n<h2>Quellenangaben f\u00fcr die verwendeten Bilder und Grafiken:<\/h2>\n<p>\t\t\t\t<\/div>\n\n\t\t\t\t\t\t\t<\/div>\n\t\t\n\t<div class=\"wpb_text_column wpb_content_element vc_custom_1561718679041 text-larger\" >\n\t\t<div class=\"wpb_wrapper\">\n\t\t\t<p>pexels.com<\/p>\n<p>unsplash.com<\/p>\n<p>pixabay.com<\/p>\n<p>flavor-world.com<\/p>\n\n\t\t<\/div>\n\t<\/div>\n<\/div><\/div><\/div><\/div>\n<\/div>","protected":false},"excerpt":{"rendered":"Altger\u00e4te-entsorgung \/ Batteriegesetz (BattG) Hinweis Zur Altger\u00e4te-entsorgung Elektro-Altger\u00e4te d\u00fcrfen nicht mit dem Hausm\u00fcll entsorgt werden! Seit dem 24.03.2006 m\u00fcssen alle","protected":false},"author":1,"featured_media":0,"parent":0,"menu_order":0,"comment_status":"closed","ping_status":"closed","template":"","meta":{"_acf_changed":false,"_relevanssi_hide_post":"","_relevanssi_hide_content":"","_relevanssi_pin_for_all":"","_relevanssi_pin_keywords":"","_relevanssi_unpin_keywords":"","_relevanssi_related_keywords":"","_relevanssi_related_include_ids":"","_relevanssi_related_exclude_ids":"","_relevanssi_related_no_append":"","_relevanssi_related_not_related":"","_relevanssi_related_posts":"","_relevanssi_noindex_reason":"","footnotes":""},"class_list":["post-151645","page","type-page","status-publish","hentry"],"acf":[],"_links":{"self":[{"href":"https:\/\/my-eliquid.de\/it\/wp-json\/wp\/v2\/pages\/151645","targetHints":{"allow":["GET"]}}],"collection":[{"href":"https:\/\/my-eliquid.de\/it\/wp-json\/wp\/v2\/pages"}],"about":[{"href":"https:\/\/my-eliquid.de\/it\/wp-json\/wp\/v2\/types\/page"}],"author":[{"embeddable":true,"href":"https:\/\/my-eliquid.de\/it\/wp-json\/wp\/v2\/users\/1"}],"replies":[{"embeddable":true,"href":"https:\/\/my-eliquid.de\/it\/wp-json\/wp\/v2\/comments?post=151645"}],"version-history":[{"count":0,"href":"https:\/\/my-eliquid.de\/it\/wp-json\/wp\/v2\/pages\/151645\/revisions"}],"wp:attachment":[{"href":"https:\/\/my-eliquid.de\/it\/wp-json\/wp\/v2\/media?parent=151645"}],"curies":[{"name":"wp","href":"https:\/\/api.w.org\/{rel}","templated":true}]}}