{"id":157379,"date":"2018-09-25T00:00:00","date_gmt":"2018-09-24T22:00:00","guid":{"rendered":"https:\/\/melvx.my-eliquid.de\/shop\/my-eliquid-sortiment\/ezigaretten-zubehoer\/flaschen-aufbewahrung\/squeezy-dropperbottle-100ml\/"},"modified":"2026-04-08T09:43:22","modified_gmt":"2026-04-08T07:43:22","slug":"squeezy-dropperbottle-100ml","status":"publish","type":"product","link":"https:\/\/my-eliquid.de\/it\/shop\/squeezy-dropperbottle-100ml\/","title":{"rendered":"Flacone Squeezy LD-PE da 100 ml per eLiquids con contagocce e tappo a vite"},"content":{"rendered":"<p>F\u00fcr Ihre eigene <strong>DIY eLiquid Herstellung<\/strong> il diritto <strong>Bottiglia in LD-PE<\/strong> flacone contagocce <strong>100 ml<\/strong> con <strong>Tropf-Dosierer<\/strong> und Verschlusskappe wei\u00df. Ideal zum mischen und abf\u00fcllen.<br \/>\nBeachten Sie den Hinweis am Ende des Textes.<br \/>\nDie Flasche ist leicht milchig und sch\u00fctzt besser vor Sonnenlicht. Sie l\u00e4sst aber den <strong>F\u00fcllstand<\/strong> sehr gut erkennen. Das Material ist weicher als bei den Klarflaschen. Somit k\u00f6nnen Sie durch leichtes Zusammendr\u00fccken ihre <strong>Liquidi<\/strong> besser <strong>dosieren<\/strong>.<\/p>\n<p>Bitte Schneiden Sie bei dem Dropper die 4 Nasen ab damit dieser nicht im Deckel h\u00e4ngen bleibt.\u00a0(die 4 Nasen werden f\u00fcr eine Vollautomatische Produktionsstrasse ben\u00f6tigt).<\/p>","protected":false},"excerpt":{"rendered":"<p><strong>Bottiglia in LD-PE<\/strong> flacone contagocce <strong>100 ml<\/strong> Dosatore a goccia e <strong>tappo di chiusura<\/strong>. Ideale per miscelare, imbottigliare o <strong>produrre<\/strong> da <strong>Liquidi elettronici<\/strong> con aromi per sigarette elettroniche.<\/p>","protected":false},"featured_media":319534,"comment_status":"open","ping_status":"closed","template":"","meta":{"_acf_changed":false,"_relevanssi_hide_post":"","_relevanssi_hide_content":"","_relevanssi_pin_for_all":"","_relevanssi_pin_keywords":"","_relevanssi_unpin_keywords":"","_relevanssi_related_keywords":"","_relevanssi_related_include_ids":"","_relevanssi_related_exclude_ids":"","_relevanssi_related_no_append":"","_relevanssi_related_not_related":"","_relevanssi_related_posts":"","_relevanssi_noindex_reason":""},"product_brand":[],"product_cat":[4717,4699],"product_tag":[7541,5124,6717,6728,6730,6726,4983,6732,6727,6725,4982],"class_list":{"0":"post-157379","1":"product","2":"type-product","3":"status-publish","4":"has-post-thumbnail","6":"product_cat-flaschen-aufbewahrung","7":"product_cat-ezigaretten-zubehoer","8":"product_tag-7541","9":"product_tag-basen","10":"product_tag-diy","11":"product_tag-dropperbottle","12":"product_tag-eliquids","13":"product_tag-flasche","14":"product_tag-flaschen","15":"product_tag-ml","16":"product_tag-pe","17":"product_tag-squeezy","18":"product_tag-zubehoer","19":"product_shipping_class-standard","20":"pa_ageverification-nein","21":"pa_country_of_manufacture-de","22":"pa_filling_quantity-100ml","23":"pa_generate_meta-nein","24":"pa_product_suggestion-nein","25":"pa_product_type-8_zubehor","26":"pa_product_weight-4218","27":"pa_weight-0_04","29":"first","30":"instock","31":"taxable","32":"shipping-taxable","33":"purchasable","34":"product-type-simple"},"acf":[],"_links":{"self":[{"href":"https:\/\/my-eliquid.de\/it\/wp-json\/wp\/v2\/product\/157379","targetHints":{"allow":["GET"]}}],"collection":[{"href":"https:\/\/my-eliquid.de\/it\/wp-json\/wp\/v2\/product"}],"about":[{"href":"https:\/\/my-eliquid.de\/it\/wp-json\/wp\/v2\/types\/product"}],"replies":[{"embeddable":true,"href":"https:\/\/my-eliquid.de\/it\/wp-json\/wp\/v2\/comments?post=157379"}],"wp:featuredmedia":[{"embeddable":true,"href":"https:\/\/my-eliquid.de\/it\/wp-json\/wp\/v2\/media\/319534"}],"wp:attachment":[{"href":"https:\/\/my-eliquid.de\/it\/wp-json\/wp\/v2\/media?parent=157379"}],"wp:term":[{"taxonomy":"product_brand","embeddable":true,"href":"https:\/\/my-eliquid.de\/it\/wp-json\/wp\/v2\/product_brand?post=157379"},{"taxonomy":"product_cat","embeddable":true,"href":"https:\/\/my-eliquid.de\/it\/wp-json\/wp\/v2\/product_cat?post=157379"},{"taxonomy":"product_tag","embeddable":true,"href":"https:\/\/my-eliquid.de\/it\/wp-json\/wp\/v2\/product_tag?post=157379"}],"curies":[{"name":"wp","href":"https:\/\/api.w.org\/{rel}","templated":true}]}}