{"id":157601,"date":"2018-12-05T00:00:00","date_gmt":"2018-12-04T23:00:00","guid":{"rendered":"https:\/\/melvx.my-eliquid.de\/aroma-shop\/aromen\/chrismas-bash-aroma-fill-up-12-ml\/"},"modified":"2025-11-25T13:47:37","modified_gmt":"2025-11-25T12:47:37","slug":"chrismas-bash-aroma-fill-up-12-ml","status":"publish","type":"product","link":"https:\/\/my-eliquid.de\/it\/shop\/chrismas-bash-aroma-fill-up-12-ml\/","title":{"rendered":"Chrismas Bash! Aroma | 10 ml | Riempimento"},"content":{"rendered":"<p><strong>Preparatevi alla stagione delle feste!<\/strong><\/p>\n<p>Una delizia paradisiaca che dovete assolutamente provare.<\/p>\n<p>Ogni giorno ne vengono regalati alcuni...<\/p>\n<p>Se non ne avete ricevuto uno in regalo, non vogliamo privarvi di questo bel pezzo.<\/p>\n<p>Cos\u00ec ora potete acquistarlo senza dovervi recare nei nostri negozi.<\/p>\n<p>Dal profondo del nostro cuore, vi auguriamo un sereno periodo natalizio illuminato dalle candele!<\/p>\n<p>Ora il sapore, ben confezionato:<\/p>\n<p>A <strong>Vin brul\u00e8<\/strong> non deve essere perso in questo momento, vi lascer\u00e0 senza fiato!<\/p>\n<p>Raffinato con <strong>Cannella<\/strong> e <strong>Arancia, dolce<\/strong> e <strong>fresco.<\/strong><\/p>\n<p>E dal <strong>Un bicchierino di rum<\/strong> non stai certo mentendo sotto il tavolo!<\/p>\n<p>Potete godervela in tutta tranquillit\u00e0, perch\u00e9 il periodo natalizio finir\u00e0 in men che non si dica!<\/p>\n<p><strong>Una meravigliosa composizione Nella migliore alternativa.<\/strong><\/p>\n<p>Come <strong>Riempimento<\/strong> dipende da quale base riempire. 48 ml vengono consegnati a <strong>Base<\/strong> richiesto.<\/p>\n<p>O 1 volta la nostra offerta bundle o semplicemente acquistare una base zero, rabboccare, agitare e il gioco \u00e8 fatto. <strong>60 ml di liquido delizioso pronto all'uso!<\/strong><\/p>\n<p><strong>Ambito di fornitura:\u00a0<\/strong><\/p>\n<p><strong>\u00a01x 12 ml di aroma Chrismas Bash in bottiglia Chubby da 60 ml<\/strong><\/p>","protected":false},"excerpt":{"rendered":"<p>A<strong>\u00a0Vin brul\u00e8<\/strong>\u00a0non dovrebbe mancare in questo momento, vi lascer\u00e0 senza fiato! Raffinato con\u00a0<strong>Cannella ,<\/strong>\u00a0<strong>Arancia dolce<\/strong>\u00a0e\u00a0<strong>fresco<\/strong> e dal\u00a0<strong>Un bicchierino di rum<\/strong>\u00a0non stai certo mentendo sotto il tavolo!<\/p>","protected":false},"featured_media":319301,"comment_status":"open","ping_status":"closed","template":"","meta":{"_acf_changed":false,"_relevanssi_hide_post":"","_relevanssi_hide_content":"","_relevanssi_pin_for_all":"","_relevanssi_pin_keywords":"","_relevanssi_unpin_keywords":"","_relevanssi_related_keywords":"","_relevanssi_related_include_ids":"","_relevanssi_related_exclude_ids":"","_relevanssi_related_no_append":"","_relevanssi_related_not_related":"","_relevanssi_related_posts":"","_relevanssi_noindex_reason":""},"product_brand":[4564],"product_cat":[4701,4845,4792,4722,4843,4712,4707,4793],"product_tag":[6990,1399,6847,7590,1391,7589,6991,5562,5805,5792,6732,6885,5310,5226,6584,6992],"class_list":{"0":"post-157601","1":"product","2":"type-product","3":"status-publish","4":"has-post-thumbnail","6":"product_brand-my-eliquid","7":"product_cat-aromen","8":"product_cat-fill-up-aroma","9":"product_cat-neue-aromen","10":"product_cat-neuheiten","11":"product_cat-on-rop","12":"product_cat-special-aromen-liquid-e-zigarette","13":"product_cat-suesse-aromen-liquid-e-zigarette","14":"product_cat-e-zigaretten-liquid-basen-aroma-vape-sale","15":"product_tag-6990","16":"product_tag-aroma","17":"product_tag-aromen","18":"product_tag-bash","19":"product_tag-bitte","20":"product_tag-chrismas","21":"product_tag-fill","22":"product_tag-fill-up","23":"product_tag-liquid","24":"product_tag-liquids","25":"product_tag-ml","26":"product_tag-neue","27":"product_tag-neuheiten","28":"product_tag-special","29":"product_tag-suesse","30":"product_tag-up","31":"product_shipping_class-standard","32":"pa_ageverification-ja","33":"pa_faq-product_aroma_faq","34":"pa_filling_quantity-10ml","35":"pa_flavour_art-frucht","36":"pa_generate_meta-nein","37":"pa_ghs_gefahrenbezeichnung-achtung","38":"pa_ghs_hsatz-ba-h302gesundheitsschadlichbe","39":"pa_ghs_hsatz-34-h319verursachtschwereaugen","40":"pa_ghs_hsatz-h335kanndieatemwegereizen_","41":"pa_ghs_signalwort-achtung","42":"pa_info1-e7-product_aroma_kurzbeschrei","43":"pa_info2-product_aroma_beschreibung","44":"pa_manufacturer-my_eliquid","45":"pa_mindesthaltbarkeit-24monate","46":"pa_mixture_ratio-pg50_vg50","47":"pa_nicotin-n_a","48":"pa_product_suggestion-nein","49":"pa_product_type-11_fillup_eigenprodukte","50":"pa_product_weight-4217","51":"pa_special_products-neu","52":"pa_weight-0_04","54":"first","55":"instock","56":"taxable","57":"shipping-taxable","58":"purchasable","59":"product-type-simple"},"acf":[],"_links":{"self":[{"href":"https:\/\/my-eliquid.de\/it\/wp-json\/wp\/v2\/product\/157601","targetHints":{"allow":["GET"]}}],"collection":[{"href":"https:\/\/my-eliquid.de\/it\/wp-json\/wp\/v2\/product"}],"about":[{"href":"https:\/\/my-eliquid.de\/it\/wp-json\/wp\/v2\/types\/product"}],"replies":[{"embeddable":true,"href":"https:\/\/my-eliquid.de\/it\/wp-json\/wp\/v2\/comments?post=157601"}],"wp:featuredmedia":[{"embeddable":true,"href":"https:\/\/my-eliquid.de\/it\/wp-json\/wp\/v2\/media\/319301"}],"wp:attachment":[{"href":"https:\/\/my-eliquid.de\/it\/wp-json\/wp\/v2\/media?parent=157601"}],"wp:term":[{"taxonomy":"product_brand","embeddable":true,"href":"https:\/\/my-eliquid.de\/it\/wp-json\/wp\/v2\/product_brand?post=157601"},{"taxonomy":"product_cat","embeddable":true,"href":"https:\/\/my-eliquid.de\/it\/wp-json\/wp\/v2\/product_cat?post=157601"},{"taxonomy":"product_tag","embeddable":true,"href":"https:\/\/my-eliquid.de\/it\/wp-json\/wp\/v2\/product_tag?post=157601"}],"curies":[{"name":"wp","href":"https:\/\/api.w.org\/{rel}","templated":true}]}}