{"id":159567,"date":"2023-07-19T00:00:00","date_gmt":"2023-07-18T22:00:00","guid":{"rendered":"https:\/\/melvx.my-eliquid.de\/shop\/my-eliquid-sortiment\/liquids\/frucht-liquids-e-zigarette\/cherry-cola-nicsalz-liquid\/"},"modified":"2025-12-15T08:36:22","modified_gmt":"2025-12-15T07:36:22","slug":"cherry-cola-nicsalz-liquid","status":"publish","type":"product","link":"https:\/\/my-eliquid.de\/it\/shop\/cherry-cola-nicsalz-liquid\/","title":{"rendered":"Liquido ai sali di nicotina Cherry Cola"},"content":{"rendered":"<p><span>Immergetevi nel delizioso mondo del nostro <strong>Ciliegia Cola<\/strong> per <strong>Sigarette elettroniche<\/strong>. Questo e-liquid a base di sali di nicotina offre l'inconfondibile sapore di cola rinfrescante, perfettamente completato dal dolce aroma di ciliegie mature. Ogni boccata \u00e8 un invito a sedersi e a godersi il sapore dolce e acidulo, che ricorda le calde giornate estive e le fresche serate.<\/span><\/p>\n<p><span>Il nostro Cherry Cola \u00e8 pi\u00f9 di un semplice e-liquid: \u00e8 un'esperienza di gusto. La dolcezza della ciliegia e il pizzicore della cola si fondono in un'armonia perfetta che delizia le papille gustative a ogni boccata. Arricchito con sale di nicotina, questo e-liquid offre un rilascio di nicotina soddisfacente e un colpo di gola morbido, adatto sia ai principianti che ai vapers esperti.<\/span><\/p>\n<p><span>Che siate fan della frutta dolce o dei gusti classici delle bevande, la nostra Cherry Cola per sigarette elettroniche \u00e8 la scelta perfetta. Godetevi il gusto che vi ricorda la vostra limonata preferita nel vostro dispositivo per il vaping. Provatelo oggi stesso e lasciatevi incantare da questa esperienza di gusto unica.<\/span><\/p>\n<p><strong>Contenuto dell'aroma e-liquid - \"Cherry Cola\":<\/strong>\u00a0\u00a0 \u00a0Glicole propilenico (<strong>PG<\/strong>) E1520 (Ph. Eur.), <strong>Glicerina vegetale pura<\/strong> (VG) E422 (<strong>DAB<\/strong>), gusti, ordinare su richiesta <strong>con sale di nicotina<\/strong> in vari <strong>Punti di forza<\/strong>.<\/p>\n<p><strong><span>Liquidi ai sali di nicotina per la ricarica delle sigarette elettroniche. I sali di nicotina hanno un sapore molto pi\u00f9 neutro e sono pi\u00f9 delicati quando vengono inalati, in modo da eliminare la consueta nota amara e tagliente e da rendere quasi inesistente la sensazione di tosse.<\/span><\/strong><\/p>","protected":false},"excerpt":{"rendered":"<p><span>Provate una dolce esplosione di sapori con la nostra Cherry Cola per sigarette elettroniche. La miscela perfetta di cola classica e ciliegia succosa, arricchita con sale di nicotina, offre un'esperienza di vaping incomparabile.<\/span><\/p>","protected":false},"featured_media":319760,"comment_status":"open","ping_status":"closed","template":"","meta":{"_acf_changed":false,"_relevanssi_hide_post":"","_relevanssi_hide_content":"","_relevanssi_pin_for_all":"","_relevanssi_pin_keywords":"","_relevanssi_unpin_keywords":"","_relevanssi_related_keywords":"","_relevanssi_related_include_ids":"","_relevanssi_related_exclude_ids":"","_relevanssi_related_no_append":"","_relevanssi_related_not_related":"","_relevanssi_related_posts":"","_relevanssi_noindex_reason":""},"product_brand":[4564],"product_cat":[4731,4690,4880,4904,4791,4693],"product_tag":[4999,4919,4915,4914,5075,6508,6511,6509,6510,6512,6526,4920],"class_list":{"0":"post-159567","1":"product","2":"type-product","3":"status-publish","4":"has-post-thumbnail","6":"product_brand-my-eliquid","7":"product_cat-alle-liquids-fur-e-zigaretten","8":"product_cat-frucht-liquids-e-zigarette","9":"product_cat-liquids-ohne-sucralose","10":"product_cat-my-eliquid-nikotinsalz-liquid","11":"product_cat-neue-liquids","12":"product_cat-special-liquids-e-zigarette","13":"product_tag-cola","14":"product_tag-dampfer","15":"product_tag-e-liquid","16":"product_tag-eliquid","17":"product_tag-kirsche","18":"product_tag-liquidsalz","19":"product_tag-nicsalt","20":"product_tag-nicsalz","21":"product_tag-nikotinsalz","22":"product_tag-salt","23":"product_tag-sueskirsche","24":"product_tag-verdampfer","25":"product_shipping_class-standard","26":"pa_ageverification-ja","27":"pa_country_of_manufacture-de","28":"pa_faq-product_liquid_faq","29":"pa_filling_quantity-10ml","30":"pa_flasche-a8-tropferflaschemitsicherhei","31":"pa_flavour_art-frucht","32":"pa_generate_meta-nein","33":"pa_herkunftsland-16-unsererohstoffebeziehenwir","34":"pa_info1-49-product_liquid_kurzbeschre","35":"pa_info2-product_liquid_beschreibung","36":"pa_ingredients-a7-1_2_propandiol_propylengly","37":"pa_insi-product_liquid_insi","38":"pa_is_product_configurable-ja","39":"pa_manufacturer-my_eliquid","40":"pa_mindesthaltbarkeit-24monate","41":"pa_mixture_ratio-pg50_vg50","42":"pa_nicotin-10mg","43":"pa_nicotin-20mg","44":"pa_product_suggestion-nein","45":"pa_product_type-2_eliquid_eigenprodukt","46":"pa_product_weight-4218","47":"pa_special_products-neu","49":"first","50":"instock","51":"taxable","52":"shipping-taxable","53":"purchasable","54":"product-type-variable"},"acf":[],"_links":{"self":[{"href":"https:\/\/my-eliquid.de\/it\/wp-json\/wp\/v2\/product\/159567","targetHints":{"allow":["GET"]}}],"collection":[{"href":"https:\/\/my-eliquid.de\/it\/wp-json\/wp\/v2\/product"}],"about":[{"href":"https:\/\/my-eliquid.de\/it\/wp-json\/wp\/v2\/types\/product"}],"replies":[{"embeddable":true,"href":"https:\/\/my-eliquid.de\/it\/wp-json\/wp\/v2\/comments?post=159567"}],"wp:featuredmedia":[{"embeddable":true,"href":"https:\/\/my-eliquid.de\/it\/wp-json\/wp\/v2\/media\/319760"}],"wp:attachment":[{"href":"https:\/\/my-eliquid.de\/it\/wp-json\/wp\/v2\/media?parent=159567"}],"wp:term":[{"taxonomy":"product_brand","embeddable":true,"href":"https:\/\/my-eliquid.de\/it\/wp-json\/wp\/v2\/product_brand?post=159567"},{"taxonomy":"product_cat","embeddable":true,"href":"https:\/\/my-eliquid.de\/it\/wp-json\/wp\/v2\/product_cat?post=159567"},{"taxonomy":"product_tag","embeddable":true,"href":"https:\/\/my-eliquid.de\/it\/wp-json\/wp\/v2\/product_tag?post=159567"}],"curies":[{"name":"wp","href":"https:\/\/api.w.org\/{rel}","templated":true}]}}