{"id":302479,"date":"2012-02-21T00:00:00","date_gmt":"2012-02-20T23:00:00","guid":{"rendered":"https:\/\/my-eliquid.de\/shop\/nugat-aroma\/"},"modified":"2026-04-15T08:41:45","modified_gmt":"2026-04-15T06:41:45","slug":"nugat-aroma","status":"publish","type":"product","link":"https:\/\/my-eliquid.de\/it\/shop\/nugat-aroma\/","title":{"rendered":"Gusto torrone Noisette"},"content":{"rendered":"<p>Il nostro <strong>Gusto Noisette (torrone)<\/strong> mit seinem f\u00fclligen, markant-s\u00fc\u00dfen <strong>Nougatgeschmack<\/strong> proviene dalla linea di <strong>Sapori dolci<\/strong>. Das lecker-s\u00fc\u00dfe Nougat-Vergn\u00fcgen: Ein schokoladig-nussiger Traum! Das <strong>Gusto Noisette (torrone)<\/strong> \u00e8 adatto per <strong>Aromatizzare e produrre i propri liquidi<\/strong> e pu\u00f2 <strong>Miscelato con altri aromi<\/strong> diventare. In questo modo \u00e8 possibile creare sempre nuovi liquidi personalizzati! <strong>I sapori<\/strong> non deve essere utilizzato non diluito e deve essere sempre sottoposto ad una <strong>Base<\/strong> possono essere aggiunti.<\/p>","protected":false},"excerpt":{"rendered":"<p>Il delizioso dolcetto marrone scuro a base di squisite noci e finissimo cioccolato: il nostro <strong>Gusto Noisette (torrone)<\/strong> - il sogno irresistibilmente dolce del torrone! Delizioso!<\/p>","protected":false},"featured_media":319217,"comment_status":"open","ping_status":"closed","template":"","meta":{"_acf_changed":false,"_relevanssi_hide_post":"","_relevanssi_hide_content":"","_relevanssi_pin_for_all":"","_relevanssi_pin_keywords":"","_relevanssi_unpin_keywords":"","_relevanssi_related_keywords":"","_relevanssi_related_include_ids":"","_relevanssi_related_exclude_ids":"","_relevanssi_related_no_append":"","_relevanssi_related_not_related":"","_relevanssi_related_posts":"","_relevanssi_noindex_reason":""},"product_brand":[],"product_cat":[4733,4882,4701,4881,4707],"product_tag":[1399,5108,4919,4915,5166,4917,4914,4918,5004,5079,6851,5080,4920],"class_list":{"0":"post-302479","1":"product","2":"type-product","3":"status-publish","4":"has-post-thumbnail","6":"product_cat-alle-aromen","7":"product_cat-aromen-ohne-sucralose","8":"product_cat-aromen","9":"product_cat-my-eliquid-aromen","10":"product_cat-suesse-aromen-liquid-e-zigarette","11":"product_tag-aroma","12":"product_tag-cream","13":"product_tag-dampfer","14":"product_tag-e-liquid","15":"product_tag-e-zigarette","16":"product_tag-e-zigi","17":"product_tag-eliquid","18":"product_tag-ezigarette","19":"product_tag-nachfuellfluessigkeit","20":"product_tag-noisette","21":"product_tag-nougat","22":"product_tag-nugat","23":"product_tag-verdampfer","24":"product_shipping_class-standard","26":"first","27":"instock","28":"taxable","29":"shipping-taxable","30":"purchasable","31":"product-type-variable"},"acf":[],"_links":{"self":[{"href":"https:\/\/my-eliquid.de\/it\/wp-json\/wp\/v2\/product\/302479","targetHints":{"allow":["GET"]}}],"collection":[{"href":"https:\/\/my-eliquid.de\/it\/wp-json\/wp\/v2\/product"}],"about":[{"href":"https:\/\/my-eliquid.de\/it\/wp-json\/wp\/v2\/types\/product"}],"replies":[{"embeddable":true,"href":"https:\/\/my-eliquid.de\/it\/wp-json\/wp\/v2\/comments?post=302479"}],"wp:featuredmedia":[{"embeddable":true,"href":"https:\/\/my-eliquid.de\/it\/wp-json\/wp\/v2\/media\/319217"}],"wp:attachment":[{"href":"https:\/\/my-eliquid.de\/it\/wp-json\/wp\/v2\/media?parent=302479"}],"wp:term":[{"taxonomy":"product_brand","embeddable":true,"href":"https:\/\/my-eliquid.de\/it\/wp-json\/wp\/v2\/product_brand?post=302479"},{"taxonomy":"product_cat","embeddable":true,"href":"https:\/\/my-eliquid.de\/it\/wp-json\/wp\/v2\/product_cat?post=302479"},{"taxonomy":"product_tag","embeddable":true,"href":"https:\/\/my-eliquid.de\/it\/wp-json\/wp\/v2\/product_tag?post=302479"}],"curies":[{"name":"wp","href":"https:\/\/api.w.org\/{rel}","templated":true}]}}