{"id":302511,"date":"2018-12-12T00:00:00","date_gmt":"2018-12-11T23:00:00","guid":{"rendered":"https:\/\/my-eliquid.de\/shop\/mel-aroma-coffe-tobacco\/"},"modified":"2026-04-10T09:10:31","modified_gmt":"2026-04-10T07:10:31","slug":"mel-aroma-coffe-tobacco","status":"publish","type":"product","link":"https:\/\/my-eliquid.de\/it\/shop\/mel-aroma-coffe-tobacco\/","title":{"rendered":"Aroma di caff\u00e8 e tabacco"},"content":{"rendered":"<p>Mit unseren neuen <strong>Aroma di caff\u00e8 e tabacco<\/strong> wurden nun fast alle W\u00fcnsche von euch erf\u00fcllt!<\/p>\n<p>Ora, per quanto riguarda il <strong>Aroma di caff\u00e8 e tabacco<\/strong><\/p>\n<p>Morgenstund hat Gold im Mund!<\/p>\n<p>La combinazione di <strong>Kaffee und Tabak<\/strong> am Morgen ist ja den meisten bekannt.<\/p>\n<p>Nun haben wir mit unserem <strong>Aroma di caff\u00e8 e tabacco<\/strong> die Perfekte Kombination aus beidem f\u00fcr euch Geschaffen.<\/p>\n<p>Ein gut ger\u00f6steter Kaffee leicht milchig, mit einem hauch von Tabak veredelt.<\/p>\n<p><strong>Jeden Tag ein Genuss!<\/strong><\/p>\n<p>Il <strong>Aroma di caff\u00e8 e tabacco<\/strong> eignet sich zum Aromatisieren und Herstellen von eigenen Liquids und kann mit anderen Aromen gemischt werden.<\/p>\n<p>Auf diese Weise kreieren Sie immer wieder neue, individuelle Fl\u00fcssigkeiten!<\/p>\n<p><strong>Aromen d\u00fcrfen nicht unverd\u00fcnnt verwendet werden und m\u00fcssen immer einer Base zugesetzt werden.<\/strong><\/p>","protected":false},"excerpt":{"rendered":"<p>Caff\u00e8 appena preparato con un raffinato aroma di tabacco. Leggermente zuccherato per un perfetto inizio di giornata.<\/p>","protected":false},"featured_media":319347,"comment_status":"open","ping_status":"closed","template":"","meta":{"_acf_changed":false,"_relevanssi_hide_post":"","_relevanssi_hide_content":"","_relevanssi_pin_for_all":"","_relevanssi_pin_keywords":"","_relevanssi_unpin_keywords":"","_relevanssi_related_keywords":"","_relevanssi_related_include_ids":"","_relevanssi_related_exclude_ids":"","_relevanssi_related_no_append":"","_relevanssi_related_not_related":"","_relevanssi_related_posts":"","_relevanssi_noindex_reason":""},"product_brand":[],"product_cat":[4733,4882,4701,4702,4881,4792,4710,4712,4707,4703],"product_tag":[6990,1399,6847,1391,6896,6991,5562,5805,5792,6732,6885,5310,5226,6527,6897,6992],"class_list":{"0":"post-302511","1":"product","2":"type-product","3":"status-publish","4":"has-post-thumbnail","6":"product_cat-alle-aromen","7":"product_cat-aromen-ohne-sucralose","8":"product_cat-aromen","9":"product_cat-drinks-aromen-liquid-e-zigarette","10":"product_cat-my-eliquid-aromen","11":"product_cat-neue-aromen","12":"product_cat-nussige-aromen-liquid-e-zigarette","13":"product_cat-special-aromen-liquid-e-zigarette","14":"product_cat-suesse-aromen-liquid-e-zigarette","15":"product_cat-tabak-aromen-liquid-e-zigarette","16":"product_tag-6990","17":"product_tag-aroma","18":"product_tag-aromen","19":"product_tag-bitte","20":"product_tag-coffe","21":"product_tag-fill","22":"product_tag-fill-up","23":"product_tag-liquid","24":"product_tag-liquids","25":"product_tag-ml","26":"product_tag-neue","27":"product_tag-neuheiten","28":"product_tag-special","29":"product_tag-tabak","30":"product_tag-tobacco","31":"product_tag-up","32":"product_shipping_class-standard","34":"first","35":"instock","36":"taxable","37":"shipping-taxable","38":"purchasable","39":"product-type-variable"},"acf":[],"_links":{"self":[{"href":"https:\/\/my-eliquid.de\/it\/wp-json\/wp\/v2\/product\/302511","targetHints":{"allow":["GET"]}}],"collection":[{"href":"https:\/\/my-eliquid.de\/it\/wp-json\/wp\/v2\/product"}],"about":[{"href":"https:\/\/my-eliquid.de\/it\/wp-json\/wp\/v2\/types\/product"}],"replies":[{"embeddable":true,"href":"https:\/\/my-eliquid.de\/it\/wp-json\/wp\/v2\/comments?post=302511"}],"wp:featuredmedia":[{"embeddable":true,"href":"https:\/\/my-eliquid.de\/it\/wp-json\/wp\/v2\/media\/319347"}],"wp:attachment":[{"href":"https:\/\/my-eliquid.de\/it\/wp-json\/wp\/v2\/media?parent=302511"}],"wp:term":[{"taxonomy":"product_brand","embeddable":true,"href":"https:\/\/my-eliquid.de\/it\/wp-json\/wp\/v2\/product_brand?post=302511"},{"taxonomy":"product_cat","embeddable":true,"href":"https:\/\/my-eliquid.de\/it\/wp-json\/wp\/v2\/product_cat?post=302511"},{"taxonomy":"product_tag","embeddable":true,"href":"https:\/\/my-eliquid.de\/it\/wp-json\/wp\/v2\/product_tag?post=302511"}],"curies":[{"name":"wp","href":"https:\/\/api.w.org\/{rel}","templated":true}]}}