{"id":302524,"date":"2017-09-06T00:00:00","date_gmt":"2017-09-05T22:00:00","guid":{"rendered":"https:\/\/my-eliquid.de\/shop\/fred-s-astaire-aroma\/"},"modified":"2026-03-10T08:54:01","modified_gmt":"2026-03-10T07:54:01","slug":"fred-s-astaire-aroma","status":"publish","type":"product","link":"https:\/\/my-eliquid.de\/it\/shop\/fred-s-astaire-aroma\/","title":{"rendered":"Il gusto Astaire di Fred"},"content":{"rendered":"<p>Il nostro <strong>Il sapore di Fred Astaire<\/strong> mit seinem k\u00fchlenden Anisgeschmack stammt aus der Linie der <strong>Menthol Aromen<\/strong>. Die au\u00dfergew\u00f6hnliche Kombination aus frischem Anis und k\u00fchlendem <strong>Mentolo<\/strong> schmeckt angenehm anregend. Das <strong>Il sapore di Fred Astaire<\/strong> \u00e8 adatto per aromatizzare e <strong>Produrre i propri liquidi<\/strong> e possono essere miscelati con altri aromi. In questo modo \u00e8 possibile creare liquidi sempre nuovi e personalizzati! <strong>I sapori<\/strong> non deve essere utilizzato non diluito e deve essere sempre sottoposto ad una <strong>Base<\/strong> possono essere aggiunti.<\/p>","protected":false},"excerpt":{"rendered":"<p>Fresco <strong>Anice<\/strong>con un tocco di <strong>Mentolo<\/strong> raffinato, \u00e8 nel nostro <strong>Il sapore di Fred Astaire<\/strong> per il quotidiano <strong>Vaping<\/strong> e combinare con altri sapori.<\/p>","protected":false},"featured_media":319408,"comment_status":"open","ping_status":"closed","template":"","meta":{"_acf_changed":false,"_relevanssi_hide_post":"","_relevanssi_hide_content":"","_relevanssi_pin_for_all":"","_relevanssi_pin_keywords":"","_relevanssi_unpin_keywords":"","_relevanssi_related_keywords":"","_relevanssi_related_include_ids":"","_relevanssi_related_exclude_ids":"","_relevanssi_related_no_append":"","_relevanssi_related_not_related":"","_relevanssi_related_posts":"","_relevanssi_noindex_reason":""},"product_brand":[],"product_cat":[4733,4882,4701,4704,4881,4712],"product_tag":[6716,1399,6847,6861,6730,6860,6712,5805,5792,4956,5226],"class_list":{"0":"post-302524","1":"product","2":"type-product","3":"status-publish","4":"has-post-thumbnail","6":"product_cat-alle-aromen","7":"product_cat-aromen-ohne-sucralose","8":"product_cat-aromen","9":"product_cat-menthol-aromen-liquid-e-zigarette","10":"product_cat-my-eliquid-aromen","11":"product_cat-special-aromen-liquid-e-zigarette","12":"product_tag-alle","13":"product_tag-aroma","14":"product_tag-aromen","15":"product_tag-astaire","16":"product_tag-eliquids","17":"product_tag-freds","18":"product_tag-fuer","19":"product_tag-liquid","20":"product_tag-liquids","21":"product_tag-menthol","22":"product_tag-special","23":"product_shipping_class-standard","25":"first","26":"instock","27":"taxable","28":"shipping-taxable","29":"purchasable","30":"product-type-variable"},"acf":[],"_links":{"self":[{"href":"https:\/\/my-eliquid.de\/it\/wp-json\/wp\/v2\/product\/302524","targetHints":{"allow":["GET"]}}],"collection":[{"href":"https:\/\/my-eliquid.de\/it\/wp-json\/wp\/v2\/product"}],"about":[{"href":"https:\/\/my-eliquid.de\/it\/wp-json\/wp\/v2\/types\/product"}],"replies":[{"embeddable":true,"href":"https:\/\/my-eliquid.de\/it\/wp-json\/wp\/v2\/comments?post=302524"}],"wp:featuredmedia":[{"embeddable":true,"href":"https:\/\/my-eliquid.de\/it\/wp-json\/wp\/v2\/media\/319408"}],"wp:attachment":[{"href":"https:\/\/my-eliquid.de\/it\/wp-json\/wp\/v2\/media?parent=302524"}],"wp:term":[{"taxonomy":"product_brand","embeddable":true,"href":"https:\/\/my-eliquid.de\/it\/wp-json\/wp\/v2\/product_brand?post=302524"},{"taxonomy":"product_cat","embeddable":true,"href":"https:\/\/my-eliquid.de\/it\/wp-json\/wp\/v2\/product_cat?post=302524"},{"taxonomy":"product_tag","embeddable":true,"href":"https:\/\/my-eliquid.de\/it\/wp-json\/wp\/v2\/product_tag?post=302524"}],"curies":[{"name":"wp","href":"https:\/\/api.w.org\/{rel}","templated":true}]}}