{"id":302533,"date":"2012-08-05T00:00:00","date_gmt":"2012-08-04T22:00:00","guid":{"rendered":"https:\/\/my-eliquid.de\/shop\/rahmbonbon-aroma\/"},"modified":"2026-02-17T07:17:46","modified_gmt":"2026-02-17T06:17:46","slug":"rahmbonbon-aroma","status":"publish","type":"product","link":"https:\/\/my-eliquid.de\/it\/shop\/rahmbonbon-aroma\/","title":{"rendered":"Gusto caramella alla crema"},"content":{"rendered":"<p>Il nostro <strong>Gusto caramella alla crema<\/strong> mit seinem vanillig-karamelligen <strong>Bonbongeschmack<\/strong> proviene dalla linea di <strong>Sapori dolci<\/strong>. Das s\u00fcndhaft-s\u00fc\u00dfe Bonbon-Duo von <strong>Vanille und Karamell<\/strong> \u2013 unser S\u00fc\u00dfwaren-Traum! Das <strong>Gusto caramella alla crema<\/strong> \u00e8 adatto per <strong>Aromatizzare e produrre i propri liquidi<\/strong> e pu\u00f2 <strong>Miscelato con altri aromi<\/strong> diventare. In questo modo \u00e8 possibile creare sempre nuovi liquidi personalizzati! <strong>I sapori<\/strong> non deve essere utilizzato non diluito e deve essere sempre sottoposto ad una <strong>Base<\/strong> possono essere aggiunti.<\/p>","protected":false},"excerpt":{"rendered":"<p>Il sapore duraturo di un prodotto molto delizioso <strong>Dolci alla crema<\/strong> - cremoso <strong>Vaniglia<\/strong> incontra <strong>caramello marrone dorato<\/strong>Il nostro <strong>Gusto caramella alla crema<\/strong> \u00e8 il successo delle caramelle!<\/p>","protected":false},"featured_media":319439,"comment_status":"open","ping_status":"closed","template":"","meta":{"_acf_changed":false,"_relevanssi_hide_post":"","_relevanssi_hide_content":"","_relevanssi_pin_for_all":"","_relevanssi_pin_keywords":"","_relevanssi_unpin_keywords":"","_relevanssi_related_keywords":"","_relevanssi_related_include_ids":"","_relevanssi_related_exclude_ids":"","_relevanssi_related_no_append":"","_relevanssi_related_not_related":"","_relevanssi_related_posts":"","_relevanssi_noindex_reason":""},"product_brand":[],"product_cat":[4733,4882,4701,4881,4707],"product_tag":[4919,4915,5166,4917,7083,6818,4914,4918,5011,5004,5138,7081,7080,4920,7082,6819],"class_list":{"0":"post-302533","1":"product","2":"type-product","3":"status-publish","4":"has-post-thumbnail","6":"product_cat-alle-aromen","7":"product_cat-aromen-ohne-sucralose","8":"product_cat-aromen","9":"product_cat-my-eliquid-aromen","10":"product_cat-suesse-aromen-liquid-e-zigarette","11":"product_tag-dampfer","12":"product_tag-e-liquid","13":"product_tag-e-zigarette","14":"product_tag-e-zigi","15":"product_tag-echte","16":"product_tag-elektrische","17":"product_tag-eliquid","18":"product_tag-ezigarette","19":"product_tag-karamell","20":"product_tag-nachfuellfluessigkeit","21":"product_tag-rahmbonbon","22":"product_tag-riesen","23":"product_tag-storck","24":"product_tag-verdampfer","25":"product_tag-werthers","26":"product_tag-zigarette","27":"product_shipping_class-standard","29":"first","30":"outofstock","31":"taxable","32":"shipping-taxable","33":"purchasable","34":"product-type-variable"},"acf":[],"_links":{"self":[{"href":"https:\/\/my-eliquid.de\/it\/wp-json\/wp\/v2\/product\/302533","targetHints":{"allow":["GET"]}}],"collection":[{"href":"https:\/\/my-eliquid.de\/it\/wp-json\/wp\/v2\/product"}],"about":[{"href":"https:\/\/my-eliquid.de\/it\/wp-json\/wp\/v2\/types\/product"}],"replies":[{"embeddable":true,"href":"https:\/\/my-eliquid.de\/it\/wp-json\/wp\/v2\/comments?post=302533"}],"wp:featuredmedia":[{"embeddable":true,"href":"https:\/\/my-eliquid.de\/it\/wp-json\/wp\/v2\/media\/319439"}],"wp:attachment":[{"href":"https:\/\/my-eliquid.de\/it\/wp-json\/wp\/v2\/media?parent=302533"}],"wp:term":[{"taxonomy":"product_brand","embeddable":true,"href":"https:\/\/my-eliquid.de\/it\/wp-json\/wp\/v2\/product_brand?post=302533"},{"taxonomy":"product_cat","embeddable":true,"href":"https:\/\/my-eliquid.de\/it\/wp-json\/wp\/v2\/product_cat?post=302533"},{"taxonomy":"product_tag","embeddable":true,"href":"https:\/\/my-eliquid.de\/it\/wp-json\/wp\/v2\/product_tag?post=302533"}],"curies":[{"name":"wp","href":"https:\/\/api.w.org\/{rel}","templated":true}]}}