{"id":302547,"date":"2017-09-06T00:00:00","date_gmt":"2017-09-05T22:00:00","guid":{"rendered":"https:\/\/my-eliquid.de\/shop\/strawberry-sensation-aroma\/"},"modified":"2025-12-02T09:14:19","modified_gmt":"2025-12-02T08:14:19","slug":"strawberry-sensation-aroma","status":"publish","type":"product","link":"https:\/\/my-eliquid.de\/it\/shop\/strawberry-sensation-aroma\/","title":{"rendered":"Gusto Fragola Sensation"},"content":{"rendered":"<p>Il nostro <strong>Gusto Fragola Sensation<\/strong> mit seinem cremigen Erdbeergeschmack stammt aus der Linie der <strong>Aromi di frutta<\/strong>. Eine locker leichte Dessertcreme aus s\u00fc\u00dfen Erdbeeren garantiert Dampfgenuss auf h\u00f6chstem Niveau <strong>ohne Kalorien<\/strong>. Das <strong>Gusto Fragola Sensation<\/strong> \u00e8 adatto per aromatizzare e <strong>Produrre i propri liquidi<\/strong> e possono essere miscelati con altri aromi. In questo modo \u00e8 possibile creare liquidi sempre nuovi e personalizzati! <strong>I sapori<\/strong> non deve essere utilizzato non diluito e deve essere sempre sottoposto ad una <strong>Base<\/strong> possono essere aggiunti.<\/p>","protected":false},"excerpt":{"rendered":"<p>Un altro sensazionale <strong>my-eLiquid Aroma fragola<\/strong>, dal gusto leggero e dolce di crema alla fragola, regala un piacere delizioso e fruttato.<\/p>","protected":false},"featured_media":319494,"comment_status":"open","ping_status":"closed","template":"","meta":{"_acf_changed":false,"_relevanssi_hide_post":"","_relevanssi_hide_content":"","_relevanssi_pin_for_all":"","_relevanssi_pin_keywords":"","_relevanssi_unpin_keywords":"","_relevanssi_related_keywords":"","_relevanssi_related_include_ids":"","_relevanssi_related_exclude_ids":"","_relevanssi_related_no_append":"","_relevanssi_related_not_related":"","_relevanssi_related_posts":"","_relevanssi_noindex_reason":""},"product_brand":[],"product_cat":[4733,4882,4701,4705,4881],"product_tag":[6716,1399,6847,6730,4942,6712,5805,5792,7116,6869],"class_list":{"0":"post-302547","1":"product","2":"type-product","3":"status-publish","4":"has-post-thumbnail","6":"product_cat-alle-aromen","7":"product_cat-aromen-ohne-sucralose","8":"product_cat-aromen","9":"product_cat-frucht-aromen-liquid-e-zigarette","10":"product_cat-my-eliquid-aromen","11":"product_tag-alle","12":"product_tag-aroma","13":"product_tag-aromen","14":"product_tag-eliquids","15":"product_tag-frucht","16":"product_tag-fuer","17":"product_tag-liquid","18":"product_tag-liquids","19":"product_tag-sensation","20":"product_tag-strawberry","21":"product_shipping_class-standard","23":"first","24":"instock","25":"taxable","26":"shipping-taxable","27":"purchasable","28":"product-type-variable"},"acf":[],"_links":{"self":[{"href":"https:\/\/my-eliquid.de\/it\/wp-json\/wp\/v2\/product\/302547","targetHints":{"allow":["GET"]}}],"collection":[{"href":"https:\/\/my-eliquid.de\/it\/wp-json\/wp\/v2\/product"}],"about":[{"href":"https:\/\/my-eliquid.de\/it\/wp-json\/wp\/v2\/types\/product"}],"replies":[{"embeddable":true,"href":"https:\/\/my-eliquid.de\/it\/wp-json\/wp\/v2\/comments?post=302547"}],"wp:featuredmedia":[{"embeddable":true,"href":"https:\/\/my-eliquid.de\/it\/wp-json\/wp\/v2\/media\/319494"}],"wp:attachment":[{"href":"https:\/\/my-eliquid.de\/it\/wp-json\/wp\/v2\/media?parent=302547"}],"wp:term":[{"taxonomy":"product_brand","embeddable":true,"href":"https:\/\/my-eliquid.de\/it\/wp-json\/wp\/v2\/product_brand?post=302547"},{"taxonomy":"product_cat","embeddable":true,"href":"https:\/\/my-eliquid.de\/it\/wp-json\/wp\/v2\/product_cat?post=302547"},{"taxonomy":"product_tag","embeddable":true,"href":"https:\/\/my-eliquid.de\/it\/wp-json\/wp\/v2\/product_tag?post=302547"}],"curies":[{"name":"wp","href":"https:\/\/api.w.org\/{rel}","templated":true}]}}