{"id":302554,"date":"2013-10-17T00:00:00","date_gmt":"2013-10-16T22:00:00","guid":{"rendered":"https:\/\/my-eliquid.de\/shop\/pfirsich2-aroma\/"},"modified":"2026-03-17T09:25:49","modified_gmt":"2026-03-17T08:25:49","slug":"pfirsich2-aroma","status":"publish","type":"product","link":"https:\/\/my-eliquid.de\/it\/shop\/pfirsich2-aroma\/","title":{"rendered":"Gusto Pesca dolce (Pesca 2)"},"content":{"rendered":"<p style=\"line-height: 19px;\">Il nostro\u00a0<strong>Aroma di pesca dolce<\/strong>\u00a0besticht mit seinem unverwechselbaren, saftig-s\u00fc\u00dfen\u00a0<strong>Pfirsichgeschmack<\/strong>\u00a0e proviene dalla linea di\u00a0<strong>Aromi di frutta<\/strong>.<\/p>\n<p style=\"line-height: 19px;\">Aromatisch-s\u00fc\u00dfer Geschmack von saftig-fruchtigen\u00a0<strong>pesche<\/strong>: ein Traum!<\/p>\n<p style=\"line-height: 19px;\">Il<span style=\"line-height: 19px;\">\u00a0<\/span><strong style=\"line-height: 19px;\">Aroma di pesca dolce<\/strong>\u00a0\u00e8 adatto per aromatizzare e\u00a0<strong>Produrre i propri liquidi<\/strong>\u00a0e pu\u00f2 essere combinato con altri\u00a0<strong>Sapori misti<\/strong>\u00a0werden.<\/p>\n<p style=\"line-height: 19px;\">Auf diese Weise kreieren Sie immer wieder neue, individuelle\u00a0<strong>Liquidi<\/strong>!<\/p>\n<p style=\"line-height: 19px;\">Aromen d\u00fcrfen nicht unverd\u00fcnnt verwendet werden und m\u00fcssen immer einer<strong>Base<\/strong>\u00a0possono essere aggiunti.<\/p>","protected":false},"excerpt":{"rendered":"<p><span style=\"line-height: 19px\">Quotidiano\u00a0<\/span><strong style=\"line-height: 19px\">Piacere per<\/strong><span style=\"line-height: 19px\">\u00a0sigarette elettroniche\u00a0<\/span><strong style=\"line-height: 19px\">Vaporetto<\/strong><span style=\"line-height: 19px\">\u00a0promette questo\u00a0<\/span><strong style=\"line-height: 19px\">Aroma di pesca dolce<\/strong><span style=\"line-height: 19px\">\u00a0e cattura il\u00a0<\/span><strong style=\"line-height: 19px\">gusto dolce e succoso<\/strong><span style=\"line-height: 19px\">\u00a0di una pesca maturata al sole.<\/span><\/p>","protected":false},"featured_media":319521,"comment_status":"open","ping_status":"closed","template":"","meta":{"_acf_changed":false,"_relevanssi_hide_post":"","_relevanssi_hide_content":"","_relevanssi_pin_for_all":"","_relevanssi_pin_keywords":"","_relevanssi_unpin_keywords":"","_relevanssi_related_keywords":"","_relevanssi_related_include_ids":"","_relevanssi_related_exclude_ids":"","_relevanssi_related_no_append":"","_relevanssi_related_not_related":"","_relevanssi_related_posts":"","_relevanssi_noindex_reason":""},"product_brand":[],"product_cat":[4733,4882,4701,4705,4881],"product_tag":[4919,4915,5166,4917,4914,4918,5004,4993,4920],"class_list":{"0":"post-302554","1":"product","2":"type-product","3":"status-publish","4":"has-post-thumbnail","6":"product_cat-alle-aromen","7":"product_cat-aromen-ohne-sucralose","8":"product_cat-aromen","9":"product_cat-frucht-aromen-liquid-e-zigarette","10":"product_cat-my-eliquid-aromen","11":"product_tag-dampfer","12":"product_tag-e-liquid","13":"product_tag-e-zigarette","14":"product_tag-e-zigi","15":"product_tag-eliquid","16":"product_tag-ezigarette","17":"product_tag-nachfuellfluessigkeit","18":"product_tag-pfirsich","19":"product_tag-verdampfer","20":"product_shipping_class-standard","22":"first","23":"instock","24":"taxable","25":"shipping-taxable","26":"purchasable","27":"product-type-variable"},"acf":[],"_links":{"self":[{"href":"https:\/\/my-eliquid.de\/it\/wp-json\/wp\/v2\/product\/302554","targetHints":{"allow":["GET"]}}],"collection":[{"href":"https:\/\/my-eliquid.de\/it\/wp-json\/wp\/v2\/product"}],"about":[{"href":"https:\/\/my-eliquid.de\/it\/wp-json\/wp\/v2\/types\/product"}],"replies":[{"embeddable":true,"href":"https:\/\/my-eliquid.de\/it\/wp-json\/wp\/v2\/comments?post=302554"}],"wp:featuredmedia":[{"embeddable":true,"href":"https:\/\/my-eliquid.de\/it\/wp-json\/wp\/v2\/media\/319521"}],"wp:attachment":[{"href":"https:\/\/my-eliquid.de\/it\/wp-json\/wp\/v2\/media?parent=302554"}],"wp:term":[{"taxonomy":"product_brand","embeddable":true,"href":"https:\/\/my-eliquid.de\/it\/wp-json\/wp\/v2\/product_brand?post=302554"},{"taxonomy":"product_cat","embeddable":true,"href":"https:\/\/my-eliquid.de\/it\/wp-json\/wp\/v2\/product_cat?post=302554"},{"taxonomy":"product_tag","embeddable":true,"href":"https:\/\/my-eliquid.de\/it\/wp-json\/wp\/v2\/product_tag?post=302554"}],"curies":[{"name":"wp","href":"https:\/\/api.w.org\/{rel}","templated":true}]}}