{"id":302573,"date":"2011-12-22T00:00:00","date_gmt":"2011-12-21T23:00:00","guid":{"rendered":"https:\/\/my-eliquid.de\/shop\/karamell-aroma\/"},"modified":"2025-11-25T13:50:46","modified_gmt":"2025-11-25T12:50:46","slug":"karamell-aroma","status":"publish","type":"product","link":"https:\/\/my-eliquid.de\/it\/shop\/karamell-aroma\/","title":{"rendered":"Gusto caramello"},"content":{"rendered":"<p>Il nostro <strong>Gusto caramello<\/strong> mit seinem s\u00fcndhaft-s\u00fc\u00dfen <strong>gusto caramello<\/strong> proviene dalla linea di <strong>Sapori dolci<\/strong>. Authentisches Karamell-Vergn\u00fcgen \u2013 ganz <strong>ohne Kalorien<\/strong>! Das <strong>Gusto caramello<\/strong> \u00e8 adatto per <strong>Aromatizzare e produrre i propri liquidi<\/strong> e pu\u00f2 <strong>Miscelato con altri aromi<\/strong> diventare. In questo modo \u00e8 possibile creare sempre nuovi liquidi personalizzati! <strong>I sapori<\/strong> non deve essere utilizzato non diluito e deve essere sempre sottoposto ad una <strong>Base<\/strong> possono essere aggiunti.<\/p>","protected":false},"excerpt":{"rendered":"<p>Una delizia dorata grazie al suo gusto meravigliosamente dolce <strong>Sapore di caramello<\/strong>Il nostro <strong>Irresistibile aroma di caramello<\/strong> fa battere forte il cuore di tutti i golosi!<\/p>","protected":false},"featured_media":319598,"comment_status":"open","ping_status":"closed","template":"","meta":{"_acf_changed":false,"_relevanssi_hide_post":"","_relevanssi_hide_content":"","_relevanssi_pin_for_all":"","_relevanssi_pin_keywords":"","_relevanssi_unpin_keywords":"","_relevanssi_related_keywords":"","_relevanssi_related_include_ids":"","_relevanssi_related_exclude_ids":"","_relevanssi_related_no_append":"","_relevanssi_related_not_related":"","_relevanssi_related_posts":"","_relevanssi_noindex_reason":""},"product_brand":[],"product_cat":[4733,4882,4701,4881,4707],"product_tag":[5012,4919,4915,5166,4917,4914,4918,5011,5004,4920],"class_list":{"0":"post-302573","1":"product","2":"type-product","3":"status-publish","4":"has-post-thumbnail","6":"product_cat-alle-aromen","7":"product_cat-aromen-ohne-sucralose","8":"product_cat-aromen","9":"product_cat-my-eliquid-aromen","10":"product_cat-suesse-aromen-liquid-e-zigarette","11":"product_tag-caramel","12":"product_tag-dampfer","13":"product_tag-e-liquid","14":"product_tag-e-zigarette","15":"product_tag-e-zigi","16":"product_tag-eliquid","17":"product_tag-ezigarette","18":"product_tag-karamell","19":"product_tag-nachfuellfluessigkeit","20":"product_tag-verdampfer","21":"product_shipping_class-standard","23":"first","24":"outofstock","25":"taxable","26":"shipping-taxable","27":"purchasable","28":"product-type-variable"},"acf":[],"_links":{"self":[{"href":"https:\/\/my-eliquid.de\/it\/wp-json\/wp\/v2\/product\/302573","targetHints":{"allow":["GET"]}}],"collection":[{"href":"https:\/\/my-eliquid.de\/it\/wp-json\/wp\/v2\/product"}],"about":[{"href":"https:\/\/my-eliquid.de\/it\/wp-json\/wp\/v2\/types\/product"}],"replies":[{"embeddable":true,"href":"https:\/\/my-eliquid.de\/it\/wp-json\/wp\/v2\/comments?post=302573"}],"wp:featuredmedia":[{"embeddable":true,"href":"https:\/\/my-eliquid.de\/it\/wp-json\/wp\/v2\/media\/319598"}],"wp:attachment":[{"href":"https:\/\/my-eliquid.de\/it\/wp-json\/wp\/v2\/media?parent=302573"}],"wp:term":[{"taxonomy":"product_brand","embeddable":true,"href":"https:\/\/my-eliquid.de\/it\/wp-json\/wp\/v2\/product_brand?post=302573"},{"taxonomy":"product_cat","embeddable":true,"href":"https:\/\/my-eliquid.de\/it\/wp-json\/wp\/v2\/product_cat?post=302573"},{"taxonomy":"product_tag","embeddable":true,"href":"https:\/\/my-eliquid.de\/it\/wp-json\/wp\/v2\/product_tag?post=302573"}],"curies":[{"name":"wp","href":"https:\/\/api.w.org\/{rel}","templated":true}]}}