{"id":302582,"date":"2018-12-12T00:00:00","date_gmt":"2018-12-11T23:00:00","guid":{"rendered":"https:\/\/my-eliquid.de\/shop\/mel-aroma-milk-choco\/"},"modified":"2026-03-23T09:05:47","modified_gmt":"2026-03-23T08:05:47","slug":"mel-aroma-milk-choco","status":"publish","type":"product","link":"https:\/\/my-eliquid.de\/it\/shop\/mel-aroma-milk-choco\/","title":{"rendered":"Gusto cioccolato al latte"},"content":{"rendered":"<p>Der einzigartige Geschmack der Kindheit!<\/p>\n<p>Tutti conoscono la confezione bianca e rossa e amano il sapore della <strong>Me<\/strong> in relazione a <strong>Cioccolato.<\/strong><\/p>\n<p>Dolce e corposo <strong>Cioccolato<\/strong> Tentazione!<\/p>\n<p><strong>Das Milk Chocolate Aroma<\/strong> eignet sich zum Aromatisieren und Herstellen von eigenen Liquids und kann mit anderen Aromen gemischt werden.<\/p>\n<p>Auf diese Weise kreieren Sie immer wieder neue, individuelle Fl\u00fcssigkeiten!<\/p>\n<p><strong>Aromen d\u00fcrfen nicht unverd\u00fcnnt verwendet werden und m\u00fcssen immer einer Base zugesetzt werden.<\/strong><\/p>","protected":false},"excerpt":{"rendered":"<p>Assaporate il dolce sapore del cioccolato al latte. Autentico e corposo. Come lo conoscete e lo amate.<\/p>","protected":false},"featured_media":319633,"comment_status":"open","ping_status":"closed","template":"","meta":{"_acf_changed":false,"_relevanssi_hide_post":"","_relevanssi_hide_content":"","_relevanssi_pin_for_all":"","_relevanssi_pin_keywords":"","_relevanssi_unpin_keywords":"","_relevanssi_related_keywords":"","_relevanssi_related_include_ids":"","_relevanssi_related_exclude_ids":"","_relevanssi_related_no_append":"","_relevanssi_related_not_related":"","_relevanssi_related_posts":"","_relevanssi_noindex_reason":""},"product_brand":[],"product_cat":[4733,4882,4701,4881,4792,4722,4707],"product_tag":[1399,5849,5805,7074,5013],"class_list":{"0":"post-302582","1":"product","2":"type-product","3":"status-publish","4":"has-post-thumbnail","6":"product_cat-alle-aromen","7":"product_cat-aromen-ohne-sucralose","8":"product_cat-aromen","9":"product_cat-my-eliquid-aromen","10":"product_cat-neue-aromen","11":"product_cat-neuheiten","12":"product_cat-suesse-aromen-liquid-e-zigarette","13":"product_tag-aroma","14":"product_tag-kinderschokolade","15":"product_tag-liquid","16":"product_tag-milch","17":"product_tag-schokolade","18":"product_shipping_class-standard","20":"first","21":"instock","22":"taxable","23":"shipping-taxable","24":"purchasable","25":"product-type-variable"},"acf":[],"_links":{"self":[{"href":"https:\/\/my-eliquid.de\/it\/wp-json\/wp\/v2\/product\/302582","targetHints":{"allow":["GET"]}}],"collection":[{"href":"https:\/\/my-eliquid.de\/it\/wp-json\/wp\/v2\/product"}],"about":[{"href":"https:\/\/my-eliquid.de\/it\/wp-json\/wp\/v2\/types\/product"}],"replies":[{"embeddable":true,"href":"https:\/\/my-eliquid.de\/it\/wp-json\/wp\/v2\/comments?post=302582"}],"wp:featuredmedia":[{"embeddable":true,"href":"https:\/\/my-eliquid.de\/it\/wp-json\/wp\/v2\/media\/319633"}],"wp:attachment":[{"href":"https:\/\/my-eliquid.de\/it\/wp-json\/wp\/v2\/media?parent=302582"}],"wp:term":[{"taxonomy":"product_brand","embeddable":true,"href":"https:\/\/my-eliquid.de\/it\/wp-json\/wp\/v2\/product_brand?post=302582"},{"taxonomy":"product_cat","embeddable":true,"href":"https:\/\/my-eliquid.de\/it\/wp-json\/wp\/v2\/product_cat?post=302582"},{"taxonomy":"product_tag","embeddable":true,"href":"https:\/\/my-eliquid.de\/it\/wp-json\/wp\/v2\/product_tag?post=302582"}],"curies":[{"name":"wp","href":"https:\/\/api.w.org\/{rel}","templated":true}]}}