{"id":302624,"date":"2011-12-23T00:00:00","date_gmt":"2011-12-22T23:00:00","guid":{"rendered":"https:\/\/my-eliquid.de\/shop\/kiwi-aroma\/"},"modified":"2026-02-19T07:28:55","modified_gmt":"2026-02-19T06:28:55","slug":"kiwi-aroma","status":"publish","type":"product","link":"https:\/\/my-eliquid.de\/it\/shop\/kiwi-aroma\/","title":{"rendered":"Gusto Kiwi"},"content":{"rendered":"<p>Il nostro <strong>Gusto Kiwi<\/strong> mit seinem k\u00f6stlich-s\u00fc\u00dfen, unschlagbar-saftigen <strong>Kiwigeschmack<\/strong> proviene dalla linea di <strong>Aromi di frutta<\/strong>. Der vollmundige Genuss von <strong>kiwi fresco<\/strong> \u2013 ein fruchtiger Gaumenschmaus der Extraklasse! Das <strong>Gusto Kiwi<\/strong> \u00e8 adatto per aromatizzare e <strong>Produrre i propri liquidi<\/strong> e pu\u00f2 essere combinato con altri <strong>Sapori misti<\/strong> diventare. In questo modo \u00e8 possibile creare sempre nuovi design personalizzati. <strong>Liquidi<\/strong>! Gli aromi non devono essere utilizzati non diluiti e devono sempre essere sottoposti a una <strong>Base<\/strong> possono essere aggiunti.<\/p>","protected":false},"excerpt":{"rendered":"<p>Che la succosa e dolce <strong>Kiwi<\/strong> trova la sua strada nel mondo degli aromi, era ora, dopotutto il nostro <strong>Gusto Kiwi<\/strong> Ogni vostro desiderio fruttato e delizioso sar\u00e0 esaudito!<\/p>","protected":false},"featured_media":319917,"comment_status":"open","ping_status":"closed","template":"","meta":{"_acf_changed":false,"_relevanssi_hide_post":"","_relevanssi_hide_content":"","_relevanssi_pin_for_all":"","_relevanssi_pin_keywords":"","_relevanssi_unpin_keywords":"","_relevanssi_related_keywords":"","_relevanssi_related_include_ids":"","_relevanssi_related_exclude_ids":"","_relevanssi_related_no_append":"","_relevanssi_related_not_related":"","_relevanssi_related_posts":"","_relevanssi_noindex_reason":""},"product_brand":[],"product_cat":[4733,4882,4701,4705,4881],"product_tag":[4919,4915,5166,4917,4914,4918,5023,5004,4920],"class_list":{"0":"post-302624","1":"product","2":"type-product","3":"status-publish","4":"has-post-thumbnail","6":"product_cat-alle-aromen","7":"product_cat-aromen-ohne-sucralose","8":"product_cat-aromen","9":"product_cat-frucht-aromen-liquid-e-zigarette","10":"product_cat-my-eliquid-aromen","11":"product_tag-dampfer","12":"product_tag-e-liquid","13":"product_tag-e-zigarette","14":"product_tag-e-zigi","15":"product_tag-eliquid","16":"product_tag-ezigarette","17":"product_tag-kiwi","18":"product_tag-nachfuellfluessigkeit","19":"product_tag-verdampfer","20":"product_shipping_class-standard","22":"first","23":"instock","24":"taxable","25":"shipping-taxable","26":"purchasable","27":"product-type-variable"},"acf":[],"_links":{"self":[{"href":"https:\/\/my-eliquid.de\/it\/wp-json\/wp\/v2\/product\/302624","targetHints":{"allow":["GET"]}}],"collection":[{"href":"https:\/\/my-eliquid.de\/it\/wp-json\/wp\/v2\/product"}],"about":[{"href":"https:\/\/my-eliquid.de\/it\/wp-json\/wp\/v2\/types\/product"}],"replies":[{"embeddable":true,"href":"https:\/\/my-eliquid.de\/it\/wp-json\/wp\/v2\/comments?post=302624"}],"wp:featuredmedia":[{"embeddable":true,"href":"https:\/\/my-eliquid.de\/it\/wp-json\/wp\/v2\/media\/319917"}],"wp:attachment":[{"href":"https:\/\/my-eliquid.de\/it\/wp-json\/wp\/v2\/media?parent=302624"}],"wp:term":[{"taxonomy":"product_brand","embeddable":true,"href":"https:\/\/my-eliquid.de\/it\/wp-json\/wp\/v2\/product_brand?post=302624"},{"taxonomy":"product_cat","embeddable":true,"href":"https:\/\/my-eliquid.de\/it\/wp-json\/wp\/v2\/product_cat?post=302624"},{"taxonomy":"product_tag","embeddable":true,"href":"https:\/\/my-eliquid.de\/it\/wp-json\/wp\/v2\/product_tag?post=302624"}],"curies":[{"name":"wp","href":"https:\/\/api.w.org\/{rel}","templated":true}]}}