{"id":303137,"date":"2012-02-12T00:00:00","date_gmt":"2012-02-11T23:00:00","guid":{"rendered":"https:\/\/my-eliquid.de\/shop\/waldbeere-liquid\/"},"modified":"2026-04-16T15:31:46","modified_gmt":"2026-04-16T13:31:46","slug":"waldbeere-liquid","status":"publish","type":"product","link":"https:\/\/my-eliquid.de\/it\/shop\/waldbeere-liquid\/","title":{"rendered":"Liquido ai frutti di bosco"},"content":{"rendered":"<p>Il nostro <strong>Liquido ai frutti di bosco<\/strong> mischt die k\u00f6stlichen Aromen von reifen <strong>Waldbeeren<\/strong> e proviene dalla linea di <strong>Liquidi alla frutta<\/strong>. Ein fruchtiger Waldspaziergang f\u00fcr den Geschmackssinn! All unsere Fl\u00fcssigkeiten werden bei uns vor Ort produziert und entsprechen h\u00f6chsten Sicherheitsstandards. Das <strong>Liquido ai frutti di bosco<\/strong> \u00e8 privo di nicotina e disponibile in diversi <strong>Potenzialit\u00e0 della nicotina<\/strong> disponibile. Per uno sviluppo del sapore di lunga durata, si consiglia di utilizzare il <strong>Liquido elettronico<\/strong> Conservare al riparo dalla luce e in un luogo asciutto.<\/p>","protected":false},"excerpt":{"rendered":"<p><strong>Lampone, mora, bacca di sambuco<\/strong>... Il piacere fruttato del bosco sembra infinito! Il nostro <strong>Liquido ai frutti di bosco<\/strong> unisce una deliziosa dolcezza e un gusto pieno!<\/p>","protected":false},"featured_media":319393,"comment_status":"open","ping_status":"closed","template":"","meta":{"_acf_changed":false,"_relevanssi_hide_post":"","_relevanssi_hide_content":"","_relevanssi_pin_for_all":"","_relevanssi_pin_keywords":"","_relevanssi_unpin_keywords":"","_relevanssi_related_keywords":"","_relevanssi_related_include_ids":"","_relevanssi_related_exclude_ids":"","_relevanssi_related_no_append":"","_relevanssi_related_not_related":"","_relevanssi_related_posts":"","_relevanssi_noindex_reason":""},"product_brand":[],"product_cat":[4731,4690,4689,4880,4842],"product_tag":[6826,5071,6953,4919,4915,5166,4917,4914,4918,5004,4920,5101,5102,6822],"class_list":{"0":"post-303137","1":"product","2":"type-product","3":"status-publish","4":"has-post-thumbnail","6":"product_cat-alle-liquids-fur-e-zigaretten","7":"product_cat-frucht-liquids-e-zigarette","8":"product_cat-eliquids","9":"product_cat-liquids-ohne-sucralose","10":"product_cat-my-eliquid-liquids","11":"product_tag-berry","12":"product_tag-bilberry","13":"product_tag-blue","14":"product_tag-dampfer","15":"product_tag-e-liquid","16":"product_tag-e-zigarette","17":"product_tag-e-zigi","18":"product_tag-eliquid","19":"product_tag-ezigarette","20":"product_tag-nachfuellfluessigkeit","21":"product_tag-verdampfer","22":"product_tag-waldbeere","23":"product_tag-whortleberry","24":"product_tag-wild","25":"product_shipping_class-standard","27":"first","28":"instock","29":"taxable","30":"shipping-taxable","31":"purchasable","32":"product-type-variable"},"acf":[],"_links":{"self":[{"href":"https:\/\/my-eliquid.de\/it\/wp-json\/wp\/v2\/product\/303137","targetHints":{"allow":["GET"]}}],"collection":[{"href":"https:\/\/my-eliquid.de\/it\/wp-json\/wp\/v2\/product"}],"about":[{"href":"https:\/\/my-eliquid.de\/it\/wp-json\/wp\/v2\/types\/product"}],"replies":[{"embeddable":true,"href":"https:\/\/my-eliquid.de\/it\/wp-json\/wp\/v2\/comments?post=303137"}],"wp:featuredmedia":[{"embeddable":true,"href":"https:\/\/my-eliquid.de\/it\/wp-json\/wp\/v2\/media\/319393"}],"wp:attachment":[{"href":"https:\/\/my-eliquid.de\/it\/wp-json\/wp\/v2\/media?parent=303137"}],"wp:term":[{"taxonomy":"product_brand","embeddable":true,"href":"https:\/\/my-eliquid.de\/it\/wp-json\/wp\/v2\/product_brand?post=303137"},{"taxonomy":"product_cat","embeddable":true,"href":"https:\/\/my-eliquid.de\/it\/wp-json\/wp\/v2\/product_cat?post=303137"},{"taxonomy":"product_tag","embeddable":true,"href":"https:\/\/my-eliquid.de\/it\/wp-json\/wp\/v2\/product_tag?post=303137"}],"curies":[{"name":"wp","href":"https:\/\/api.w.org\/{rel}","templated":true}]}}