{"id":303148,"date":"2011-10-02T00:00:00","date_gmt":"2011-10-01T22:00:00","guid":{"rendered":"https:\/\/my-eliquid.de\/shop\/virginia-tabak-liquid\/"},"modified":"2026-04-08T09:43:32","modified_gmt":"2026-04-08T07:43:32","slug":"virginia-tabak-liquid","status":"publish","type":"product","link":"https:\/\/my-eliquid.de\/it\/shop\/virginia-tabak-liquid\/","title":{"rendered":"Liquido di tabacco Virginia"},"content":{"rendered":"<p>Il nostro <strong>Liquido di tabacco Virginia<\/strong> schmeckt nach leicht s\u00fc\u00dflichem, mildem und \u00e4u\u00dferst vollmundigen <strong>Tabacco<\/strong> e proviene dalla linea di <strong>Liquidi di tabacco<\/strong>. Virginias bestes Tabak-Vergn\u00fcgen \u2013 der legend\u00e4re Klassiker! All unsere <strong>Liquidi<\/strong> sono prodotti presso la nostra sede e soddisfano i pi\u00f9 elevati standard di sicurezza. Il <strong>Liquido di tabacco Virginia<\/strong> \u00e8 <strong>senza nicotina<\/strong> cos\u00ec come in diversi <strong>Potenzialit\u00e0 della nicotina<\/strong> disponibile. Per uno sviluppo del sapore di lunga durata, si consiglia di utilizzare il <strong>Liquido elettronico<\/strong> Conservare al riparo dalla luce e in un luogo asciutto.<\/p>","protected":false},"excerpt":{"rendered":"<p>L'americano <strong>Originale<\/strong>! Il nostro <strong>Tabacco della Virginia<\/strong> convince con il suo sapore leggermente dolciastro e delicatamente delicato. <strong>Aroma di tabacco<\/strong> e potrebbe provenire direttamente dalla piantagione!<\/p>","protected":false},"featured_media":319427,"comment_status":"open","ping_status":"closed","template":"","meta":{"_acf_changed":false,"_relevanssi_hide_post":"","_relevanssi_hide_content":"","_relevanssi_pin_for_all":"","_relevanssi_pin_keywords":"","_relevanssi_unpin_keywords":"","_relevanssi_related_keywords":"","_relevanssi_related_include_ids":"","_relevanssi_related_exclude_ids":"","_relevanssi_related_no_append":"","_relevanssi_related_not_related":"","_relevanssi_related_posts":"","_relevanssi_noindex_reason":""},"product_brand":[],"product_cat":[4731,4880,4842,4691],"product_tag":[1399,4919,4915,5166,4917,4914,4918,5004,6527,4920,4997],"class_list":{"0":"post-303148","1":"product","2":"type-product","3":"status-publish","4":"has-post-thumbnail","6":"product_cat-alle-liquids-fur-e-zigaretten","7":"product_cat-liquids-ohne-sucralose","8":"product_cat-my-eliquid-liquids","9":"product_cat-tabak-liquids-e-zigarette","10":"product_tag-aroma","11":"product_tag-dampfer","12":"product_tag-e-liquid","13":"product_tag-e-zigarette","14":"product_tag-e-zigi","15":"product_tag-eliquid","16":"product_tag-ezigarette","17":"product_tag-nachfuellfluessigkeit","18":"product_tag-tabak","19":"product_tag-verdampfer","20":"product_tag-virginia","21":"product_shipping_class-standard","23":"first","24":"instock","25":"taxable","26":"shipping-taxable","27":"purchasable","28":"product-type-variable"},"acf":[],"_links":{"self":[{"href":"https:\/\/my-eliquid.de\/it\/wp-json\/wp\/v2\/product\/303148","targetHints":{"allow":["GET"]}}],"collection":[{"href":"https:\/\/my-eliquid.de\/it\/wp-json\/wp\/v2\/product"}],"about":[{"href":"https:\/\/my-eliquid.de\/it\/wp-json\/wp\/v2\/types\/product"}],"replies":[{"embeddable":true,"href":"https:\/\/my-eliquid.de\/it\/wp-json\/wp\/v2\/comments?post=303148"}],"wp:featuredmedia":[{"embeddable":true,"href":"https:\/\/my-eliquid.de\/it\/wp-json\/wp\/v2\/media\/319427"}],"wp:attachment":[{"href":"https:\/\/my-eliquid.de\/it\/wp-json\/wp\/v2\/media?parent=303148"}],"wp:term":[{"taxonomy":"product_brand","embeddable":true,"href":"https:\/\/my-eliquid.de\/it\/wp-json\/wp\/v2\/product_brand?post=303148"},{"taxonomy":"product_cat","embeddable":true,"href":"https:\/\/my-eliquid.de\/it\/wp-json\/wp\/v2\/product_cat?post=303148"},{"taxonomy":"product_tag","embeddable":true,"href":"https:\/\/my-eliquid.de\/it\/wp-json\/wp\/v2\/product_tag?post=303148"}],"curies":[{"name":"wp","href":"https:\/\/api.w.org\/{rel}","templated":true}]}}