{"id":303167,"date":"2011-12-22T00:00:00","date_gmt":"2011-12-21T23:00:00","guid":{"rendered":"https:\/\/my-eliquid.de\/shop\/banane-liquid\/"},"modified":"2025-12-22T07:43:18","modified_gmt":"2025-12-22T06:43:18","slug":"banane-liquid","status":"publish","type":"product","link":"https:\/\/my-eliquid.de\/it\/shop\/banane-liquid\/","title":{"rendered":"Liquido alla banana"},"content":{"rendered":"<p>Il nostro <strong>Liquido alla banana<\/strong> punkte mit seinem unverkennbaren Geschmack von reifen Bananen und stammt aus der Linie der <strong>Liquidi alla frutta<\/strong>. Das gelbe Obst-Gl\u00fcck \u2013 ein fruchtig-s\u00fc\u00dfer Hochgenuss! All unsere Fl\u00fcssigkeiten werden bei uns vor Ort produziert und entsprechen h\u00f6chsten Sicherheitsstandards. Das <strong>Liquido alla banana<\/strong> \u00e8 privo di nicotina e disponibile in diversi <strong>Potenzialit\u00e0 della nicotina<\/strong> disponibile. Per uno sviluppo del sapore di lunga durata, si consiglia di utilizzare il <strong>Liquido elettronico<\/strong> Conservare al riparo dalla luce e in un luogo asciutto.<\/p>","protected":false},"excerpt":{"rendered":"<p>L'aroma di dolce, maturo <strong>banane<\/strong> \u00e8 senza dubbio uno dei sapori pi\u00f9 deliziosi del mondo della frutta: al pi\u00f9 tardi il nostro <strong>Liquido alla banana<\/strong> vi convincer\u00e0!<\/p>","protected":false},"featured_media":319467,"comment_status":"open","ping_status":"closed","template":"","meta":{"_acf_changed":false,"_relevanssi_hide_post":"","_relevanssi_hide_content":"","_relevanssi_pin_for_all":"","_relevanssi_pin_keywords":"","_relevanssi_unpin_keywords":"","_relevanssi_related_keywords":"","_relevanssi_related_include_ids":"","_relevanssi_related_exclude_ids":"","_relevanssi_related_no_append":"","_relevanssi_related_not_related":"","_relevanssi_related_posts":"","_relevanssi_noindex_reason":""},"product_brand":[],"product_cat":[4731,4690,4880,4842],"product_tag":[5003,4915,4914,4942,5004],"class_list":{"0":"post-303167","1":"product","2":"type-product","3":"status-publish","4":"has-post-thumbnail","6":"product_cat-alle-liquids-fur-e-zigaretten","7":"product_cat-frucht-liquids-e-zigarette","8":"product_cat-liquids-ohne-sucralose","9":"product_cat-my-eliquid-liquids","10":"product_tag-banane","11":"product_tag-e-liquid","12":"product_tag-eliquid","13":"product_tag-frucht","14":"product_tag-nachfuellfluessigkeit","15":"product_shipping_class-standard","17":"first","18":"instock","19":"taxable","20":"shipping-taxable","21":"purchasable","22":"product-type-variable"},"acf":[],"_links":{"self":[{"href":"https:\/\/my-eliquid.de\/it\/wp-json\/wp\/v2\/product\/303167","targetHints":{"allow":["GET"]}}],"collection":[{"href":"https:\/\/my-eliquid.de\/it\/wp-json\/wp\/v2\/product"}],"about":[{"href":"https:\/\/my-eliquid.de\/it\/wp-json\/wp\/v2\/types\/product"}],"replies":[{"embeddable":true,"href":"https:\/\/my-eliquid.de\/it\/wp-json\/wp\/v2\/comments?post=303167"}],"wp:featuredmedia":[{"embeddable":true,"href":"https:\/\/my-eliquid.de\/it\/wp-json\/wp\/v2\/media\/319467"}],"wp:attachment":[{"href":"https:\/\/my-eliquid.de\/it\/wp-json\/wp\/v2\/media?parent=303167"}],"wp:term":[{"taxonomy":"product_brand","embeddable":true,"href":"https:\/\/my-eliquid.de\/it\/wp-json\/wp\/v2\/product_brand?post=303167"},{"taxonomy":"product_cat","embeddable":true,"href":"https:\/\/my-eliquid.de\/it\/wp-json\/wp\/v2\/product_cat?post=303167"},{"taxonomy":"product_tag","embeddable":true,"href":"https:\/\/my-eliquid.de\/it\/wp-json\/wp\/v2\/product_tag?post=303167"}],"curies":[{"name":"wp","href":"https:\/\/api.w.org\/{rel}","templated":true}]}}