{"id":303170,"date":"2011-12-26T00:00:00","date_gmt":"2011-12-25T23:00:00","guid":{"rendered":"https:\/\/my-eliquid.de\/shop\/wassermelone-liquid\/"},"modified":"2026-01-20T15:25:04","modified_gmt":"2026-01-20T14:25:04","slug":"wassermelone-liquid","status":"publish","type":"product","link":"https:\/\/my-eliquid.de\/it\/shop\/wassermelone-liquid\/","title":{"rendered":"Acqua di anguria liquida"},"content":{"rendered":"<p>Il nostro <strong>Acqua di anguria liquida<\/strong> \u00fcberzeugt mit seinem vollmundigen, <strong>s\u00fc\u00df-saftigen Aroma<\/strong> da <strong>reifer Wassermelone<\/strong> e proviene dalla linea di <strong>Liquidi alla frutta<\/strong>. Fruchtiges <strong>Wassermelonen-Vergn\u00fcgen<\/strong> von dem man gar nicht genug bekommt! All unsere Fl\u00fcssigkeiten werden bei uns vor Ort produziert und entsprechen h\u00f6chsten Sicherheitsstandards. Das <strong>Acqua di anguria liquida<\/strong> \u00e8 privo di nicotina e disponibile in diversi <strong>Potenzialit\u00e0 della nicotina<\/strong> disponibile. Per uno sviluppo del sapore di lunga durata, si consiglia di utilizzare il <strong>Liquido elettronico<\/strong> Conservare al riparo dalla luce e in un luogo asciutto.<\/p>","protected":false},"excerpt":{"rendered":"<p>Il gusto succulento dell'estate, sempre e ovunque: il nostro <strong>Acqua di anguria liquida<\/strong> incanta con la deliziosa dolcezza e la freschezza fruttata di questo frutto squisito!<\/p>","protected":false},"featured_media":319470,"comment_status":"open","ping_status":"closed","template":"","meta":{"_acf_changed":false,"_relevanssi_hide_post":"","_relevanssi_hide_content":"","_relevanssi_pin_for_all":"","_relevanssi_pin_keywords":"","_relevanssi_unpin_keywords":"","_relevanssi_related_keywords":"","_relevanssi_related_include_ids":"","_relevanssi_related_exclude_ids":"","_relevanssi_related_no_append":"","_relevanssi_related_not_related":"","_relevanssi_related_posts":"","_relevanssi_noindex_reason":""},"product_brand":[],"product_cat":[4731,4690,4880,4842],"product_tag":[4919,4915,5166,4917,4914,4918,5004,4920,5032,5033],"class_list":{"0":"post-303170","1":"product","2":"type-product","3":"status-publish","4":"has-post-thumbnail","6":"product_cat-alle-liquids-fur-e-zigaretten","7":"product_cat-frucht-liquids-e-zigarette","8":"product_cat-liquids-ohne-sucralose","9":"product_cat-my-eliquid-liquids","10":"product_tag-dampfer","11":"product_tag-e-liquid","12":"product_tag-e-zigarette","13":"product_tag-e-zigi","14":"product_tag-eliquid","15":"product_tag-ezigarette","16":"product_tag-nachfuellfluessigkeit","17":"product_tag-verdampfer","18":"product_tag-wassermelone","19":"product_tag-watermelon","20":"product_shipping_class-standard","22":"first","23":"instock","24":"taxable","25":"shipping-taxable","26":"purchasable","27":"product-type-variable"},"acf":[],"_links":{"self":[{"href":"https:\/\/my-eliquid.de\/it\/wp-json\/wp\/v2\/product\/303170","targetHints":{"allow":["GET"]}}],"collection":[{"href":"https:\/\/my-eliquid.de\/it\/wp-json\/wp\/v2\/product"}],"about":[{"href":"https:\/\/my-eliquid.de\/it\/wp-json\/wp\/v2\/types\/product"}],"replies":[{"embeddable":true,"href":"https:\/\/my-eliquid.de\/it\/wp-json\/wp\/v2\/comments?post=303170"}],"wp:featuredmedia":[{"embeddable":true,"href":"https:\/\/my-eliquid.de\/it\/wp-json\/wp\/v2\/media\/319470"}],"wp:attachment":[{"href":"https:\/\/my-eliquid.de\/it\/wp-json\/wp\/v2\/media?parent=303170"}],"wp:term":[{"taxonomy":"product_brand","embeddable":true,"href":"https:\/\/my-eliquid.de\/it\/wp-json\/wp\/v2\/product_brand?post=303170"},{"taxonomy":"product_cat","embeddable":true,"href":"https:\/\/my-eliquid.de\/it\/wp-json\/wp\/v2\/product_cat?post=303170"},{"taxonomy":"product_tag","embeddable":true,"href":"https:\/\/my-eliquid.de\/it\/wp-json\/wp\/v2\/product_tag?post=303170"}],"curies":[{"name":"wp","href":"https:\/\/api.w.org\/{rel}","templated":true}]}}