{"id":305000,"date":"2024-03-07T00:00:00","date_gmt":"2024-03-06T23:00:00","guid":{"rendered":"https:\/\/my-eliquid.de\/shop\/uwell-caliburn-explorer-pod-kit-set\/"},"modified":"2025-11-25T13:54:02","modified_gmt":"2025-11-25T12:54:02","slug":"uwell-caliburn-explorer-pod-kit-set","status":"publish","type":"product","link":"https:\/\/my-eliquid.de\/it\/shop\/uwell-caliburn-explorer-pod-kit-set\/","title":{"rendered":"Uwell | Caliburn Explorer | Kit - Sistema a cialde"},"content":{"rendered":"<p><strong>Uwell Caliburn Explorer<\/strong>\u00a0Kit Pod<\/p>\n<p><span>Il Caliburn Explorer di Uwell vi mette alla prova del gusto, perch\u00e9 qui potete assaporare 2 liquidi diversi allo stesso tempo<\/span><span>che si possono combinare singolarmente, alternativamente o tra loro grazie a diverse modalit\u00e0. Il segreto \u00e8 nascosto nella cartuccia a cialda a doppia camera, che \u00e8 dotata di 2 bobine Uwell Caliburn G.\u00a0<\/span><span>(4 pezzi inclusi nella fornitura!). \u00c8 possibile riempire ogni camera con un massimo di 2 ml di e-liquid utilizzando il comodo sistema di riempimento laterale, per un totale di 4 ml di e-liquid.<\/span><\/p>\n<\/p>\n<p><span>Detalis:<br \/><\/span><\/p>\n<ul class=\"default_list_ul\">\n<li class=\"default_list_li\">Prodotto da Uwell<\/li>\n<li class=\"default_list_li\">Cartuccia a cialde a doppia camera<\/li>\n<li class=\"default_list_li\">Pulsante multifunzione<\/li>\n<li class=\"default_list_li\">Tecnologia del gusto Pro FOCS<\/li>\n<li class=\"default_list_li\">Capacit\u00e0 del liquido: 4 ml (2 x 2 ml)<\/li>\n<li class=\"default_list_li\">Comportamento del sorteggio: MTL - RDL<\/li>\n<li class=\"default_list_li\">Controllo automatico dei treni<\/li>\n<li class=\"default_list_li\">Capacit\u00e0 della batteria: 1000 mAh<\/li>\n<li class=\"default_list_li\">Visualizzazione dello stato della batteria<\/li>\n<li class=\"default_list_li\">Meccanismo di riempimento: riempimento laterale<\/li>\n<li class=\"default_list_li\">Flusso d'aria regolabile<\/li>\n<li class=\"default_list_li\">Materiale: PCTG, lega di alluminio<\/li>\n<li class=\"default_list_li\">Modalit\u00e0: Modalit\u00e0 bobina sinistra, modalit\u00e0 bobina destra, modalit\u00e0 doppia bobina, modalit\u00e0 alternata<\/li>\n<li class=\"default_list_li\">Connessione: USB-C<\/li>\n<li class=\"default_list_li\">Corrente di carica: 5 V \/ 2 A<\/li>\n<\/ul>\n<p><span>\u00a0<\/span><\/p>","protected":false},"excerpt":{"rendered":"<p>Il sistema di cialde Uwell Caliburn Explorer offre una versatilit\u00e0 e un sapore ineguagliabili.<\/p>","protected":false},"featured_media":319934,"comment_status":"open","ping_status":"closed","template":"","meta":{"_acf_changed":false,"_relevanssi_hide_post":"","_relevanssi_hide_content":"","_relevanssi_pin_for_all":"","_relevanssi_pin_keywords":"","_relevanssi_unpin_keywords":"","_relevanssi_related_keywords":"","_relevanssi_related_include_ids":"","_relevanssi_related_exclude_ids":"","_relevanssi_related_no_append":"","_relevanssi_related_not_related":"","_relevanssi_related_posts":"","_relevanssi_noindex_reason":""},"product_brand":[],"product_cat":[4713,4771,4781,4772,4722,4889],"product_tag":[1391,6748,5411,6358,7835,6712,6410,5859,6747,6750,6374],"class_list":{"0":"post-305000","1":"product","2":"type-product","3":"status-publish","4":"has-post-thumbnail","6":"product_cat-e-zigaretten","7":"product_cat-e-zigaretten-fuer-einsteiger","8":"product_cat-e-zigaretten-hersteller","9":"product_cat-e-zigaretten-sets","10":"product_cat-neuheiten","11":"product_cat-uwell","12":"product_tag-bitte","13":"product_tag-caliburn","14":"product_tag-e-zigaretten","15":"product_tag-einsteiger","16":"product_tag-explorer","17":"product_tag-fuer","18":"product_tag-kit","19":"product_tag-pod","20":"product_tag-sets","21":"product_tag-system","22":"product_tag-uwell","23":"product_shipping_class-standard","25":"first","26":"outofstock","27":"taxable","28":"shipping-taxable","29":"purchasable","30":"product-type-variable"},"acf":[],"_links":{"self":[{"href":"https:\/\/my-eliquid.de\/it\/wp-json\/wp\/v2\/product\/305000","targetHints":{"allow":["GET"]}}],"collection":[{"href":"https:\/\/my-eliquid.de\/it\/wp-json\/wp\/v2\/product"}],"about":[{"href":"https:\/\/my-eliquid.de\/it\/wp-json\/wp\/v2\/types\/product"}],"replies":[{"embeddable":true,"href":"https:\/\/my-eliquid.de\/it\/wp-json\/wp\/v2\/comments?post=305000"}],"wp:featuredmedia":[{"embeddable":true,"href":"https:\/\/my-eliquid.de\/it\/wp-json\/wp\/v2\/media\/319934"}],"wp:attachment":[{"href":"https:\/\/my-eliquid.de\/it\/wp-json\/wp\/v2\/media?parent=305000"}],"wp:term":[{"taxonomy":"product_brand","embeddable":true,"href":"https:\/\/my-eliquid.de\/it\/wp-json\/wp\/v2\/product_brand?post=305000"},{"taxonomy":"product_cat","embeddable":true,"href":"https:\/\/my-eliquid.de\/it\/wp-json\/wp\/v2\/product_cat?post=305000"},{"taxonomy":"product_tag","embeddable":true,"href":"https:\/\/my-eliquid.de\/it\/wp-json\/wp\/v2\/product_tag?post=305000"}],"curies":[{"name":"wp","href":"https:\/\/api.w.org\/{rel}","templated":true}]}}