{"id":305001,"date":"2023-10-18T00:00:00","date_gmt":"2023-10-17T22:00:00","guid":{"rendered":"https:\/\/my-eliquid.de\/shop\/vaporesso-eco-nano-pod-kit\/"},"modified":"2025-11-25T13:54:29","modified_gmt":"2025-11-25T12:54:29","slug":"vaporesso-eco-nano-pod-kit","status":"publish","type":"product","link":"https:\/\/my-eliquid.de\/it\/shop\/vaporesso-eco-nano-pod-kit\/","title":{"rendered":"Vaporesso | Eco Nano | Pod Kit"},"content":{"rendered":"<p><strong>Kit Pod Vaporesso Eco Nano<\/strong> <\/p>\n<p>Il kit Vaporesso Eco Nano \u00e8 stato progettato per rendere il vaping ancora pi\u00f9 semplice. L'estrazione automatica consente di svapare con facilit\u00e0, senza dover lottare con le impostazioni pi\u00f9 difficili. La sua forma sottile lo rende facile da portare in mano o in tasca. Il suo design leggero consente di portarlo con s\u00e9 ovunque, sia in viaggio che a casa.<\/p>\n<p>Grazie alla batteria integrata con una capacit\u00e0 di 1000 mAh, Eco Nano offre un'alimentazione continua per un vaping di lunga durata. \u00c8 possibile tenere facilmente sotto controllo lo stato della batteria tramite un display a LED e sapere sempre quando \u00e8 il momento di ricaricarla.<\/p>\n<h2>Le bobine dell'Eco Nano<\/h2>\n<p>L'Eco Nano Pod \u00e8 dotato di bobine Corex di prima classe, note per l'eccellente sapore e il forte sviluppo di vapore. Queste testine di vaporizzazione con una resistenza di 1,2 o 0,8 ohm sono ideali per l'Eco Nano. Le cialde intercambiabili rendono il funzionamento semplice e lasciano spazio alla personalizzazione delle preferenze di svapo.<\/p>\n<\/p>\n<p><strong>Tutti i dati:<\/strong><\/p>\n<ul>\n<li>Volume del serbatoio: 6 ml<\/li>\n<li>Batteria: 1000mAh<\/li>\n<li>Connessione USB-C<\/li>\n<li>Sistema di riempimento superiore<\/li>\n<li>Potenza: max. 25 watt<\/li>\n<li>Dimensioni: 77 mm x 18 mm x 44,7 mm<\/li>\n<\/ul>\n<p>\u00a0<\/p>","protected":false},"excerpt":{"rendered":"<p>Il <strong>Kit Pod Vaporesso Eco Nano<\/strong>\u00a0 Grazie al suo design sottile e maneggevole, il kit Pod Eco Nano di Vaporesso colpisce per il mix di eleganza, mobilit\u00e0 e maneggevolezza.<\/p>","protected":false},"featured_media":319897,"comment_status":"open","ping_status":"closed","template":"","meta":{"_acf_changed":false,"_relevanssi_hide_post":"","_relevanssi_hide_content":"","_relevanssi_pin_for_all":"","_relevanssi_pin_keywords":"","_relevanssi_unpin_keywords":"","_relevanssi_related_keywords":"","_relevanssi_related_include_ids":"","_relevanssi_related_exclude_ids":"","_relevanssi_related_no_append":"","_relevanssi_related_not_related":"","_relevanssi_related_posts":"","_relevanssi_noindex_reason":""},"product_brand":[],"product_cat":[4713,4771,4781,4772,4722,4810],"product_tag":[1391,5411,6970,6358,6712,4974,6410,6468,5859,6747,6051],"class_list":{"0":"post-305001","1":"product","2":"type-product","3":"status-publish","4":"has-post-thumbnail","6":"product_cat-e-zigaretten","7":"product_cat-e-zigaretten-fuer-einsteiger","8":"product_cat-e-zigaretten-hersteller","9":"product_cat-e-zigaretten-sets","10":"product_cat-neuheiten","11":"product_cat-vaporesso","12":"product_tag-bitte","13":"product_tag-e-zigaretten","14":"product_tag-eco","15":"product_tag-einsteiger","16":"product_tag-fuer","17":"product_tag-hersteller","18":"product_tag-kit","19":"product_tag-nano","20":"product_tag-pod","21":"product_tag-sets","22":"product_tag-vaporesso","23":"product_shipping_class-standard","25":"first","26":"instock","27":"taxable","28":"shipping-taxable","29":"purchasable","30":"product-type-variable"},"acf":[],"_links":{"self":[{"href":"https:\/\/my-eliquid.de\/it\/wp-json\/wp\/v2\/product\/305001","targetHints":{"allow":["GET"]}}],"collection":[{"href":"https:\/\/my-eliquid.de\/it\/wp-json\/wp\/v2\/product"}],"about":[{"href":"https:\/\/my-eliquid.de\/it\/wp-json\/wp\/v2\/types\/product"}],"replies":[{"embeddable":true,"href":"https:\/\/my-eliquid.de\/it\/wp-json\/wp\/v2\/comments?post=305001"}],"wp:featuredmedia":[{"embeddable":true,"href":"https:\/\/my-eliquid.de\/it\/wp-json\/wp\/v2\/media\/319897"}],"wp:attachment":[{"href":"https:\/\/my-eliquid.de\/it\/wp-json\/wp\/v2\/media?parent=305001"}],"wp:term":[{"taxonomy":"product_brand","embeddable":true,"href":"https:\/\/my-eliquid.de\/it\/wp-json\/wp\/v2\/product_brand?post=305001"},{"taxonomy":"product_cat","embeddable":true,"href":"https:\/\/my-eliquid.de\/it\/wp-json\/wp\/v2\/product_cat?post=305001"},{"taxonomy":"product_tag","embeddable":true,"href":"https:\/\/my-eliquid.de\/it\/wp-json\/wp\/v2\/product_tag?post=305001"}],"curies":[{"name":"wp","href":"https:\/\/api.w.org\/{rel}","templated":true}]}}