{"id":305002,"date":"2024-09-27T00:00:00","date_gmt":"2024-09-26T22:00:00","guid":{"rendered":"https:\/\/my-eliquid.de\/shop\/elfbar-elfa-turbo-pod-kit\/"},"modified":"2025-11-25T13:48:41","modified_gmt":"2025-11-25T12:48:41","slug":"elfbar-elfa-turbo-pod-kit","status":"publish","type":"product","link":"https:\/\/my-eliquid.de\/it\/shop\/elfbar-elfa-turbo-pod-kit\/","title":{"rendered":"Elfbar | ELFA | Turbo | Kit Pod"},"content":{"rendered":"<p><strong>Elfbar ELFA Turbo - Kit Pod ricaricabile Turbo<\/strong><\/p>\n<ul>\n<li><strong>Batteria:<\/strong> 550 mAh<\/li>\n<li><strong>Resistenza:<\/strong> 0,8 Ohm<\/li>\n<li><strong>Tipo di bobina:<\/strong> Bobina di rete<\/li>\n<li><strong>Volume di riempimento:<\/strong> 2 ml<\/li>\n<li><strong>Connessione di ricarica:<\/strong> USB-C<\/li>\n<li><strong>Peso:<\/strong> 30 g<\/li>\n<li><strong>Dimensioni:<\/strong> 113 mm x 16 mm<\/li>\n<li><strong>Fusibile:<\/strong> Interruttore on\/off a 3 posizioni<\/li>\n<li><strong>Ripieno:<\/strong> Sistema di riempimento laterale<\/li>\n<li><strong>Attivazione:<\/strong> Controllo automatico dei treni<\/li>\n<li><strong>In evidenza:<\/strong> Display a LED per il livello di potenza selezionato<\/li>\n<li><strong>Modalit\u00e0 di prestazione:<\/strong>\n<ul>\n<li><strong>Modalit\u00e0 Turbo:<\/strong> Pi\u00f9 vapore e sapore pi\u00f9 intenso<\/li>\n<li><strong>Modalit\u00e0 durevole:<\/strong> Produzione di vapore equilibrata con una maggiore durata della batteria<\/li>\n<\/ul>\n<\/li>\n<\/ul>\n<p>La batteria integrata da 550 mAh del kit Pod ricaricabile ELFA Turbo garantisce prestazioni affidabili, che possono essere ricaricate rapidamente grazie alla connessione USB Type-C. Con una potenza di uscita compresa tra 9 e 18 watt, il dispositivo si adatta automaticamente alle esigenze dell'utente. Due modalit\u00e0 di alimentazione selezionabili - la modalit\u00e0 Turbo per un'esperienza di vapore e sapore pi\u00f9 intensa e la modalit\u00e0 Durable per una maggiore durata della batteria - consentono di personalizzare l'esperienza di svapo.<\/p>\n<p>La modalit\u00e0 di alimentazione si seleziona comodamente premendo un pulsante, mentre la striscia LED integrata indica la modalit\u00e0 corrente (blu per Turbo, bianco per Durable) e visualizza anche lo stato della batteria in tre fasi. La pratica funzione di estrazione automatica attiva il dispositivo tramite l'inalazione, mentre la funzione di accensione\/spegnimento a 3 tiri offre un'ulteriore sicurezza, compreso il blocco per i bambini.<\/p>\n<p><strong>Note importanti e istruzioni di sicurezza:<\/strong><br \/> - Questo prodotto \u00e8 destinato esclusivamente a persone di et\u00e0 superiore ai 18 anni.<br \/> - Non utilizzare se l'apparecchio o la batteria presentano danni visibili. In caso di malfunzionamento o surriscaldamento, spegnere immediatamente l'apparecchio e contattare il servizio clienti.<br \/> - Le batterie e i componenti elettronici non devono essere aperti, manomessi o smaltiti in modo improprio. Osservare le linee guida per lo smaltimento delle batterie e dei rifiuti elettronici.<br \/> - Utilizzare solo liquidi e accessori compatibili secondo le istruzioni del produttore.<br \/> - L'apparecchio \u00e8 progettato esclusivamente per l'uso previsto come vaporizzatore. Un uso improprio o non corretto pu\u00f2 provocare lesioni o danni.<\/p>\n<p>Scoprite un'esperienza di vaping innovativa e personalizzata con il kit Pod ricaricabile Elfbar ELFA Turbo, che convince per la sua tecnologia avanzata e il suo funzionamento semplice. Ordinate ora e approfittate di un prodotto che combina sicurezza, prestazioni e stile in perfetta armonia!<\/p>","protected":false},"excerpt":{"rendered":"<p>Il <strong>Il kit Pod ricaricabile Elfa Turbo di Elfbar \u00e8 un moderno sistema pod appositamente progettato per un accogliente mouth-to-lung (MTL).<\/p>","protected":false},"featured_media":319898,"comment_status":"open","ping_status":"closed","template":"","meta":{"_acf_changed":false,"_relevanssi_hide_post":"","_relevanssi_hide_content":"","_relevanssi_pin_for_all":"","_relevanssi_pin_keywords":"","_relevanssi_unpin_keywords":"","_relevanssi_related_keywords":"","_relevanssi_related_include_ids":"","_relevanssi_related_exclude_ids":"","_relevanssi_related_no_append":"","_relevanssi_related_not_related":"","_relevanssi_related_posts":"","_relevanssi_noindex_reason":""},"product_brand":[],"product_cat":[4713,4771,4781,4772,4906,4886,4722,4793],"product_tag":[1391,6813,6410,7853,5859,7855,6546,7016,7854],"class_list":{"0":"post-305002","1":"product","2":"type-product","3":"status-publish","4":"has-post-thumbnail","6":"product_cat-e-zigaretten","7":"product_cat-e-zigaretten-fuer-einsteiger","8":"product_cat-e-zigaretten-hersteller","9":"product_cat-e-zigaretten-sets","10":"product_cat-elfbar","11":"product_cat-lagerverkauf-hardware-sale","12":"product_cat-neuheiten","13":"product_cat-e-zigaretten-liquid-basen-aroma-vape-sale","14":"product_tag-bitte","15":"product_tag-elfa","16":"product_tag-kit","17":"product_tag-lfbar","18":"product_tag-pod","19":"product_tag-refillable","20":"product_tag-salz","21":"product_tag-salzliquid","22":"product_tag-turbo","23":"product_shipping_class-standard","25":"first","26":"outofstock","27":"taxable","28":"shipping-taxable","29":"purchasable","30":"product-type-variable"},"acf":[],"_links":{"self":[{"href":"https:\/\/my-eliquid.de\/it\/wp-json\/wp\/v2\/product\/305002","targetHints":{"allow":["GET"]}}],"collection":[{"href":"https:\/\/my-eliquid.de\/it\/wp-json\/wp\/v2\/product"}],"about":[{"href":"https:\/\/my-eliquid.de\/it\/wp-json\/wp\/v2\/types\/product"}],"replies":[{"embeddable":true,"href":"https:\/\/my-eliquid.de\/it\/wp-json\/wp\/v2\/comments?post=305002"}],"wp:featuredmedia":[{"embeddable":true,"href":"https:\/\/my-eliquid.de\/it\/wp-json\/wp\/v2\/media\/319898"}],"wp:attachment":[{"href":"https:\/\/my-eliquid.de\/it\/wp-json\/wp\/v2\/media?parent=305002"}],"wp:term":[{"taxonomy":"product_brand","embeddable":true,"href":"https:\/\/my-eliquid.de\/it\/wp-json\/wp\/v2\/product_brand?post=305002"},{"taxonomy":"product_cat","embeddable":true,"href":"https:\/\/my-eliquid.de\/it\/wp-json\/wp\/v2\/product_cat?post=305002"},{"taxonomy":"product_tag","embeddable":true,"href":"https:\/\/my-eliquid.de\/it\/wp-json\/wp\/v2\/product_tag?post=305002"}],"curies":[{"name":"wp","href":"https:\/\/api.w.org\/{rel}","templated":true}]}}