{"id":305005,"date":"2024-06-25T00:00:00","date_gmt":"2024-06-24T22:00:00","guid":{"rendered":"https:\/\/my-eliquid.de\/shop\/lost-mary-tappo-basisgerat\/"},"modified":"2025-11-25T13:50:57","modified_gmt":"2025-11-25T12:50:57","slug":"lost-mary-tappo-basisgerat","status":"publish","type":"product","link":"https:\/\/my-eliquid.de\/it\/shop\/lost-mary-tappo-basisgerat\/","title":{"rendered":"Maria perduta | Tappo | Unit\u00e0 di base"},"content":{"rendered":"<h3>Lost Mary Tappo - La batteria perfetta per un'esperienza di vaping eccezionale<\/h3>\n<p>Lost Mary Tappo \u00e8 la batteria ideale per le cialde Tappo preriempite dello stesso produttore. In alternativa, il dispositivo pu\u00f2 essere utilizzato anche con le cialde pre-riempite ELFBAR Elfa. Dotato di una batteria interna con una capacit\u00e0 di 750 mAh, il Lost Mary Tappo offre prestazioni impressionanti e una lunga durata.<\/p>\n<p>Un indicatore LED integrato mostra il livello di carica della batteria:<\/p>\n<ul>\n<li><strong>Verde<\/strong> (>50%)<\/li>\n<li><strong>Blu<\/strong> (50-20%)<\/li>\n<li><strong>Rosso<\/strong> (<20%)<\/li>\n<\/ul>\n<p>Grazie al cavo USB di tipo C, il dispositivo pu\u00f2 essere ricaricato in modo rapido ed efficiente. La batteria di Lost Mary Tappo si attiva tirando il bocchino, rendendo l'uso facile e intuitivo. La combinazione di cialde sostituibili e batteria ricaricabile rende il sistema Lost Mary PreFilled Pod System un'alternativa pi\u00f9 ecologica rispetto alle sigarette elettroniche usa e getta.<\/p>\n<p><strong>Cialde Tappo pre-riempite da Lost Mary<\/strong><\/p>\n<p>Le cialde Tappo preriempite di Lost Mary sono disponibili nel nostro negozio in 10 gusti diversi. Ogni cialda \u00e8 precaricata con 2 millilitri di liquido al sale di nicotina (20 mg\/ml) e contiene una bobina QUAQ Mesh Coil con una resistenza di 1,2 ohm, che assicura una piacevole esperienza di svapo con boccate dalla bocca ai polmoni. Il serbatoio della Lost Mary PreFilled Pods non \u00e8 ricaricabile, il che rende la gestione particolarmente semplice.<\/p>\n<p><strong>Compatibilit\u00e0 con le cialde ELFBAR Elfa<\/strong><\/p>\n<p>La batteria Lost Mary Tappo \u00e8 compatibile anche con le cialde pre-riempite ELFBAR Elfa, che offrono un'ampia gamma di aromi. Anche le cialde del sistema Elfa contengono 2 millilitri di liquido ai sali di nicotina con un'intensit\u00e0 di nicotina di 20 mg\/ml e utilizzano una coil a rete integrata. Vengono collegate alla batteria Tappo semplicemente collegandole tra loro, il che le rende facili da usare.<\/p>\n<p><strong>I vantaggi in sintesi:<\/strong><\/p>\n<ul>\n<li><strong>Batteria di alta qualit\u00e0<\/strong>Capacit\u00e0 di 750 mAh per una lunga durata.<\/li>\n<li><strong>Indicatore LED<\/strong>Indica il livello di carica in tre colori.<\/li>\n<li><strong>Ricarica rapida<\/strong>Cavo USB di tipo C per una ricarica efficiente.<\/li>\n<li><strong>Attivazione semplice<\/strong>Tirando il boccaglio.<\/li>\n<li><strong>Rispettoso dell'ambiente<\/strong>Batteria ricaricabile e cialde sostituibili.<\/li>\n<li><strong>Variet\u00e0 di sapori<\/strong>10 gusti per le Tappo Pods, ampia scelta per le Elfa Pods.<\/li>\n<\/ul>\n<p>Provate l'esperienza di svapo definitiva con Lost Mary Tappo e le pod compatibili. Ordinate ora e godetevi la perfetta combinazione di convenienza, qualit\u00e0 e sapore!<\/p>","protected":false},"excerpt":{"rendered":"<p>Provate l'esperienza di svapo definitiva con Lost Mary Tappo e le pod compatibili. Ordinate ora e godetevi la perfetta combinazione di convenienza, qualit\u00e0 e sapore!<\/p>","protected":false},"featured_media":319880,"comment_status":"open","ping_status":"closed","template":"","meta":{"_acf_changed":false,"_relevanssi_hide_post":"","_relevanssi_hide_content":"","_relevanssi_pin_for_all":"","_relevanssi_pin_keywords":"","_relevanssi_unpin_keywords":"","_relevanssi_related_keywords":"","_relevanssi_related_include_ids":"","_relevanssi_related_exclude_ids":"","_relevanssi_related_no_append":"","_relevanssi_related_not_related":"","_relevanssi_related_posts":"","_relevanssi_noindex_reason":""},"product_brand":[],"product_cat":[4713,4771,4781,4772,4906,4886,4722,4793],"product_tag":[7014,1391,6410,6814,7216,5859,7015,6546,7016,7217],"class_list":{"0":"post-305005","1":"product","2":"type-product","3":"status-publish","4":"has-post-thumbnail","6":"product_cat-e-zigaretten","7":"product_cat-e-zigaretten-fuer-einsteiger","8":"product_cat-e-zigaretten-hersteller","9":"product_cat-e-zigaretten-sets","10":"product_cat-elfbar","11":"product_cat-lagerverkauf-hardware-sale","12":"product_cat-neuheiten","13":"product_cat-e-zigaretten-liquid-basen-aroma-vape-sale","14":"product_tag-basisgeraet","15":"product_tag-bitte","16":"product_tag-kit","17":"product_tag-lost","18":"product_tag-mary","19":"product_tag-pod","20":"product_tag-prefilled","21":"product_tag-salz","22":"product_tag-salzliquid","23":"product_tag-tappo","24":"product_shipping_class-standard","26":"first","27":"instock","28":"sale","29":"taxable","30":"shipping-taxable","31":"purchasable","32":"product-type-variable"},"acf":[],"_links":{"self":[{"href":"https:\/\/my-eliquid.de\/it\/wp-json\/wp\/v2\/product\/305005","targetHints":{"allow":["GET"]}}],"collection":[{"href":"https:\/\/my-eliquid.de\/it\/wp-json\/wp\/v2\/product"}],"about":[{"href":"https:\/\/my-eliquid.de\/it\/wp-json\/wp\/v2\/types\/product"}],"replies":[{"embeddable":true,"href":"https:\/\/my-eliquid.de\/it\/wp-json\/wp\/v2\/comments?post=305005"}],"wp:featuredmedia":[{"embeddable":true,"href":"https:\/\/my-eliquid.de\/it\/wp-json\/wp\/v2\/media\/319880"}],"wp:attachment":[{"href":"https:\/\/my-eliquid.de\/it\/wp-json\/wp\/v2\/media?parent=305005"}],"wp:term":[{"taxonomy":"product_brand","embeddable":true,"href":"https:\/\/my-eliquid.de\/it\/wp-json\/wp\/v2\/product_brand?post=305005"},{"taxonomy":"product_cat","embeddable":true,"href":"https:\/\/my-eliquid.de\/it\/wp-json\/wp\/v2\/product_cat?post=305005"},{"taxonomy":"product_tag","embeddable":true,"href":"https:\/\/my-eliquid.de\/it\/wp-json\/wp\/v2\/product_tag?post=305005"}],"curies":[{"name":"wp","href":"https:\/\/api.w.org\/{rel}","templated":true}]}}