{"id":305017,"date":"2022-11-17T00:00:00","date_gmt":"2022-11-16T23:00:00","guid":{"rendered":"https:\/\/my-eliquid.de\/shop\/dotmod-dotsick-revo-2\/"},"modified":"2025-11-25T13:48:27","modified_gmt":"2025-11-25T12:48:27","slug":"dotmod-dotsick-revo-2","status":"publish","type":"product","link":"https:\/\/my-eliquid.de\/it\/shop\/dotmod-dotsick-revo-2\/","title":{"rendered":"dotMod | dotPod Nano | Kit per pod"},"content":{"rendered":"<p><strong>DotMod dotPod Nano Pod Kit<\/strong><br \/>\nElegante, raffinato e senza inutili fronzoli: questo \u00e8 il kit DotMod dotPod Nano. Grazie alla sua forma quadrata, questa moderna sigaretta elettronica si adatta perfettamente alla mano ed \u00e8 facile da riporre in qualsiasi tasca. La superficie in lega di zinco di alta qualit\u00e0, combinata con il raffinato rivestimento in morbida pelle, offre un'ottima sensazione al tatto e un tocco di lusso in pi\u00f9 quando si svapa con il kit DotMod dotPod Nano. Progettato specificamente per i vapers MTL e RDL, il kit viene fornito con un cordino da portare al collo e da esibire.<\/p>\n<p>Nonostante le sue dimensioni ridotte, il kit dotPod Nano \u00e8 dotato di una potente <strong>800 mAh<\/strong> che non si esaurisce nemmeno dopo un lungo periodo senza ricarica. Tuttavia, se l'energia si esaurisce, la batteria pu\u00f2 essere ricaricata immediatamente tramite la porta USB-C standard del dispositivo. Grazie alla pratica funzione pass-through, \u00e8 possibile svapare con il kit DotMod dotPod Nano anche durante la ricarica. A proposito: DotMod non utilizza un pulsante di accensione con questo kit - l'unico controllo \u00e8 tramite il pratico voltaggio automatico. La regolazione della potenza del kit \u00e8 completamente automatica a seconda della capsula utilizzata. Il risultato \u00e8 una potenza massima di 18 watt.<\/p>\n<p>Lo speciale <strong>Cialde DotMod Nano<\/strong> sono disponibili in due versioni: con resistenza da 0,8 o 1,0 ohm. Grazie alle teste a rete del vaporizzatore, il liquido in queste cialde viene riscaldato in modo particolarmente uniforme e garantisce uno sviluppo sensazionale del sapore. Le cialde contengono fino a 2 ml di liquido e si riempiono con un pratico sistema di riempimento laterale.<\/p>\n<p><span><span><strong>Dati:<\/strong><\/span><\/span><\/p>\n<ul>\n<li><span><span>Design elegante e sottile<\/span><\/span><\/li>\n<li><span><span>Batteria integrata da 800 mAh<\/span><\/span><\/li>\n<li><span><span>Porta di ricarica USB Tipo-C<\/span><\/span><\/li>\n<li><span><span>Potenza di uscita: 18 watt<\/span><\/span><\/li>\n<li><span><span>Controllo automatico dei treni<\/span><\/span><\/li>\n<li><span><span>Indicatore di stato della batteria a LED<\/span><\/span><\/li>\n<li><span><span>Cialde intercambiabili e ricaricabili<\/span><\/span><\/li>\n<li><span><span>Volume del serbatoio da 2 ml<\/span><\/span><\/li>\n<li><span><span>Sistema di riempimento laterale<\/span><\/span><\/li>\n<\/ul>\n<p><span><span><strong>Dimensioni:<\/strong><\/span><\/span><\/p>\n<ul>\n<li><span><span>Lunghezza: 49,5 mm (senza capsula)<\/span><\/span><\/li>\n<li><span><span>Larghezza: 49,5 mm<\/span><\/span><\/li>\n<li><span><span>Profondit\u00e0: 15 mm<\/span><\/span><\/li>\n<li><span><span>Peso: 79,3 g<\/span><\/span><\/li>\n<\/ul>","protected":false},"excerpt":{"rendered":"<p><strong>DotMod dotPod Nano<\/strong> e pu\u00f2 essere facilmente riposto in qualsiasi tasca.<\/p>","protected":false},"featured_media":319390,"comment_status":"open","ping_status":"closed","template":"","meta":{"_acf_changed":false,"_relevanssi_hide_post":"","_relevanssi_hide_content":"","_relevanssi_pin_for_all":"","_relevanssi_pin_keywords":"","_relevanssi_unpin_keywords":"","_relevanssi_related_keywords":"","_relevanssi_related_include_ids":"","_relevanssi_related_exclude_ids":"","_relevanssi_related_no_append":"","_relevanssi_related_not_related":"","_relevanssi_related_posts":"","_relevanssi_noindex_reason":""},"product_brand":[],"product_cat":[4773,4782,4784,4887,4713,4771,4781,4772,4886,4785,4722,4793],"product_tag":[6353,6467,5166,6358,6359,6356,6357,6410,6468,5859],"class_list":{"0":"post-305017","1":"product","2":"type-product","3":"status-publish","4":"has-post-thumbnail","6":"product_cat-e-zigaretten-akkutraeger","7":"product_cat-box-mod","8":"product_cat-box-mod-digital","9":"product_cat-dotmod","10":"product_cat-e-zigaretten","11":"product_cat-e-zigaretten-fuer-einsteiger","12":"product_cat-e-zigaretten-hersteller","13":"product_cat-e-zigaretten-sets","14":"product_cat-lagerverkauf-hardware-sale","15":"product_cat-box-mod-mechanisch","16":"product_cat-neuheiten","17":"product_cat-e-zigaretten-liquid-basen-aroma-vape-sale","18":"product_tag-dotmod","19":"product_tag-dotpod","20":"product_tag-e-zigarette","21":"product_tag-einsteiger","22":"product_tag-fertigcoils","23":"product_tag-fertigverdampfer","24":"product_tag-hardware","25":"product_tag-kit","26":"product_tag-nano","27":"product_tag-pod","28":"product_shipping_class-standard","30":"first","31":"instock","32":"sale","33":"taxable","34":"shipping-taxable","35":"purchasable","36":"product-type-variable"},"acf":[],"_links":{"self":[{"href":"https:\/\/my-eliquid.de\/it\/wp-json\/wp\/v2\/product\/305017","targetHints":{"allow":["GET"]}}],"collection":[{"href":"https:\/\/my-eliquid.de\/it\/wp-json\/wp\/v2\/product"}],"about":[{"href":"https:\/\/my-eliquid.de\/it\/wp-json\/wp\/v2\/types\/product"}],"replies":[{"embeddable":true,"href":"https:\/\/my-eliquid.de\/it\/wp-json\/wp\/v2\/comments?post=305017"}],"wp:featuredmedia":[{"embeddable":true,"href":"https:\/\/my-eliquid.de\/it\/wp-json\/wp\/v2\/media\/319390"}],"wp:attachment":[{"href":"https:\/\/my-eliquid.de\/it\/wp-json\/wp\/v2\/media?parent=305017"}],"wp:term":[{"taxonomy":"product_brand","embeddable":true,"href":"https:\/\/my-eliquid.de\/it\/wp-json\/wp\/v2\/product_brand?post=305017"},{"taxonomy":"product_cat","embeddable":true,"href":"https:\/\/my-eliquid.de\/it\/wp-json\/wp\/v2\/product_cat?post=305017"},{"taxonomy":"product_tag","embeddable":true,"href":"https:\/\/my-eliquid.de\/it\/wp-json\/wp\/v2\/product_tag?post=305017"}],"curies":[{"name":"wp","href":"https:\/\/api.w.org\/{rel}","templated":true}]}}