{"id":305021,"date":"2022-05-18T00:00:00","date_gmt":"2022-05-17T22:00:00","guid":{"rendered":"https:\/\/my-eliquid.de\/shop\/geekvape-aegis-boost-coils-2\/"},"modified":"2025-11-25T13:49:30","modified_gmt":"2025-11-25T12:49:30","slug":"geekvape-aegis-boost-coils-2","status":"publish","type":"product","link":"https:\/\/my-eliquid.de\/it\/shop\/geekvape-aegis-boost-coils-2\/","title":{"rendered":"GeekVape | Testa del vaporizzatore a bobina serie B"},"content":{"rendered":"<p><strong>GeekVape B-Series Coils \u2013 Pr\u00e4zision f\u00fcr Ihr Dampferlebnis<\/strong><\/p>\n<p>Entdecken Sie die GeekVape B-Series Coils, entwickelt f\u00fcr ein intensives Geschmackserlebnis und optimale Performance. Die verschiedenen Coils bieten Ihnen eine flexible Auswahl, die sich exakt an Ihre individuellen Dampfanforderungen anpassen l\u00e4sst:<\/p>\n<ul>\n<li> <strong>GeekVape B0.2 Coil<\/strong> \u2013 Verdampferkopf mit 0.2 Ohm, ausgelegt f\u00fcr einen direkten Lungenzug (DL) bei einer Leistung von 50\u201358 Watt. Dieser Coil sorgt f\u00fcr einen intensiven Geschmack und schnelles Anspringverhalten. <\/li>\n<li> <strong>GeekVape B0.3 Coil<\/strong> \u2013 Verdampferkopf mit 0.3 Ohm, ideal f\u00fcr einen direkten Lungenzug bei einer Leistung von 30\u201338 Watt. Er bietet ein hervorragendes Geschmackserlebnis und eine gleichm\u00e4\u00dfige Dampfproduktion. <\/li>\n<li> <strong>GeekVape B0.4 Coil<\/strong> \u2013 Verdampferkopf mit 0.4 Ohm, konzipiert f\u00fcr einen direkten Lungenzug bei einer Leistung von 25\u201335 Watt. Genie\u00dfen Sie dabei eine perfekte Balance zwischen Dampf und Aroma. <\/li>\n<li> <strong>GeekVape B0.6 Coil<\/strong> \u2013 Verdampferkopf mit 0.6 Ohm, speziell f\u00fcr einen indirekten Lungenzug (MTL) bei einer Leistung von 15\u201325 Watt entwickelt. Dieser Coil bietet ein sanfteres Dampferlebnis mit vollem Geschmack. <\/li>\n<\/ul>\n<p><strong>Note importanti e istruzioni di sicurezza:<\/strong><br \/> - Questo prodotto \u00e8 destinato esclusivamente a persone di et\u00e0 superiore ai 18 anni.<br \/> \u2022 Verwenden Sie die Coils ausschlie\u00dflich in Verbindung mit kompatiblen Verdampfern und gem\u00e4\u00df den Herstellerangaben.<br \/> \u2022 Unsachgem\u00e4\u00dfer Einbau oder die Nutzung in nicht geeigneten Ger\u00e4ten k\u00f6nnen zu Fehlfunktionen, \u00dcberhitzung oder anderen Gefahren f\u00fchren. Bitte halten Sie sich strikt an die Bedienungsanleitungen.<br \/> \u2022 Achten Sie stets auf eine fachgerechte Handhabung, um m\u00f6gliche Besch\u00e4digungen oder Verletzungen zu vermeiden.<br \/> \u2022 Alle verwendeten Komponenten sind nicht zum direkten Verzehr bestimmt.<\/p>\n<p>Setzen Sie auf die hochwertige Qualit\u00e4t der GeekVape B-Series Coils und erleben Sie ein Dampferlebnis, das durch pr\u00e4zise Technik und intensiven Geschmack \u00fcberzeugt \u2013 perfekt abgestimmt auf Ihre individuellen Bed\u00fcrfnisse.<\/p>","protected":false},"excerpt":{"rendered":"<h3 style=\"font-weight: 400;line-height: 1.1;font-size: 1.8rem;margin-top: 1.5rem;margin-bottom: 1rem;font-family: 'Open Sans', 'Helvetica Neue', Helvetica, Arial, sans-serif\">Ambito di consegna<\/h3>\n<ul style=\"margin-top: 0px;margin-bottom: 2.5rem;font-family: 'Open Sans', 'Helvetica Neue', Helvetica, Arial, sans-serif;font-size: 14px\">\n<li style=\"margin-top: 0px;margin-bottom: 1rem\">Compatibile: GeekVape Aegis Boost Kit, Aegis Boost Plus Pod Kit, Aegis 45 Pod Kit, Aegis Mini 2 Kit, Z Nano Tank<\/li>\n<li style=\"margin-top: 0px;margin-bottom: 1rem\">Resistenza: 0,2 Ohm \/ 0,3 Ohm \/ 0,6 Ohm \/ 0,4 Ohm<\/li>\n<\/ul>\n<p style=\"font-family: 'Open Sans', 'Helvetica Neue', Helvetica, Arial, sans-serif;font-size: 14px\">Si prega di notare che questo prodotto \u00e8 destinato esclusivamente all'uso negli apparecchi specificati. \u00c8 essenziale che l'installazione e la manipolazione avvengano secondo le istruzioni del produttore. Per garantire prestazioni e sicurezza ottimali, utilizzare le bobine solo in combinazione con vaporizzatori compatibili. Questo prodotto \u00e8 destinato esclusivamente a persone di et\u00e0 superiore ai 18 anni.<\/p>","protected":false},"featured_media":319639,"comment_status":"open","ping_status":"closed","template":"","meta":{"_acf_changed":false,"_relevanssi_hide_post":"","_relevanssi_hide_content":"","_relevanssi_pin_for_all":"","_relevanssi_pin_keywords":"","_relevanssi_unpin_keywords":"","_relevanssi_related_keywords":"","_relevanssi_related_include_ids":"","_relevanssi_related_exclude_ids":"","_relevanssi_related_no_append":"","_relevanssi_related_not_related":"","_relevanssi_related_posts":"","_relevanssi_noindex_reason":""},"product_brand":[],"product_cat":[4713,4781,4814,4778],"product_tag":[7199,6781,5411,6071,5423],"class_list":{"0":"post-305021","1":"product","2":"type-product","3":"status-publish","4":"has-post-thumbnail","6":"product_cat-e-zigaretten","7":"product_cat-e-zigaretten-hersteller","8":"product_cat-geekvape","9":"product_cat-verdampferkoepfe","10":"product_tag-b-series","11":"product_tag-coils","12":"product_tag-e-zigaretten","13":"product_tag-geekvape","14":"product_tag-verdampferkoepfe","15":"product_shipping_class-standard","17":"first","18":"instock","19":"taxable","20":"shipping-taxable","21":"purchasable","22":"product-type-variable"},"acf":[],"_links":{"self":[{"href":"https:\/\/my-eliquid.de\/it\/wp-json\/wp\/v2\/product\/305021","targetHints":{"allow":["GET"]}}],"collection":[{"href":"https:\/\/my-eliquid.de\/it\/wp-json\/wp\/v2\/product"}],"about":[{"href":"https:\/\/my-eliquid.de\/it\/wp-json\/wp\/v2\/types\/product"}],"replies":[{"embeddable":true,"href":"https:\/\/my-eliquid.de\/it\/wp-json\/wp\/v2\/comments?post=305021"}],"wp:featuredmedia":[{"embeddable":true,"href":"https:\/\/my-eliquid.de\/it\/wp-json\/wp\/v2\/media\/319639"}],"wp:attachment":[{"href":"https:\/\/my-eliquid.de\/it\/wp-json\/wp\/v2\/media?parent=305021"}],"wp:term":[{"taxonomy":"product_brand","embeddable":true,"href":"https:\/\/my-eliquid.de\/it\/wp-json\/wp\/v2\/product_brand?post=305021"},{"taxonomy":"product_cat","embeddable":true,"href":"https:\/\/my-eliquid.de\/it\/wp-json\/wp\/v2\/product_cat?post=305021"},{"taxonomy":"product_tag","embeddable":true,"href":"https:\/\/my-eliquid.de\/it\/wp-json\/wp\/v2\/product_tag?post=305021"}],"curies":[{"name":"wp","href":"https:\/\/api.w.org\/{rel}","templated":true}]}}