{"id":305029,"date":"2022-11-15T00:00:00","date_gmt":"2022-11-14T23:00:00","guid":{"rendered":"https:\/\/my-eliquid.de\/shop\/dotmod-dotsick-revo\/"},"modified":"2025-11-25T13:48:28","modified_gmt":"2025-11-25T12:48:28","slug":"dotmod-dotsick-revo","status":"publish","type":"product","link":"https:\/\/my-eliquid.de\/it\/shop\/dotmod-dotsick-revo\/","title":{"rendered":"dotMod | dotStick Revo | Kit 35W"},"content":{"rendered":"<p>Il <strong>dotStick Revo<\/strong> Kit, produttore noto per la sua altissima qualit\u00e0, presenta un elegante set all-in-one in un pratico formato a tubo.<\/p>\n<p><strong>Il portabatterie<\/strong> \u00e8 dotato di un innovativo\u00a0<span>Supercapacitore<\/span>\u00a0corrisponde approssimativamente a un <strong>700 mAh<\/strong> Batteria agli ioni di litio. Questo supercondensatore non si esaurisce nemmeno dopo 15.000 cicli di ricarica. La batteria pu\u00f2 essere comodamente ricaricata in qualsiasi momento tramite USB-C. Con l'abbinamento\u00a0<span>Caricabatterie<\/span>\u00a0il dispositivo pu\u00f2 essere\u00a0<span>5 minuti Di nuovo pieno<\/span>\u00a0rabboccare.<\/p>\n<p>Naturalmente, tutti i circuiti di protezione importanti sono alloggiati all'interno della mod, in modo che possiate godervi il vostro liquido per tutto il giorno in qualsiasi momento senza problemi. Una volta accesa la dotStick con la funzione a 5 clic, \u00e8 possibile scegliere tra tre diversi livelli di potenza con 3 clic o svapare in modalit\u00e0 bypass automatico. Tuttavia, il limite massimo \u00e8 di 35 watt, che \u00e8 comunque assolutamente sufficiente per questo dispositivo.<\/p>\n<p>Il vaporizzatore \u00e8 collegato al dotStick tramite un magnete. <strong>Il volume del serbatoio da 3,5 ml<\/strong> vengono riempiti semplicemente aprendo il serbatoio laterale.<\/p>\n<div><span style=\"font-family: Arial;\">Dati:<\/span><\/div>\n<ul>\n<li><span><span>Kit rivoluzionario di fascia alta per il comportamento del vapore MTL, RDL e DL<\/span><\/span><\/li>\n<li><span><span>Molto compatto e leggero<\/span><\/span><\/li>\n<li><span><span>Design elegante e moderno del tubo<\/span><\/span><\/li>\n<li><span><span>Lavorazione di alta qualit\u00e0<\/span><\/span><\/li>\n<li><span><span>Innovativo supercondensatore (equivalente a una batteria agli ioni di litio da 700 mAh)<\/span><\/span><\/li>\n<li><span><span>Oltre 15.000 cicli di ricarica senza alcuna perdita significativa di capacit\u00e0<\/span><\/span><\/li>\n<li><span><span>Pu\u00f2 essere caricato tramite USB Type-C fino a 30 watt in soli 5 minuti (con caricatore opzionale)<\/span><\/span><\/li>\n<li><span><span>Estremamente sicuro e affidabile<\/span><\/span><\/li>\n<li><span><span>Potenza di uscita: da 5 a 35 watt<\/span><\/span><\/li>\n<li><span><span>Funzionamento tramite pulsante di fuoco<\/span><\/span><\/li>\n<li><span><span>3 livelli di potenza<\/span><\/span><\/li>\n<li><span><span>LED a colori sul pulsante di accensione per indicare lo stato di alimentazione \/ funzionamento \/ capacit\u00e0<\/span><\/span><\/li>\n<li><span><span>Circuiti di protezione estesi per un funzionamento sicuro<\/span><\/span><\/li>\n<li><span><span>Controllo del flusso d'aria finemente regolabile tramite cursore sulla mod, da MTL a comportamento di vapore DL<\/span><\/span><\/li>\n<li><span><span>Baccello in PCTG trasparente e colorato<\/span><\/span><\/li>\n<li><span><span>Fissaggio della capsula magnetica sul bastone<\/span><\/span><\/li>\n<li><span><span>Sistema di riempimento laterale<\/span><\/span><\/li>\n<li><span><span>Volume del serbatoio da 3,5 ml<\/span><\/span><\/li>\n<li><span><span>Inclusa bobina da 0,7 Ohm e 0,9 Ohm<\/span><\/span><\/li>\n<li><span><span>Cambio bobina Push&amp;Pull<\/span><\/span><\/li>\n<\/ul>","protected":false},"excerpt":{"rendered":"<p><span>A differenza delle altre sigarette elettroniche, la <strong>Kit dotStick Revo<\/strong> un supercondensatore come accumulatore di energia.<\/span><\/p>","protected":false},"featured_media":319690,"comment_status":"open","ping_status":"closed","template":"","meta":{"_acf_changed":false,"_relevanssi_hide_post":"","_relevanssi_hide_content":"","_relevanssi_pin_for_all":"","_relevanssi_pin_keywords":"","_relevanssi_unpin_keywords":"","_relevanssi_related_keywords":"","_relevanssi_related_include_ids":"","_relevanssi_related_exclude_ids":"","_relevanssi_related_no_append":"","_relevanssi_related_not_related":"","_relevanssi_related_posts":"","_relevanssi_noindex_reason":""},"product_brand":[],"product_cat":[4773,4786,4887,4713,4771,4781,4772,4787,4722,4783],"product_tag":[6355,6353,6354,5166,6358,6359,6356,6357,6466],"class_list":{"0":"post-305029","1":"product","2":"type-product","3":"status-publish","4":"has-post-thumbnail","6":"product_cat-e-zigaretten-akkutraeger","7":"product_cat-tube-mod-digital","8":"product_cat-dotmod","9":"product_cat-e-zigaretten","10":"product_cat-e-zigaretten-fuer-einsteiger","11":"product_cat-e-zigaretten-hersteller","12":"product_cat-e-zigaretten-sets","13":"product_cat-tube-mod-mechanisch","14":"product_cat-neuheiten","15":"product_cat-tube-mod","16":"product_tag-dotaio","17":"product_tag-dotmod","18":"product_tag-dotstick","19":"product_tag-e-zigarette","20":"product_tag-einsteiger","21":"product_tag-fertigcoils","22":"product_tag-fertigverdampfer","23":"product_tag-hardware","24":"product_tag-revo","25":"product_shipping_class-standard","27":"first","28":"outofstock","29":"taxable","30":"shipping-taxable","31":"purchasable","32":"product-type-variable"},"acf":[],"_links":{"self":[{"href":"https:\/\/my-eliquid.de\/it\/wp-json\/wp\/v2\/product\/305029","targetHints":{"allow":["GET"]}}],"collection":[{"href":"https:\/\/my-eliquid.de\/it\/wp-json\/wp\/v2\/product"}],"about":[{"href":"https:\/\/my-eliquid.de\/it\/wp-json\/wp\/v2\/types\/product"}],"replies":[{"embeddable":true,"href":"https:\/\/my-eliquid.de\/it\/wp-json\/wp\/v2\/comments?post=305029"}],"wp:featuredmedia":[{"embeddable":true,"href":"https:\/\/my-eliquid.de\/it\/wp-json\/wp\/v2\/media\/319690"}],"wp:attachment":[{"href":"https:\/\/my-eliquid.de\/it\/wp-json\/wp\/v2\/media?parent=305029"}],"wp:term":[{"taxonomy":"product_brand","embeddable":true,"href":"https:\/\/my-eliquid.de\/it\/wp-json\/wp\/v2\/product_brand?post=305029"},{"taxonomy":"product_cat","embeddable":true,"href":"https:\/\/my-eliquid.de\/it\/wp-json\/wp\/v2\/product_cat?post=305029"},{"taxonomy":"product_tag","embeddable":true,"href":"https:\/\/my-eliquid.de\/it\/wp-json\/wp\/v2\/product_tag?post=305029"}],"curies":[{"name":"wp","href":"https:\/\/api.w.org\/{rel}","templated":true}]}}