{"id":305036,"date":"2024-01-25T00:00:00","date_gmt":"2024-01-24T23:00:00","guid":{"rendered":"https:\/\/my-eliquid.de\/shop\/oxva-xlim-pro-v2-pod-coils\/"},"modified":"2025-11-25T13:52:02","modified_gmt":"2025-11-25T12:52:02","slug":"oxva-xlim-pro-v2-pod-coils","status":"publish","type":"product","link":"https:\/\/my-eliquid.de\/it\/shop\/oxva-xlim-pro-v2-pod-coils\/","title":{"rendered":"Oxva | Xlim Pro Pod | V2 Pod | 0,4 Ohm - 1,2 Ohm"},"content":{"rendered":"<h2>OXVA Xlim V2 Pods con testa del vaporizzatore<\/h2>\n<p>Le cialde OXVA Xlim V2 sono compatibili, tra l'altro, con i seguenti sistemi di cialde per sigaretta elettronica<\/p>\n<ul>\n<li><span style=\"text-decoration: underline; color: #000000;\">Kit Pod Xlim<\/span><\/li>\n<li><span style=\"text-decoration: underline; color: #000000;\"><a href=\"https:\/\/dampfdorado.de\/oxva-xlim-se-pod-kit\" target=\"_blank\" rel=\"noopener\"><span style=\"color: #000000; text-decoration: underline;\">Kit Pod Xlim SE<\/span><\/a><\/span><\/li>\n<li><span style=\"text-decoration: underline; color: #000000;\"><a href=\"https:\/\/dampfdorado.de\/oxva-xlim-sq-pod-kit\" target=\"_blank\" rel=\"noopener\"><span style=\"color: #000000; text-decoration: underline;\">Kit Pod Xlim SQ<\/span><\/a><\/span><\/li>\n<li><span style=\"text-decoration: underline; color: #000000;\"><a href=\"https:\/\/dampfdorado.de\/oxva-xlim-sq-pro-pod-kit\" target=\"_blank\" rel=\"noopener\"><span style=\"color: #000000; text-decoration: underline;\">Kit Pod Xlim SQ Pro<\/span><\/a><\/span><\/li>\n<li><span style=\"text-decoration: underline; color: #000000;\"><a href=\"https:\/\/dampfdorado.de\/oxva-xlim-se-classic-edition-pod-kit\" target=\"_blank\" rel=\"noopener\"><span style=\"color: #000000; text-decoration: underline;\">Kit Pod Xlim SE Classic Edition<\/span><\/a><\/span><\/li>\n<li><span style=\"text-decoration: underline; color: #000000;\"><a href=\"https:\/\/dampfdorado.de\/oxva-xlim-pro-pod-kit\" target=\"_blank\" rel=\"noopener\"><span style=\"color: #000000; text-decoration: underline;\">Kit Pod Xlim Pro<\/span><\/a><\/span><\/li>\n<\/ul>\n<p>Le cialde hanno una capacit\u00e0 di 2 ml di liquido. Il riempimento delle cialde avviene tramite un'apertura laterale.<\/p>\n<div class=\"alert is--success is--rounded\">\n<div class=\"alert--content\">\n<p>Suggerimento: quando si riempie con un puntale di sgocciolamento lungo, assicurarsi di non toccare la testa del vaporizzatore per evitare che il liquido finisca nel camino o nel bocchino.<\/p>\n<\/div>\n<\/div>\n<p>Le cialde sono dotate di teste di vaporizzazione installate in modo permanente, con opzione di\u00a0<strong>0,6 Ohm,<\/strong>\u00a0<strong>0,8 Ohm o 1,2 Ohm<\/strong>\u00a0resistenza. Le cialde da 0,6 ohm e 0,8 ohm sono ideali per le boccate polmonari restrittive. Le cialde da 1,2 ohm sono progettate per il classico back vaping (MTL).<\/p>\n<p>Per le teste del vaporizzatore viene utilizzata una rete metallica. Di conseguenza, il comportamento di risposta \u00e8 molto buono e il sapore del liquido utilizzato \u00e8 ben riprodotto.<\/p>\n<div class=\"alert is--error is--rounded\">\n<div class=\"alert--content\">\n<p><em><strong>Non adatto<\/strong>\u00a0per il kit pod Oxva Xlim C.<\/em><\/p>\n<h2>OXVA Xlim Cialde a riempimento superiore con bobina<\/h2>\n<p>Il\u00a0<span>Cialde OXVA Xlim Top Fill<\/span>\u00a0Le cialde hanno una capacit\u00e0 di 2 ml di liquido, la testa del vaporizzatore \u00e8 gi\u00e0 integrata nella cialda.\u00a0<\/p>\n<p>I baccelli vengono riempiti tramite un<strong>\u00a0Apertura di riempimento laterale, guidata verso l'alto<\/strong>. L'apertura di riempimento \u00e8 dotata di una guarnizione in gomma.\u00a0<\/p>\n<h3>Nuove cialde OXVA Xlim per i seguenti sistemi di cialde:<\/h3>\n<ul>\n<li><span style=\"text-decoration: underline;\"><span style=\"color: #000000; text-decoration: underline;\"><a href=\"https:\/\/dampfdorado.de\/oxva-xlim-pro-pod-kit\" target=\"_blank\" rel=\"noopener\"><span style=\"color: #000000; text-decoration: underline;\">Kit pod OXVA Xlim Pro<\/span><\/a><\/span><\/span><\/li>\n<li><span style=\"text-decoration: underline;\"><span style=\"color: #000000; text-decoration: underline;\"><a href=\"https:\/\/dampfdorado.de\/oxva-xlim-sq-pod-kit\" target=\"_blank\" rel=\"noopener\"><span style=\"color: #000000; text-decoration: underline;\">Kit Pod OXVA Xlim SQ<\/span><\/a><\/span><\/span><\/li>\n<li><span style=\"text-decoration: underline;\"><span style=\"color: #000000; text-decoration: underline;\"><a href=\"https:\/\/dampfdorado.de\/oxva-xlim-sq-pro-pod-kit\" target=\"_blank\" rel=\"noopener\"><span style=\"color: #000000; text-decoration: underline;\">Kit OXVA Xlim SQ Pro<\/span><\/a><\/span><\/span><\/li>\n<li><span style=\"text-decoration: underline;\"><span style=\"color: #000000; text-decoration: underline;\"><a href=\"https:\/\/dampfdorado.de\/oxva-xlim-se-classic-edition-pod-kit\" target=\"_blank\" rel=\"noopener\"><span style=\"color: #000000; text-decoration: underline;\">Kit Pod OXVA Xlim SE Classic Edition<\/span><\/a><\/span><\/span><\/li>\n<li><span style=\"text-decoration: underline;\"><span style=\"color: #000000; text-decoration: underline;\"><a href=\"https:\/\/dampfdorado.de\/oxva-xlim-se-pod-kit\" target=\"_blank\" rel=\"noopener\"><span style=\"color: #000000; text-decoration: underline;\">Kit Pod OXVA Xlim SE<\/span><\/a><\/span><\/span><\/li>\n<li><span style=\"text-decoration: underline;\"><span style=\"color: #000000; text-decoration: underline;\">Kit Pod Oxva Xlim<\/span><\/span><\/li>\n<\/ul>\n<div class=\"alert is--error is--rounded\">\n<div class=\"alert--content\">\n<p><em><strong>Non adatto al kit Oxva Xlim C Pod!\u00a0<\/strong><\/em><\/p>\n<\/div>\n<\/div>\n<p>Le cialde sono dotate di teste di vaporizzazione installate in modo permanente, con opzione di\u00a0<strong>0,6 Ohm,<\/strong>\u00a0<strong>0,8 Ohm o 1,2 Ohm<\/strong>\u00a0resistenza. Le cialde da 0,6 ohm e 0,8 ohm sono ideali per le boccate polmonari restrittive. Le cialde da 1,2 ohm sono progettate per il classico back vaping (MTL).<\/p>\n<p>Per le teste del vaporizzatore viene utilizzata una rete metallica. Di conseguenza, il comportamento di risposta \u00e8 molto buono e il sapore del liquido utilizzato \u00e8 ben riprodotto.<\/p>\n<\/div>\n<\/div>","protected":false},"excerpt":{"rendered":"<p>Il Pod OXVA Xlim Pro\/V2<\/p>","protected":false},"featured_media":319308,"comment_status":"open","ping_status":"closed","template":"","meta":{"_acf_changed":false,"_relevanssi_hide_post":"","_relevanssi_hide_content":"","_relevanssi_pin_for_all":"","_relevanssi_pin_keywords":"","_relevanssi_unpin_keywords":"","_relevanssi_related_keywords":"","_relevanssi_related_include_ids":"","_relevanssi_related_exclude_ids":"","_relevanssi_related_no_append":"","_relevanssi_related_not_related":"","_relevanssi_related_posts":"","_relevanssi_noindex_reason":""},"product_brand":[],"product_cat":[4713,4781,4722,4899,4778],"product_tag":[1391,6778,5859,6961,6779],"class_list":{"0":"post-305036","1":"product","2":"type-product","3":"status-publish","4":"has-post-thumbnail","6":"product_cat-e-zigaretten","7":"product_cat-e-zigaretten-hersteller","8":"product_cat-neuheiten","9":"product_cat-oxva","10":"product_cat-verdampferkoepfe","11":"product_tag-bitte","12":"product_tag-oxva","13":"product_tag-pod","14":"product_tag-pro-v2","15":"product_tag-xlim","16":"product_shipping_class-standard","18":"first","19":"outofstock","20":"taxable","21":"shipping-taxable","22":"purchasable","23":"product-type-variable"},"acf":[],"_links":{"self":[{"href":"https:\/\/my-eliquid.de\/it\/wp-json\/wp\/v2\/product\/305036","targetHints":{"allow":["GET"]}}],"collection":[{"href":"https:\/\/my-eliquid.de\/it\/wp-json\/wp\/v2\/product"}],"about":[{"href":"https:\/\/my-eliquid.de\/it\/wp-json\/wp\/v2\/types\/product"}],"replies":[{"embeddable":true,"href":"https:\/\/my-eliquid.de\/it\/wp-json\/wp\/v2\/comments?post=305036"}],"wp:featuredmedia":[{"embeddable":true,"href":"https:\/\/my-eliquid.de\/it\/wp-json\/wp\/v2\/media\/319308"}],"wp:attachment":[{"href":"https:\/\/my-eliquid.de\/it\/wp-json\/wp\/v2\/media?parent=305036"}],"wp:term":[{"taxonomy":"product_brand","embeddable":true,"href":"https:\/\/my-eliquid.de\/it\/wp-json\/wp\/v2\/product_brand?post=305036"},{"taxonomy":"product_cat","embeddable":true,"href":"https:\/\/my-eliquid.de\/it\/wp-json\/wp\/v2\/product_cat?post=305036"},{"taxonomy":"product_tag","embeddable":true,"href":"https:\/\/my-eliquid.de\/it\/wp-json\/wp\/v2\/product_tag?post=305036"}],"curies":[{"name":"wp","href":"https:\/\/api.w.org\/{rel}","templated":true}]}}