{"id":305039,"date":"2023-03-14T00:00:00","date_gmt":"2023-03-13T23:00:00","guid":{"rendered":"https:\/\/my-eliquid.de\/shop\/nevoks-spl-10-m-coil\/"},"modified":"2026-04-16T11:47:52","modified_gmt":"2026-04-16T09:47:52","slug":"nevoks-spl-10-m-coil","status":"publish","type":"product","link":"https:\/\/my-eliquid.de\/it\/shop\/nevoks-spl-10-m-coil\/","title":{"rendered":"Nevoks | SPL-10M | Testa del vaporizzatore a bobina"},"content":{"rendered":"<h2>Nevoks SPL-10 M testine per vaporizzatore - 5 pezzi<\/h2>\n<p>Die SPL-10 Coils von Nevoks wurden f\u00fcr das <strong>Nevoks Felin Pod Kit<\/strong> entwickelt. Die Verdampferk\u00f6pfe \u00fcberzeugen durch den verwendeten Maschendraht bei allen Varianten. Das sorgt f\u00fcr eine gleichm\u00e4\u00dfige Dampfentwicklung, wobei auch der Geschmack gut vermittelt wird.<\/p>\n<p>Passend dazu erhalten Sie bei uns auch die <strong>Nevoks X Leerpods<\/strong>, die mit den Verdampferk\u00f6pfen kompatibel sind.<\/p>\n<p>Mit einer Bandbreite von 0,3 Ohm bis 1,0 Ohm Widerstand eignen sich die SPL-10 Coils sowohl f\u00fcr Backendampfer als auch f\u00fcr waschechte Cloud-Chaser.<\/p>\n<h3>Die folgenden Varianten der SPL-10 Coils von Nevoks sind erh\u00e4ltlich:<\/h3>\n<ul>\n<li><strong>0.3 Ohm &#8211; DL<\/strong>\u00a0&#8211; diese Variante eignet sich f\u00fcr massive Dampfwolken. Die optimale Leistung liegt laut Hersteller zwischen 30 und 40 Watt.<\/li>\n<\/ul>\n<ul>\n<li><strong>0.4 Ohm &#8211; DL<\/strong>\u00a0&#8211; diese Coils eignen sich f\u00fcr Dampfer, die bei direkten Lungenz\u00fcgen eine etwas moderate Dampfentwicklung w\u00fcnschen. Laut Hersteller f\u00fcr eine Leistung zwischen 25 und 35 Watt ausgelegt.<\/li>\n<\/ul>\n<ul>\n<li><strong>0.6 Ohm &#8211; DL\/RDL<\/strong>\u00a0&#8211; wer restriktive Lungenz\u00fcge bevorzugt, ist hier richtig. Die Verdampferk\u00f6pfe sind auf eine Leistung zwischen 18 und 25 Watt ausgelegt.<\/li>\n<\/ul>\n<ul>\n<li><strong>0.8 Ohm &#8211; RDL\/MTL<\/strong>\u00a0&#8211; bestens f\u00fcr restriktive Lungenz\u00fcge oder entspanntes MTL-Dampfen geeignet. Die Leistung sollte zwischen 13 und 18 Watt gew\u00e4hlt werden.<\/li>\n<\/ul>\n<ul>\n<li><strong>1.0 Ohm &#8211; MTL<\/strong>\u00a0&#8211; f\u00fcr Backendampfer, die einen etwas st\u00e4rkeren Zugwiderstand m\u00f6chten. Die Coils arbeiten zwischen 10 und 13 Watt.<\/li>\n<\/ul>\n<h3>Jugendschutz<\/h3>\n<p>Dieses Angebot richtet sich ausschlie\u00dflich an vollj\u00e4hrige Personen. Die Abgabe an Kinder und Jugendliche ist gesetzlich verboten. Ein Kaufvertrag kommt nur nach erfolgreicher Alterspr\u00fcfung zustande. Bei der Zustellung erfolgt zus\u00e4tzlich eine Alterskontrolle.<\/p>","protected":false},"excerpt":{"rendered":"<p>Nevoks SPL-10 M testine per vaporizzatore - 5 pezzi<\/p>","protected":false},"featured_media":319155,"comment_status":"open","ping_status":"closed","template":"","meta":{"_acf_changed":false,"_relevanssi_hide_post":"","_relevanssi_hide_content":"","_relevanssi_pin_for_all":"","_relevanssi_pin_keywords":"","_relevanssi_unpin_keywords":"","_relevanssi_related_keywords":"","_relevanssi_related_include_ids":"","_relevanssi_related_exclude_ids":"","_relevanssi_related_no_append":"","_relevanssi_related_not_related":"","_relevanssi_related_posts":"","_relevanssi_noindex_reason":""},"product_brand":[],"product_cat":[4713,4781,4722,4900,4793,4778],"product_tag":[6360,5411,6480,6774,5423],"class_list":{"0":"post-305039","1":"product","2":"type-product","3":"status-publish","4":"has-post-thumbnail","6":"product_cat-e-zigaretten","7":"product_cat-e-zigaretten-hersteller","8":"product_cat-neuheiten","9":"product_cat-nevoks","10":"product_cat-e-zigaretten-liquid-basen-aroma-vape-sale","11":"product_cat-verdampferkoepfe","12":"product_tag-coil","13":"product_tag-e-zigaretten","14":"product_tag-nevoks","15":"product_tag-spl-10m","16":"product_tag-verdampferkoepfe","17":"product_shipping_class-standard","19":"first","20":"instock","21":"taxable","22":"shipping-taxable","23":"purchasable","24":"product-type-variable"},"acf":[],"_links":{"self":[{"href":"https:\/\/my-eliquid.de\/it\/wp-json\/wp\/v2\/product\/305039","targetHints":{"allow":["GET"]}}],"collection":[{"href":"https:\/\/my-eliquid.de\/it\/wp-json\/wp\/v2\/product"}],"about":[{"href":"https:\/\/my-eliquid.de\/it\/wp-json\/wp\/v2\/types\/product"}],"replies":[{"embeddable":true,"href":"https:\/\/my-eliquid.de\/it\/wp-json\/wp\/v2\/comments?post=305039"}],"wp:featuredmedia":[{"embeddable":true,"href":"https:\/\/my-eliquid.de\/it\/wp-json\/wp\/v2\/media\/319155"}],"wp:attachment":[{"href":"https:\/\/my-eliquid.de\/it\/wp-json\/wp\/v2\/media?parent=305039"}],"wp:term":[{"taxonomy":"product_brand","embeddable":true,"href":"https:\/\/my-eliquid.de\/it\/wp-json\/wp\/v2\/product_brand?post=305039"},{"taxonomy":"product_cat","embeddable":true,"href":"https:\/\/my-eliquid.de\/it\/wp-json\/wp\/v2\/product_cat?post=305039"},{"taxonomy":"product_tag","embeddable":true,"href":"https:\/\/my-eliquid.de\/it\/wp-json\/wp\/v2\/product_tag?post=305039"}],"curies":[{"name":"wp","href":"https:\/\/api.w.org\/{rel}","templated":true}]}}