{"id":305042,"date":"2024-01-25T00:00:00","date_gmt":"2024-01-24T23:00:00","guid":{"rendered":"https:\/\/my-eliquid.de\/shop\/oxva-xlim-sq-pro-pod-kit\/"},"modified":"2025-11-25T13:52:02","modified_gmt":"2025-11-25T12:52:02","slug":"oxva-xlim-sq-pro-pod-kit","status":"publish","type":"product","link":"https:\/\/my-eliquid.de\/it\/shop\/oxva-xlim-sq-pro-pod-kit\/","title":{"rendered":"Oxva | Xlim SQ Pro | Kit Pod"},"content":{"rendered":"<div class=\"product--rating-container\">\n<p><strong>Kit pod OXVA Xlim SQ Pro<\/strong><\/p>\n<p>Il nuovo Pod Kit SQ Pro di OXVA Xlim si presenta con un moderno \u201cdesign quadrato\u201d. La lega di zinco rende il SQ Pro Pod Kit molto robusto e le parti IML lavorate rendono il Pod Kit estremamente elegante o particolarmente moderno.<\/p>\n<p>Con le sue dimensioni compatte di 77 mm x 54,4 mm x 20,4 mm e il cordino in dotazione, \u00e8 anche il compagno perfetto per i viaggi.<\/p>\n<\/div>\n<div class=\"product--rating-container\">La versione Pro del kit Pod OXVA Xlim SQ promette un'esperienza di svapo ricca di sapore ed \u00e8 adatta al vaping MTL e RDL. Di conseguenza, la potenza pu\u00f2 essere regolata da 5 a 30 watt. Per questo motivo, non \u00e8 solo interessante per i principianti, ma anche ideale per i vapers esperti.<\/div>\n<h3>Ottimo display e batteria potente<\/h3>\n<p>La capacit\u00e0 della batteria del Pod Kit OXVA Xlim SQ Pro \u00e8 pi\u00f9 che impressionante con 1200 mAh e promette una lunga durata della batteria. Il nuovo Pod Kit di OXVA pu\u00f2 essere caricato molto rapidamente tramite la presa di ricarica USB Tipo-C con una corrente di carica fino a 2 ampere. Come di consueto, la spina di rete non \u00e8 inclusa nella fornitura.<\/p>\n<p>Il display TFT da 0,96 pollici \u00e8 un vero e proprio richiamo visivo. Grazie alla disposizione molto \u201cordinata\u201d di tutti i dati rilevanti, come lo stato della batteria, la potenza, la resistenza, le modalit\u00e0 di svapo ecc. e alla chiara combinazione di colori, il display risulta molto chiaro.\u00a0<\/p>\n<p>Il kit Pod OXVA Xlim SQ Pro si aziona esclusivamente tramite il pulsante di accensione posto sul lato, il che lo rende molto comodo da usare. Con questo pulsante \u00e8 possibile selezionare la potenza nell'intervallo da 5 a 30 watt. Nel cosiddetto Smart VW, il kit riconosce la resistenza della testa del vaporizzatore e regola automaticamente la potenza.\u00a0<\/p>\n<h3>Regolazione individuale con diverse cialde e controllo del flusso d'aria a scorrimento<\/h3>\n<p>Il kit Pod OXVA Xlim SQ Pro rimane compatibile con i prodotti\u00a0<a href=\"https:\/\/dampfdorado.de\/3-oxva-xlim-v2-pods-mit-coil\" target=\"_blank\" rel=\"noopener\">OXVA V2 Xlim Pods<\/a>\u00a0e il\u00a0<a href=\"https:\/\/dampfdorado.de\/3-oxva-xlim-top-fill-pods-mit-coil\" target=\"_blank\" rel=\"noopener\">Cialde OXVA a riempimento totale<\/a>\u00a0compatibile con la bobina integrata. Sono disponibili in diverse resistenze (MTL\/RDL) per soddisfare le esigenze di ogni vaper. Nella confezione sono gi\u00e0 inclusi un Xlim Top-Fill Pod con resistenza da 0,6 Ohm e uno con resistenza da 0,8 Ohm. Queste hanno un volume del serbatoio di 2 ml e un'apertura di riempimento laterale verso l'alto.\u00a0<\/p>\n<p>La resistenza all'estrazione pu\u00f2 essere controllata con precisione tramite il controllo del flusso d'aria a scorrimento. In combinazione con le varianti di cialde, il kit OXVA Xlim SQ Pro Pod pu\u00f2 quindi essere regolato individualmente in base al vostro comportamento personale di svapo.\u00a0<\/p>\n<h3>I punti salienti del kit Pod OXVA Xlim SQ Pro:<\/h3>\n<ul>\n<li>Facile da usare per i principianti grazie alla semplicit\u00e0 di utilizzo<\/li>\n<li>Cialde OXVA Top Fill compatibili<\/li>\n<li>Capacit\u00e0 della batteria 1200 mAh<\/li>\n<li>Adatto al vaping RDL e MTL<\/li>\n<li>Potenza di uscita massima di 30 watt<\/li>\n<li>2 ml di volume del serbatoio<\/li>\n<li>Riempimento laterale (riempimento laterale di liquido)<\/li>\n<li>Ricarica rapida (ricarica rapida con USB Type-C da 2A)<\/li>\n<\/ul>\n<p><strong>\u00a0<\/strong><\/p>","protected":false},"excerpt":{"rendered":"<p>Kit pod OXVA Xlim SQ Pro<\/p>","protected":false},"featured_media":319173,"comment_status":"open","ping_status":"closed","template":"","meta":{"_acf_changed":false,"_relevanssi_hide_post":"","_relevanssi_hide_content":"","_relevanssi_pin_for_all":"","_relevanssi_pin_keywords":"","_relevanssi_unpin_keywords":"","_relevanssi_related_keywords":"","_relevanssi_related_include_ids":"","_relevanssi_related_exclude_ids":"","_relevanssi_related_no_append":"","_relevanssi_related_not_related":"","_relevanssi_related_posts":"","_relevanssi_noindex_reason":""},"product_brand":[],"product_cat":[4713,4771,4781,4772,4886,4893,4722,4899,4793],"product_tag":[1391,5411,6358,6712,6410,6778,5859,6702,6747,6802,6779],"class_list":{"0":"post-305042","1":"product","2":"type-product","3":"status-publish","4":"has-post-thumbnail","6":"product_cat-e-zigaretten","7":"product_cat-e-zigaretten-fuer-einsteiger","8":"product_cat-e-zigaretten-hersteller","9":"product_cat-e-zigaretten-sets","10":"product_cat-lagerverkauf-hardware-sale","11":"product_cat-limetless-hardware","12":"product_cat-neuheiten","13":"product_cat-oxva","14":"product_cat-e-zigaretten-liquid-basen-aroma-vape-sale","15":"product_tag-bitte","16":"product_tag-e-zigaretten","17":"product_tag-einsteiger","18":"product_tag-fuer","19":"product_tag-kit","20":"product_tag-oxva","21":"product_tag-pod","22":"product_tag-pro","23":"product_tag-sets","24":"product_tag-sq","25":"product_tag-xlim","26":"product_shipping_class-standard","28":"first","29":"outofstock","30":"taxable","31":"shipping-taxable","32":"purchasable","33":"product-type-variable"},"acf":[],"_links":{"self":[{"href":"https:\/\/my-eliquid.de\/it\/wp-json\/wp\/v2\/product\/305042","targetHints":{"allow":["GET"]}}],"collection":[{"href":"https:\/\/my-eliquid.de\/it\/wp-json\/wp\/v2\/product"}],"about":[{"href":"https:\/\/my-eliquid.de\/it\/wp-json\/wp\/v2\/types\/product"}],"replies":[{"embeddable":true,"href":"https:\/\/my-eliquid.de\/it\/wp-json\/wp\/v2\/comments?post=305042"}],"wp:featuredmedia":[{"embeddable":true,"href":"https:\/\/my-eliquid.de\/it\/wp-json\/wp\/v2\/media\/319173"}],"wp:attachment":[{"href":"https:\/\/my-eliquid.de\/it\/wp-json\/wp\/v2\/media?parent=305042"}],"wp:term":[{"taxonomy":"product_brand","embeddable":true,"href":"https:\/\/my-eliquid.de\/it\/wp-json\/wp\/v2\/product_brand?post=305042"},{"taxonomy":"product_cat","embeddable":true,"href":"https:\/\/my-eliquid.de\/it\/wp-json\/wp\/v2\/product_cat?post=305042"},{"taxonomy":"product_tag","embeddable":true,"href":"https:\/\/my-eliquid.de\/it\/wp-json\/wp\/v2\/product_tag?post=305042"}],"curies":[{"name":"wp","href":"https:\/\/api.w.org\/{rel}","templated":true}]}}