{"id":305043,"date":"2018-03-14T00:00:00","date_gmt":"2018-03-13T23:00:00","guid":{"rendered":"https:\/\/my-eliquid.de\/shop\/la-carte-jwell-e-zigarette-einsteiger\/"},"modified":"2025-11-25T13:50:51","modified_gmt":"2025-11-25T12:50:51","slug":"la-carte-jwell-e-zigarette-einsteiger","status":"publish","type":"product","link":"https:\/\/my-eliquid.de\/it\/shop\/la-carte-jwell-e-zigarette-einsteiger\/","title":{"rendered":"La Carte | J Well"},"content":{"rendered":"<p><span>Questa sigaretta elettronica MTL francese da <strong>JWell<\/strong> \u00e8 un nuovo tipo di sistema all-in-one che, grazie al suo design molto piccolo ed estremamente elegante, entra anche nelle tasche dei pantaloni pi\u00f9 piccole. Non dovrete preoccuparvi di <strong>La Carta<\/strong> Non \u00e8 necessario effettuare alcuna impostazione o premere un pulsante per poter svapare. Grazie al sofisticato, <strong>funzione di trazione automatica<\/strong>il processo di vaporizzazione si attiva semplicemente tirando il bocchino.<\/span><br \/>Sviluppo del vapore discreto e per un gusto del liquido incredibilmente buono e corposo.<br \/><span><\/span><\/p>\n<p><span>Il serbatoio della sigaretta elettronica La Carte ha un volume di riempimento di 2 ml, che dovrebbe durare tutto il giorno con un uso normale grazie al consumo economico di liquido. A causa della resistenza all'estrazione leggermente pi\u00f9 leggera, si consiglia di scegliere un contenuto di nicotina pi\u00f9 elevato per ottenere un flash simile a quello di una sigaretta, e il serbatoio pu\u00f2 ovviamente essere ricaricato con il vostro liquido preferito in qualsiasi momento.\u00a0<\/span>Queste cosiddette cialde hanno un supporto magnetico e possono essere sostituite molto facilmente. La resistenza di tiraggio di La Carte \u00e8 progettata per \"svapare di guancia\" ed \u00e8 facile da inalare a una potenza di circa 8 watt. Per questo sistema consigliamo liquidi con PG 55%, VG 35%, acqua 10%, ma \u00e8 possibile svapare anche liquidi con PG 50% e VG 50% senza problemi di afterflow.\u00a0<\/p>\n<p><span>Anche se la piccola batteria di questa sigaretta elettronica \"solo\" manuale ha una capacit\u00e0 di 400 mAh, pu\u00f2 essere ricaricata completamente in 30 minuti con il cavo di ricarica USB-C incluso nel set, tramite una presa di corrente, sul computer, in auto o tramite una power bank. A tale scopo \u00e8 sufficiente utilizzare la porta USB integrata. Con un comportamento di vaping medio, la batteria completamente carica dura circa 400 - 450 boccate.\u00a0<\/span><\/p>\n<p><span>Il <strong>La Carta<\/strong> <strong>Sigaretta elettronica MTL<\/strong> da <strong>JWell<\/strong> \u00e8 disponibile nei colori nero, argento e oro e viene fornito con un'elegante custodia in pelle. Questa permette di proteggere elegantemente il dispositivo da graffi e cadute leggere.<\/span><\/p>","protected":false},"excerpt":{"rendered":"<p>Questa sigaretta elettronica MTL francese da\u00a0<strong>JWell<\/strong>\u00a0\u00e8 un sistema all-in-one che, grazie al suo design molto piccolo ed estremamente elegante, entra anche nella pi\u00f9 piccola tasca dei pantaloni.<\/p>","protected":false},"featured_media":319243,"comment_status":"open","ping_status":"closed","template":"","meta":{"_acf_changed":false,"_relevanssi_hide_post":"","_relevanssi_hide_content":"","_relevanssi_pin_for_all":"","_relevanssi_pin_keywords":"","_relevanssi_unpin_keywords":"","_relevanssi_related_keywords":"","_relevanssi_related_include_ids":"","_relevanssi_related_exclude_ids":"","_relevanssi_related_no_append":"","_relevanssi_related_not_related":"","_relevanssi_related_posts":"","_relevanssi_noindex_reason":""},"product_brand":[],"product_cat":[4713,4771,4781,4886,4793],"product_tag":[6871,5411,6358,6712,6870],"class_list":{"0":"post-305043","1":"product","2":"type-product","3":"status-publish","4":"has-post-thumbnail","6":"product_cat-e-zigaretten","7":"product_cat-e-zigaretten-fuer-einsteiger","8":"product_cat-e-zigaretten-hersteller","9":"product_cat-lagerverkauf-hardware-sale","10":"product_cat-e-zigaretten-liquid-basen-aroma-vape-sale","11":"product_tag-carte","12":"product_tag-e-zigaretten","13":"product_tag-einsteiger","14":"product_tag-fuer","15":"product_tag-le","16":"product_shipping_class-standard","18":"first","19":"instock","20":"sale","21":"taxable","22":"shipping-taxable","23":"purchasable","24":"product-type-variable"},"acf":[],"_links":{"self":[{"href":"https:\/\/my-eliquid.de\/it\/wp-json\/wp\/v2\/product\/305043","targetHints":{"allow":["GET"]}}],"collection":[{"href":"https:\/\/my-eliquid.de\/it\/wp-json\/wp\/v2\/product"}],"about":[{"href":"https:\/\/my-eliquid.de\/it\/wp-json\/wp\/v2\/types\/product"}],"replies":[{"embeddable":true,"href":"https:\/\/my-eliquid.de\/it\/wp-json\/wp\/v2\/comments?post=305043"}],"wp:featuredmedia":[{"embeddable":true,"href":"https:\/\/my-eliquid.de\/it\/wp-json\/wp\/v2\/media\/319243"}],"wp:attachment":[{"href":"https:\/\/my-eliquid.de\/it\/wp-json\/wp\/v2\/media?parent=305043"}],"wp:term":[{"taxonomy":"product_brand","embeddable":true,"href":"https:\/\/my-eliquid.de\/it\/wp-json\/wp\/v2\/product_brand?post=305043"},{"taxonomy":"product_cat","embeddable":true,"href":"https:\/\/my-eliquid.de\/it\/wp-json\/wp\/v2\/product_cat?post=305043"},{"taxonomy":"product_tag","embeddable":true,"href":"https:\/\/my-eliquid.de\/it\/wp-json\/wp\/v2\/product_tag?post=305043"}],"curies":[{"name":"wp","href":"https:\/\/api.w.org\/{rel}","templated":true}]}}