{"id":325027,"date":"2026-04-17T10:53:11","date_gmt":"2026-04-17T08:53:11","guid":{"rendered":"https:\/\/my-eliquid.de\/shop\/dotmod-dottank-25-ersatztank-5ml\/"},"modified":"2026-04-17T11:00:53","modified_gmt":"2026-04-17T09:00:53","slug":"dotmod-dottank-25-ersatztank-5ml","status":"publish","type":"product","link":"https:\/\/my-eliquid.de\/it\/shop\/dotmod-dottank-25-ersatztank-5ml\/","title":{"rendered":"dotMod  dotTank 25  Ersatztank 5ml"},"content":{"rendered":"<h2>dotMod dotTank 25 Ersatztank 5 ml<\/h2>\n<p>Il <strong>dotMod dotTank 25 Ersatztank<\/strong> ist die ideale L\u00f6sung zum Austausch oder als Reserve f\u00fcr Ihren <strong>dotTank 25 Verdampfer<\/strong>.<\/p>\n<p>Mit einem gro\u00dfz\u00fcgigen <strong>F\u00fcllvolumen von 5 ml<\/strong> bietet der Tank ausreichend Kapazit\u00e4t f\u00fcr l\u00e4ngere Dampfsessions. Das transparente Design erm\u00f6glicht dabei jederzeit eine einfache Kontrolle des Liquidstands.<\/p>\n<p>Gefertigt aus hochwertigem <strong>PCTG-Material<\/strong>, \u00fcberzeugt der Ersatztank durch seine Robustheit und Langlebigkeit.<\/p>\n<h3>Produktdetails<\/h3>\n<ul>\n<li>Original dotMod Ersatztank<\/li>\n<li>Passend f\u00fcr dotMod dotTank 25<\/li>\n<li>F\u00fcllvolumen: 5 ml<\/li>\n<li>Transparentes Design<\/li>\n<li>Hochwertiges und langlebiges PCTG-Material<\/li>\n<li>Einfacher Austausch<\/li>\n<\/ul>\n<h3>Technische Daten<\/h3>\n<ul>\n<li>Kapazit\u00e4t: 5,0 ml<\/li>\n<li>Materiale: PCTG<\/li>\n<\/ul>\n<h3>Kompatibilit\u00e4t<\/h3>\n<ul>\n<li>dotMod dotTank 25<\/li>\n<\/ul>\n<h3>Ambito di consegna<\/h3>\n<ul>\n<li>1 x dotMod dotTank 25 Ersatztank<\/li>\n<\/ul>\n<h3>Jugendschutz<\/h3>\n<p>Dieses Angebot richtet sich ausschlie\u00dflich an vollj\u00e4hrige Personen. Die Abgabe an Kinder und Jugendliche ist gesetzlich verboten. Ein Kaufvertrag kommt nur nach erfolgreicher Alterspr\u00fcfung zustande. Bei der Zustellung erfolgt zus\u00e4tzlich eine Alterskontrolle.<\/p>","protected":false},"excerpt":{"rendered":"<p>dotMod dotTank 25 Ersatztank 5 ml<\/p>","protected":false},"featured_media":325028,"comment_status":"closed","ping_status":"closed","template":"","meta":{"_acf_changed":false,"_relevanssi_hide_post":"","_relevanssi_hide_content":"","_relevanssi_pin_for_all":"","_relevanssi_pin_keywords":"","_relevanssi_unpin_keywords":"","_relevanssi_related_keywords":"","_relevanssi_related_include_ids":"","_relevanssi_related_exclude_ids":"","_relevanssi_related_no_append":"","_relevanssi_related_not_related":"","_relevanssi_related_posts":"","_relevanssi_noindex_reason":""},"product_brand":[],"product_cat":[4780,4793],"product_tag":[],"class_list":{"0":"post-325027","1":"product","2":"type-product","3":"status-publish","4":"has-post-thumbnail","6":"product_cat-ersatzteile","7":"product_cat-e-zigaretten-liquid-basen-aroma-vape-sale","8":"product_shipping_class-standard","10":"first","11":"instock","12":"featured","13":"taxable","14":"shipping-taxable","15":"purchasable","16":"product-type-simple"},"acf":[],"_links":{"self":[{"href":"https:\/\/my-eliquid.de\/it\/wp-json\/wp\/v2\/product\/325027","targetHints":{"allow":["GET"]}}],"collection":[{"href":"https:\/\/my-eliquid.de\/it\/wp-json\/wp\/v2\/product"}],"about":[{"href":"https:\/\/my-eliquid.de\/it\/wp-json\/wp\/v2\/types\/product"}],"replies":[{"embeddable":true,"href":"https:\/\/my-eliquid.de\/it\/wp-json\/wp\/v2\/comments?post=325027"}],"wp:featuredmedia":[{"embeddable":true,"href":"https:\/\/my-eliquid.de\/it\/wp-json\/wp\/v2\/media\/325028"}],"wp:attachment":[{"href":"https:\/\/my-eliquid.de\/it\/wp-json\/wp\/v2\/media?parent=325027"}],"wp:term":[{"taxonomy":"product_brand","embeddable":true,"href":"https:\/\/my-eliquid.de\/it\/wp-json\/wp\/v2\/product_brand?post=325027"},{"taxonomy":"product_cat","embeddable":true,"href":"https:\/\/my-eliquid.de\/it\/wp-json\/wp\/v2\/product_cat?post=325027"},{"taxonomy":"product_tag","embeddable":true,"href":"https:\/\/my-eliquid.de\/it\/wp-json\/wp\/v2\/product_tag?post=325027"}],"curies":[{"name":"wp","href":"https:\/\/api.w.org\/{rel}","templated":true}]}}