{"id":157551,"date":"2018-11-15T00:00:00","date_gmt":"2018-11-14T23:00:00","guid":{"rendered":"https:\/\/melvx.my-eliquid.de\/shop\/my-eliquid-sortiment\/diy-liquid-basen\/liquid-basis-fertigmischung\/nikotin-shot-3mg-20mg-10ml\/"},"modified":"2026-04-14T08:37:35","modified_gmt":"2026-04-14T06:37:35","slug":"nikotin-shot-3mg-20mg-10ml","status":"publish","type":"product","link":"https:\/\/my-eliquid.de\/pl\/shop\/nikotin-shot-3mg-20mg-10ml\/","title":{"rendered":"Nikotyna w postaci zastrzyk\u00f3w 3 mg \u2013 18 mg"},"content":{"rendered":"<p>Liquid Nikotin Shot mit 3, 6, 9,12, 18 oder 20mg Nikotin!<\/p>\n<p>Zaleca si\u0119 obs\u0142ug\u0119 wy\u0142\u0105cznie przez do\u015bwiadczone i przeszkolone osoby.<\/p>\n<p><strong>Artikel\u00a0 ab 18 mg werden f\u00fcr Mischungen oder, um diese zu verd\u00fcnnen angeboten, nicht f\u00fcr den unmittelbaren Verbrauch.<\/strong><\/p>\n<p>Uwaga !!! Przechowywa\u0107 w miejscu niedost\u0119pnym dla dzieci !!!<\/p>\n<p>Informacje prawne dotycz\u0105ce u\u017cytkowania<br \/>\nArtyku\u0142y te s\u0105 zgodnie z prawem chemikaliami. Te chemikalia s\u0105 u\u017cywane do produkcji <strong>Uzupe\u0142nianie p\u0142yn\u00f3w lub eLiquids<\/strong> u\u017cywane. Chemikalia te s\u0105 oferowane i sprzedawane wy\u0142\u0105cznie \u015bwiadomym nabywcom w tym celu. Odpowiedzialno\u015b\u0107 za w\u0142a\u015bciwe u\u017cycie ponosi nabywca.<\/p>\n<p>Te chemikalia nie s\u0105 lekami ani \u015brodkami spo\u017cywczymi i nie s\u0105 jeszcze przeznaczone do u\u017cytku przez konsumenta ko\u0144cowego w formie, w jakiej je oferujemy. Nie zapewniamy r\u00f3wnie\u017c \u017cadnych wi\u0105\u017c\u0105cych instrukcji dotycz\u0105cych przygotowania lub konsumpcji. <strong>Instrukcje dozowania<\/strong>. U\u017cytkowanie i spo\u017cycie odbywa si\u0119 na w\u0142asne ryzyko.<\/p>\n<p>my-eLiquid nie ponosi odpowiedzialno\u015bci za uszczerbek na zdrowiu, np. spowodowany niew\u0142a\u015bciwym u\u017cytkowaniem.<\/p>\n<p>Artyku\u0142y te mog\u0105 by\u0107 zamawiane tylko wtedy, gdy kupuj\u0105cy posiada niezb\u0119dne <strong>Do\u015bwiadczenie<\/strong> w obchodzeniu si\u0119 z tymi chemikaliami i surowcami.<\/p>\n<p><strong>Legenda:<br \/>\n<\/strong><br \/>\nPG:\u00a0<strong>Glikol 1,2-propylenowy<\/strong> (PG) E1520 (Ph. Eur.) czysty<br \/>\nVG:\u00a0<strong>Czysta gliceryna ro\u015blinna<\/strong> (VG) E422 (DAB), Nr CAS Oznaczenie 56-81-5 <strong>gliceryna<\/strong> 99,5%<\/p>\n<p>Opcjonalnie:<\/p>\n<p>Woda: \u00a0<strong>Aqua Purificata<\/strong> Ph.Eur. \/ Bidest<\/p>\n<p><strong>\u00a0<\/strong><\/p>","protected":false},"excerpt":{"rendered":"<p>Wybierz \u017c\u0105dany stosunek mieszania i \u017c\u0105dan\u0105 moc nikotyny, aby miesza\u0107 w\u0142asne e-liquidy w ekonomiczny spos\u00f3b. Jeden shot liquidu nikotynowego zawiera 10 ml czystej bazy z nikotyn\u0105 BEZ AROMATU.<\/p>","protected":false},"featured_media":319415,"comment_status":"open","ping_status":"closed","template":"","meta":{"_acf_changed":false,"_relevanssi_hide_post":"","_relevanssi_hide_content":"","_relevanssi_pin_for_all":"","_relevanssi_pin_keywords":"","_relevanssi_unpin_keywords":"","_relevanssi_related_keywords":"","_relevanssi_related_include_ids":"","_relevanssi_related_exclude_ids":"","_relevanssi_related_no_append":"","_relevanssi_related_not_related":"","_relevanssi_related_posts":"","_relevanssi_noindex_reason":""},"product_brand":[4564],"product_cat":[4732,4695,4700,4735],"product_tag":[6716,5124,6717,5411,6712,5805,5792,5811,5812,5813],"class_list":{"0":"post-157551","1":"product","2":"type-product","3":"status-publish","4":"has-post-thumbnail","6":"product_brand-my-eliquid","7":"product_cat-alle-basen-fur-liquids","8":"product_cat-diy-liquid-basen","9":"product_cat-liquid-basis-fertigmischung","10":"product_cat-nikotin-shots","11":"product_tag-alle","12":"product_tag-basen","13":"product_tag-diy","14":"product_tag-e-zigaretten","15":"product_tag-fuer","16":"product_tag-liquid","17":"product_tag-liquids","18":"product_tag-nikotin","19":"product_tag-shot","20":"product_tag-shots","21":"product_shipping_class-standard","22":"pa_ageverification-ja","23":"pa_country_of_manufacture-de","24":"pa_filling_quantity-10ml","25":"pa_flasche-8b-10mltropferflaschemitfeine","26":"pa_generate_meta-nein","27":"pa_ghs_gefahrenbezeichnung-giftig","28":"pa_ghs_hsatz-h301giftigbeiverschlucken_","29":"pa_ghs_signalwort-achtung","30":"pa_ghs_signalwort-gefahr","31":"pa_info1-14-product_basen_kurzbeschrei","32":"pa_info2-68-product_base_beschreibung_","33":"pa_is_product_configurable-ja","34":"pa_manufacturer-my_eliquid","35":"pa_mindesthaltbarkeit-24monate","36":"pa_mixture_ratio-pg30_vg70pinoy","37":"pa_mixture_ratio-pg50_vg50","38":"pa_mixture_ratio-pg55_vg35_wasser10","39":"pa_mixture_ratio-vg80_wasser20","40":"pa_mixture_ratio-vg90_pg10cloudchaserdripper","41":"pa_nicotin-12mg","42":"pa_nicotin-18mg","43":"pa_nicotin-20mg","44":"pa_nicotin-3mg","45":"pa_nicotin-6mg","46":"pa_nicotin-9mg","47":"pa_product_suggestion-nein","48":"pa_product_type-1_nikotin_shots_eigenprodukt","49":"pa_product_weight-4217","50":"pa_special_products-neu","52":"first","53":"instock","54":"taxable","55":"shipping-taxable","56":"purchasable","57":"product-type-variable"},"acf":[],"_links":{"self":[{"href":"https:\/\/my-eliquid.de\/pl\/wp-json\/wp\/v2\/product\/157551","targetHints":{"allow":["GET"]}}],"collection":[{"href":"https:\/\/my-eliquid.de\/pl\/wp-json\/wp\/v2\/product"}],"about":[{"href":"https:\/\/my-eliquid.de\/pl\/wp-json\/wp\/v2\/types\/product"}],"replies":[{"embeddable":true,"href":"https:\/\/my-eliquid.de\/pl\/wp-json\/wp\/v2\/comments?post=157551"}],"wp:featuredmedia":[{"embeddable":true,"href":"https:\/\/my-eliquid.de\/pl\/wp-json\/wp\/v2\/media\/319415"}],"wp:attachment":[{"href":"https:\/\/my-eliquid.de\/pl\/wp-json\/wp\/v2\/media?parent=157551"}],"wp:term":[{"taxonomy":"product_brand","embeddable":true,"href":"https:\/\/my-eliquid.de\/pl\/wp-json\/wp\/v2\/product_brand?post=157551"},{"taxonomy":"product_cat","embeddable":true,"href":"https:\/\/my-eliquid.de\/pl\/wp-json\/wp\/v2\/product_cat?post=157551"},{"taxonomy":"product_tag","embeddable":true,"href":"https:\/\/my-eliquid.de\/pl\/wp-json\/wp\/v2\/product_tag?post=157551"}],"curies":[{"name":"wp","href":"https:\/\/api.w.org\/{rel}","templated":true}]}}