{"id":157731,"date":"2019-01-17T00:00:00","date_gmt":"2019-01-16T23:00:00","guid":{"rendered":"https:\/\/melvx.my-eliquid.de\/aroma-shop\/aromen\/strixx-heisenberg-fillop-12ml-blaubeere-beeren-menthol-anis-absinth-lakritze\/"},"modified":"2025-11-25T13:53:02","modified_gmt":"2025-11-25T12:53:02","slug":"strixx-heisenberg-fillop-12ml-blaubeere-beeren-menthol-anis-absinth-lakritze","status":"publish","type":"product","link":"https:\/\/my-eliquid.de\/pl\/shop\/strixx-heisenberg-fillop-12ml-blaubeere-beeren-menthol-anis-absinth-lakritze\/","title":{"rendered":"Strixx | Kaltenberg Liquid | FILL UP"},"content":{"rendered":"<p>Ein Geschmack der durch seine ausgewogenen Fruchtnoten und einem Schuss Zauber ein ganz besonderes <strong>P\u0142yn<\/strong> ergibt .<\/p>\n<p>To <strong>Kaltenberg<\/strong><strong>\u00a0Fill up Aroma\u00a0<\/strong>beinhaltet\u00a0<strong>10 ml Aroma<\/strong>\u00a0in einer 60 ml Flasche.<\/p>\n<p><strong>Eine herrliche Komposition In der Besten Alternative.<\/strong><\/p>\n<p>Als\u00a0<strong>Fill Up<\/strong>\u00a0ist es euch \u00fcberlassen welche Base Ihr einf\u00fcllt. 48 ml werden an\u00a0<strong>Baza<\/strong>\u00a0ben\u00f6tig.<\/p>\n<p>Entweder\u00a0<strong>1x unser Bundel<\/strong>\u00a0angebot oder einfach eine nuller Base dazu kaufen, auff\u00fcllen, sch\u00fctteln und fertig sind\u00a0<strong>60 ml fertiges k\u00f6stliches Liquid!<\/strong><\/p>\n<p><strong>Lieferumfang:\u00a0<\/strong><\/p>\n<p><strong>\u00a01x 10 ml\u00a0<\/strong><strong>Kaltenberg<\/strong><strong>\u00a0Aroma in 60 ml Chubby Flasche<\/strong><\/p>\n<p>Hier handelt es sich um hochdosiertes Aroma.<\/p>","protected":false},"excerpt":{"rendered":"<p>Du\u017co czerwonego i <strong>niebieskie jagody<\/strong> w po\u0142\u0105czeniu z <strong>Any\u017c i mentol<\/strong> zosta\u0142y opublikowane w Strixx\u00a0<strong>Kaltenberg<\/strong><strong>\u00a0P\u0142yn<\/strong> zr\u00f3wnowa\u017cona mieszanka. Zw\u0142aszcza w letnie dni <strong>Vape<\/strong> Ulubione.<\/p>","protected":false},"featured_media":319916,"comment_status":"open","ping_status":"closed","template":"","meta":{"_acf_changed":false,"_relevanssi_hide_post":"","_relevanssi_hide_content":"","_relevanssi_pin_for_all":"","_relevanssi_pin_keywords":"","_relevanssi_unpin_keywords":"","_relevanssi_related_keywords":"","_relevanssi_related_include_ids":"","_relevanssi_related_exclude_ids":"","_relevanssi_related_no_append":"","_relevanssi_related_not_related":"","_relevanssi_related_posts":"","_relevanssi_noindex_reason":""},"product_brand":[4564],"product_cat":[4701,4845,4722,4843,4712,4808,4793],"product_tag":[6716,1399,6847,5411,6991,5562,6712,7392,5310,7391,6992],"class_list":{"0":"post-157731","1":"product","2":"type-product","3":"status-publish","4":"has-post-thumbnail","6":"product_brand-my-eliquid","7":"product_cat-aromen","8":"product_cat-fill-up-aroma","9":"product_cat-neuheiten","10":"product_cat-on-rop","11":"product_cat-special-aromen-liquid-e-zigarette","12":"product_cat-strixx-liquids","13":"product_cat-e-zigaretten-liquid-basen-aroma-vape-sale","14":"product_tag-alle","15":"product_tag-aroma","16":"product_tag-aromen","17":"product_tag-e-zigaretten","18":"product_tag-fill","19":"product_tag-fill-up","20":"product_tag-fuer","21":"product_tag-kaltenberg","22":"product_tag-neuheiten","23":"product_tag-strixx","24":"product_tag-up","25":"product_shipping_class-standard","26":"pa_ageverification-ja","27":"pa_country_of_manufacture-de","28":"pa_faq-product_liquid_faq","29":"pa_filling_quantity-10ml","30":"pa_flavour_art-menthol","31":"pa_generate_meta-nein","32":"pa_ghs_gefahrenbezeichnung-achtung","33":"pa_ghs_hsatz-ba-h302gesundheitsschadlichbe","34":"pa_ghs_signalwort-achtung","35":"pa_info1-e7-product_aroma_kurzbeschrei","36":"pa_info2-product_aroma_beschreibung","37":"pa_insi-product_liquid_insi","38":"pa_manufacturer-my_eliquid","39":"pa_mindesthaltbarkeit-24monate","40":"pa_product_suggestion-nein","41":"pa_product_type-11_fillup_eigenprodukte","42":"pa_product_weight-4217","43":"pa_weight-0_04","45":"first","46":"instock","47":"taxable","48":"shipping-taxable","49":"purchasable","50":"product-type-simple"},"acf":[],"_links":{"self":[{"href":"https:\/\/my-eliquid.de\/pl\/wp-json\/wp\/v2\/product\/157731","targetHints":{"allow":["GET"]}}],"collection":[{"href":"https:\/\/my-eliquid.de\/pl\/wp-json\/wp\/v2\/product"}],"about":[{"href":"https:\/\/my-eliquid.de\/pl\/wp-json\/wp\/v2\/types\/product"}],"replies":[{"embeddable":true,"href":"https:\/\/my-eliquid.de\/pl\/wp-json\/wp\/v2\/comments?post=157731"}],"wp:featuredmedia":[{"embeddable":true,"href":"https:\/\/my-eliquid.de\/pl\/wp-json\/wp\/v2\/media\/319916"}],"wp:attachment":[{"href":"https:\/\/my-eliquid.de\/pl\/wp-json\/wp\/v2\/media?parent=157731"}],"wp:term":[{"taxonomy":"product_brand","embeddable":true,"href":"https:\/\/my-eliquid.de\/pl\/wp-json\/wp\/v2\/product_brand?post=157731"},{"taxonomy":"product_cat","embeddable":true,"href":"https:\/\/my-eliquid.de\/pl\/wp-json\/wp\/v2\/product_cat?post=157731"},{"taxonomy":"product_tag","embeddable":true,"href":"https:\/\/my-eliquid.de\/pl\/wp-json\/wp\/v2\/product_tag?post=157731"}],"curies":[{"name":"wp","href":"https:\/\/api.w.org\/{rel}","templated":true}]}}