{"id":158858,"date":"2020-09-17T00:00:00","date_gmt":"2020-09-16T22:00:00","guid":{"rendered":"https:\/\/melvx.my-eliquid.de\/shop\/my-eliquid-sortiment\/diy-liquid-basen\/liquid-basis-fertigmischung\/nikotin-salz-shot-20mg\/"},"modified":"2025-11-25T13:51:52","modified_gmt":"2025-11-25T12:51:52","slug":"nikotin-salz-shot-20mg","status":"publish","type":"product","link":"https:\/\/my-eliquid.de\/pl\/shop\/nikotin-salz-shot-20mg\/","title":{"rendered":"Nikotyna solna Shot | 20 mg"},"content":{"rendered":"<p>Liquid Nikotin Salz Shot mit 20mg Nikotin!\u00a0<\/p>\n<p>Zaleca si\u0119 obs\u0142ug\u0119 wy\u0142\u0105cznie przez do\u015bwiadczone i przeszkolone osoby.<\/p>\n<p><strong>Artikel\u00a0 ab 18 mg werden f\u00fcr Mischungen oder, um diese zu verd\u00fcnnen angeboten, nicht f\u00fcr den unmittelbaren Verbrauch.<\/strong><\/p>\n<p><span>Uwaga !!! Przechowywa\u0107 w miejscu niedost\u0119pnym dla dzieci !!!<\/span><\/p>\n<p>Informacje prawne dotycz\u0105ce u\u017cytkowania<br \/>\nArtyku\u0142y te s\u0105 zgodnie z prawem chemikaliami. Te chemikalia s\u0105 u\u017cywane do produkcji <strong>Uzupe\u0142nianie p\u0142yn\u00f3w lub eLiquids<\/strong> u\u017cywane. Chemikalia te s\u0105 oferowane i sprzedawane wy\u0142\u0105cznie \u015bwiadomym nabywcom w tym celu. Odpowiedzialno\u015b\u0107 za w\u0142a\u015bciwe u\u017cycie ponosi nabywca.<\/p>\n<p>Te chemikalia nie s\u0105 lekami ani \u015brodkami spo\u017cywczymi i nie s\u0105 jeszcze przeznaczone do u\u017cytku przez konsumenta ko\u0144cowego w formie, w jakiej je oferujemy. Nie zapewniamy r\u00f3wnie\u017c \u017cadnych wi\u0105\u017c\u0105cych instrukcji dotycz\u0105cych przygotowania lub konsumpcji. <strong>Instrukcje dozowania<\/strong>. U\u017cytkowanie i spo\u017cycie odbywa si\u0119 na w\u0142asne ryzyko.<\/p>\n<p>my-eLiquid nie ponosi odpowiedzialno\u015bci za uszczerbek na zdrowiu, np. spowodowany niew\u0142a\u015bciwym u\u017cytkowaniem.<\/p>\n<p>Artyku\u0142y te mog\u0105 by\u0107 zamawiane tylko wtedy, gdy kupuj\u0105cy posiada niezb\u0119dne <strong>Do\u015bwiadczenie<\/strong> w obchodzeniu si\u0119 z tymi chemikaliami i surowcami.<\/p>\n<p><span><strong>Legenda:<br \/><\/strong><\/span><br \/>\nPG:\u00a0<span><strong>Glikol 1,2-propylenowy<\/strong> (PG) E1520 (Ph. Eur.) czysty<\/span><br \/>\nVG:\u00a0<span><strong>Czysta gliceryna ro\u015blinna<\/strong> (VG) E422 (DAB), Nr CAS Oznaczenie 56-81-5 <strong>gliceryna<\/strong> 99,5%<br \/><\/span><\/p>\n<p>Opcjonalnie:<\/p>\n<p>Woda: \u00a0<strong>Aqua Purificata<\/strong> Ph.Eur. \/ Bidest<\/p>\n<p><strong>\u00a0<\/strong><\/p>","protected":false},"excerpt":{"rendered":"<p>Cz\u0119\u015bciej pr\u00f3buj co\u015b nowego! Wybierz nikotynowy shot solny, aby zwi\u0119kszy\u0107 intensywno\u015b\u0107 dzia\u0142ania. Wybierz \u017c\u0105dane proporcje mieszanki, aby stworzy\u0107 w\u0142asne e-liquidy. Nikotynowy shot solny zawiera 10 ml czystej bazy z nikotyn\u0105 BEZ AROMATU.<\/p>","protected":false},"featured_media":319665,"comment_status":"open","ping_status":"closed","template":"","meta":{"_acf_changed":false,"_relevanssi_hide_post":"","_relevanssi_hide_content":"","_relevanssi_pin_for_all":"","_relevanssi_pin_keywords":"","_relevanssi_unpin_keywords":"","_relevanssi_related_keywords":"","_relevanssi_related_include_ids":"","_relevanssi_related_exclude_ids":"","_relevanssi_related_no_append":"","_relevanssi_related_not_related":"","_relevanssi_related_posts":"","_relevanssi_noindex_reason":""},"product_brand":[4564],"product_cat":[4695,4700,4735],"product_tag":[6716,5124,6717,5411,6712,5805,5792,5811,6546,6350,5812,5813],"class_list":{"0":"post-158858","1":"product","2":"type-product","3":"status-publish","4":"has-post-thumbnail","6":"product_brand-my-eliquid","7":"product_cat-diy-liquid-basen","8":"product_cat-liquid-basis-fertigmischung","9":"product_cat-nikotin-shots","10":"product_tag-alle","11":"product_tag-basen","12":"product_tag-diy","13":"product_tag-e-zigaretten","14":"product_tag-fuer","15":"product_tag-liquid","16":"product_tag-liquids","17":"product_tag-nikotin","18":"product_tag-salz","19":"product_tag-salzshot","20":"product_tag-shot","21":"product_tag-shots","22":"product_shipping_class-standard","23":"pa_ageverification-ja","24":"pa_country_of_manufacture-de","25":"pa_filling_quantity-10ml","26":"pa_flasche-8b-10mltropferflaschemitfeine","27":"pa_generate_meta-nein","28":"pa_ghs_gefahrenbezeichnung-giftig","29":"pa_ghs_hsatz-ba-h302gesundheitsschadlichbe","30":"pa_ghs_hsatz-26-h318verursachtschwereaugen","31":"pa_ghs_signalwort-gefahr","32":"pa_info1-14-product_basen_kurzbeschrei","33":"pa_info2-68-product_base_beschreibung_","34":"pa_is_product_configurable-ja","35":"pa_manufacturer-my_eliquid","36":"pa_mindesthaltbarkeit-24monate","37":"pa_mixture_ratio-pg30_vg70pinoy","38":"pa_mixture_ratio-pg50_vg50","39":"pa_nicotin-20mg","40":"pa_product_suggestion-nein","41":"pa_product_type-1_nikotin_shots_eigenprodukt","42":"pa_product_weight-4217","43":"pa_special_products-neu","45":"first","46":"outofstock","47":"taxable","48":"shipping-taxable","49":"purchasable","50":"product-type-variable"},"acf":[],"_links":{"self":[{"href":"https:\/\/my-eliquid.de\/pl\/wp-json\/wp\/v2\/product\/158858","targetHints":{"allow":["GET"]}}],"collection":[{"href":"https:\/\/my-eliquid.de\/pl\/wp-json\/wp\/v2\/product"}],"about":[{"href":"https:\/\/my-eliquid.de\/pl\/wp-json\/wp\/v2\/types\/product"}],"replies":[{"embeddable":true,"href":"https:\/\/my-eliquid.de\/pl\/wp-json\/wp\/v2\/comments?post=158858"}],"wp:featuredmedia":[{"embeddable":true,"href":"https:\/\/my-eliquid.de\/pl\/wp-json\/wp\/v2\/media\/319665"}],"wp:attachment":[{"href":"https:\/\/my-eliquid.de\/pl\/wp-json\/wp\/v2\/media?parent=158858"}],"wp:term":[{"taxonomy":"product_brand","embeddable":true,"href":"https:\/\/my-eliquid.de\/pl\/wp-json\/wp\/v2\/product_brand?post=158858"},{"taxonomy":"product_cat","embeddable":true,"href":"https:\/\/my-eliquid.de\/pl\/wp-json\/wp\/v2\/product_cat?post=158858"},{"taxonomy":"product_tag","embeddable":true,"href":"https:\/\/my-eliquid.de\/pl\/wp-json\/wp\/v2\/product_tag?post=158858"}],"curies":[{"name":"wp","href":"https:\/\/api.w.org\/{rel}","templated":true}]}}