{"id":300990,"date":"2017-05-20T00:00:00","date_gmt":"2017-05-19T22:00:00","guid":{"rendered":"https:\/\/my-eliquid.de\/shop\/3mg-liquid-base-set-120ml\/"},"modified":"2026-04-07T14:21:36","modified_gmt":"2026-04-07T12:21:36","slug":"3mg-liquid-base-set-120ml","status":"publish","type":"product","link":"https:\/\/my-eliquid.de\/pl\/shop\/3mg-liquid-base-set-120ml\/","title":{"rendered":"Zestaw bazy p\u0142ynnej 3 mg \u2013 120 ml"},"content":{"rendered":"<p>Hier bekommen Sie 120ml Base f\u00fcr Liquids!  <\/p>\n<p>Zaleca si\u0119 obs\u0142ug\u0119 wy\u0142\u0105cznie przez do\u015bwiadczone i przeszkolone osoby.<br \/>Artyku\u0142y te s\u0105 u\u017cywane do <strong>Mieszanki<\/strong> lub do rozcie\u0144czenia, a nie do bezpo\u015bredniego spo\u017cycia.<\/p>\n<p><span style=\"color: #ff0000;\">Uwaga !!! Przechowywa\u0107 w miejscu niedost\u0119pnym dla dzieci !!!<\/span><\/p>\n<p>Informacje prawne dotycz\u0105ce u\u017cytkowania<br \/>Artyku\u0142y te s\u0105 zgodnie z prawem chemikaliami. Te chemikalia s\u0105 u\u017cywane do produkcji<strong> Uzupe\u0142nianie p\u0142yn\u00f3w lub eLiquids<\/strong> u\u017cywane. Chemikalia te s\u0105 oferowane i sprzedawane wy\u0142\u0105cznie \u015bwiadomym nabywcom w tym celu. Odpowiedzialno\u015b\u0107 za w\u0142a\u015bciwe u\u017cycie ponosi nabywca.<\/p>\n<p>Te chemikalia nie s\u0105 lekami ani \u015brodkami spo\u017cywczymi i nie s\u0105 jeszcze przeznaczone do u\u017cytku przez konsumenta ko\u0144cowego w formie, w jakiej je oferujemy. Nie zapewniamy r\u00f3wnie\u017c \u017cadnych wi\u0105\u017c\u0105cych instrukcji dotycz\u0105cych przygotowania lub konsumpcji.<strong> Instrukcje dozowania<\/strong>. U\u017cytkowanie i spo\u017cycie odbywa si\u0119 na w\u0142asne ryzyko.<\/p>\n<p>my-eLiquid nie ponosi odpowiedzialno\u015bci za uszczerbek na zdrowiu, np. spowodowany niew\u0142a\u015bciwym u\u017cytkowaniem.<\/p>\n<p>Artyku\u0142y te mog\u0105 by\u0107 zamawiane tylko wtedy, gdy kupuj\u0105cy posiada niezb\u0119dne <strong>Do\u015bwiadczenie<\/strong> w obchodzeniu si\u0119 z tymi chemikaliami i surowcami.<\/p>","protected":false},"excerpt":{"rendered":"<p>Ten artyku\u0142 sk\u0142ada si\u0119 z bazy bez nikotyny i wymaganej liczby 10 ml shot\u00f3w nikotynowych z 20 mg do samodzielnego mieszania w celu uzyskania 120 ml bazy z 3 mg nikotyny.<\/p>","protected":false},"featured_media":319846,"comment_status":"open","ping_status":"closed","template":"","meta":{"_acf_changed":false,"_relevanssi_hide_post":"","_relevanssi_hide_content":"","_relevanssi_pin_for_all":"","_relevanssi_pin_keywords":"","_relevanssi_unpin_keywords":"","_relevanssi_related_keywords":"","_relevanssi_related_include_ids":"","_relevanssi_related_exclude_ids":"","_relevanssi_related_no_append":"","_relevanssi_related_not_related":"","_relevanssi_related_posts":"","_relevanssi_noindex_reason":""},"product_brand":[],"product_cat":[4732,4695,4700],"product_tag":[7397,7396,6716,6738,5124,1391,6717,5118,6712,5805,5792,6739],"class_list":{"0":"post-300990","1":"product","2":"type-product","3":"status-publish","4":"has-post-thumbnail","6":"product_cat-alle-basen-fur-liquids","7":"product_cat-diy-liquid-basen","8":"product_cat-liquid-basis-fertigmischung","9":"product_tag-120ml","10":"product_tag-3mg","11":"product_tag-alle","12":"product_tag-base","13":"product_tag-basen","14":"product_tag-bitte","15":"product_tag-diy","16":"product_tag-fertigmischung","17":"product_tag-fuer","18":"product_tag-liquid","19":"product_tag-liquids","20":"product_tag-set","21":"product_shipping_class-standard","23":"first","24":"instock","25":"taxable","26":"shipping-taxable","27":"purchasable","28":"product-type-variable"},"acf":[],"_links":{"self":[{"href":"https:\/\/my-eliquid.de\/pl\/wp-json\/wp\/v2\/product\/300990","targetHints":{"allow":["GET"]}}],"collection":[{"href":"https:\/\/my-eliquid.de\/pl\/wp-json\/wp\/v2\/product"}],"about":[{"href":"https:\/\/my-eliquid.de\/pl\/wp-json\/wp\/v2\/types\/product"}],"replies":[{"embeddable":true,"href":"https:\/\/my-eliquid.de\/pl\/wp-json\/wp\/v2\/comments?post=300990"}],"wp:featuredmedia":[{"embeddable":true,"href":"https:\/\/my-eliquid.de\/pl\/wp-json\/wp\/v2\/media\/319846"}],"wp:attachment":[{"href":"https:\/\/my-eliquid.de\/pl\/wp-json\/wp\/v2\/media?parent=300990"}],"wp:term":[{"taxonomy":"product_brand","embeddable":true,"href":"https:\/\/my-eliquid.de\/pl\/wp-json\/wp\/v2\/product_brand?post=300990"},{"taxonomy":"product_cat","embeddable":true,"href":"https:\/\/my-eliquid.de\/pl\/wp-json\/wp\/v2\/product_cat?post=300990"},{"taxonomy":"product_tag","embeddable":true,"href":"https:\/\/my-eliquid.de\/pl\/wp-json\/wp\/v2\/product_tag?post=300990"}],"curies":[{"name":"wp","href":"https:\/\/api.w.org\/{rel}","templated":true}]}}