{"id":302464,"date":"2012-02-21T00:00:00","date_gmt":"2012-02-20T23:00:00","guid":{"rendered":"https:\/\/my-eliquid.de\/shop\/papaya-aroma\/"},"modified":"2026-03-04T08:45:55","modified_gmt":"2026-03-04T07:45:55","slug":"papaya-aroma","status":"publish","type":"product","link":"https:\/\/my-eliquid.de\/pl\/shop\/papaya-aroma\/","title":{"rendered":"Smak papai"},"content":{"rendered":"<p>Nasz <strong>Smak papai<\/strong> mit seinem exotischen, s\u00fc\u00df-fruchtigen <strong>Papayageschmack<\/strong> pochodzi z linii <strong>Aromaty owocowe<\/strong>. Die k\u00f6stliche Tropenfrucht als mindestens genauso k\u00f6stliches <strong>Aromat<\/strong>! The <strong>Smak papai<\/strong> nadaje si\u0119 do aromatyzowania i <strong>Produkcja w\u0142asnych p\u0142yn\u00f3w<\/strong> i mog\u0105 by\u0107 \u0142\u0105czone z innymi <strong>Mieszane smaki<\/strong> sta\u0107 si\u0119. W ten spos\u00f3b mo\u017cna wielokrotnie tworzy\u0107 nowe, zindywidualizowane projekty. <strong>p\u0142yny<\/strong>! Aromaty nie mog\u0105 by\u0107 u\u017cywane w stanie nierozcie\u0144czonym i zawsze musz\u0105 by\u0107 poddane testowi. <strong>Baza<\/strong> doda\u0107.<\/p>","protected":false},"excerpt":{"rendered":"<p>Die fruchtig-k\u00f6stliche Exotik der Tropen: Unser <strong>vollmundiges Papaya Aroma<\/strong> und sein bezaubernder, saftig-s\u00fc\u00dfer Geschmack von sonnengereiften <strong>Papayas<\/strong> \u2013 Lecker!<\/p>","protected":false},"featured_media":319176,"comment_status":"open","ping_status":"closed","template":"","meta":{"_acf_changed":false,"_relevanssi_hide_post":"","_relevanssi_hide_content":"","_relevanssi_pin_for_all":"","_relevanssi_pin_keywords":"","_relevanssi_unpin_keywords":"","_relevanssi_related_keywords":"","_relevanssi_related_include_ids":"","_relevanssi_related_exclude_ids":"","_relevanssi_related_no_append":"","_relevanssi_related_not_related":"","_relevanssi_related_posts":"","_relevanssi_noindex_reason":""},"product_brand":[],"product_cat":[4733,4882,4701,4705,4881],"product_tag":[1399,4919,4915,5166,4917,4914,4918,5004,5067,5057,4920],"class_list":{"0":"post-302464","1":"product","2":"type-product","3":"status-publish","4":"has-post-thumbnail","6":"product_cat-alle-aromen","7":"product_cat-aromen-ohne-sucralose","8":"product_cat-aromen","9":"product_cat-frucht-aromen-liquid-e-zigarette","10":"product_cat-my-eliquid-aromen","11":"product_tag-aroma","12":"product_tag-dampfer","13":"product_tag-e-liquid","14":"product_tag-e-zigarette","15":"product_tag-e-zigi","16":"product_tag-eliquid","17":"product_tag-ezigarette","18":"product_tag-nachfuellfluessigkeit","19":"product_tag-papaya","20":"product_tag-pomegranate","21":"product_tag-verdampfer","22":"product_shipping_class-standard","24":"first","25":"instock","26":"taxable","27":"shipping-taxable","28":"purchasable","29":"product-type-variable"},"acf":[],"_links":{"self":[{"href":"https:\/\/my-eliquid.de\/pl\/wp-json\/wp\/v2\/product\/302464","targetHints":{"allow":["GET"]}}],"collection":[{"href":"https:\/\/my-eliquid.de\/pl\/wp-json\/wp\/v2\/product"}],"about":[{"href":"https:\/\/my-eliquid.de\/pl\/wp-json\/wp\/v2\/types\/product"}],"replies":[{"embeddable":true,"href":"https:\/\/my-eliquid.de\/pl\/wp-json\/wp\/v2\/comments?post=302464"}],"wp:featuredmedia":[{"embeddable":true,"href":"https:\/\/my-eliquid.de\/pl\/wp-json\/wp\/v2\/media\/319176"}],"wp:attachment":[{"href":"https:\/\/my-eliquid.de\/pl\/wp-json\/wp\/v2\/media?parent=302464"}],"wp:term":[{"taxonomy":"product_brand","embeddable":true,"href":"https:\/\/my-eliquid.de\/pl\/wp-json\/wp\/v2\/product_brand?post=302464"},{"taxonomy":"product_cat","embeddable":true,"href":"https:\/\/my-eliquid.de\/pl\/wp-json\/wp\/v2\/product_cat?post=302464"},{"taxonomy":"product_tag","embeddable":true,"href":"https:\/\/my-eliquid.de\/pl\/wp-json\/wp\/v2\/product_tag?post=302464"}],"curies":[{"name":"wp","href":"https:\/\/api.w.org\/{rel}","templated":true}]}}