{"id":302466,"date":"2012-02-21T00:00:00","date_gmt":"2012-02-20T23:00:00","guid":{"rendered":"https:\/\/my-eliquid.de\/shop\/kakao-aroma\/"},"modified":"2025-11-25T13:50:43","modified_gmt":"2025-11-25T12:50:43","slug":"kakao-aroma","status":"publish","type":"product","link":"https:\/\/my-eliquid.de\/pl\/shop\/kakao-aroma\/","title":{"rendered":"Aromat kakaowy"},"content":{"rendered":"<p>Nasz <strong>Aromat kakaowy<\/strong> mit seinem s\u00fc\u00df-w\u00fcrzigen <strong>Kakaogeschmack<\/strong> pochodzi z linii <strong>Napoje Aromaty<\/strong>. Die einzigartig-nat\u00fcrliche Kakao-Mischung: Wunderbar s\u00fc\u00df, angenehm bitter und unwiderstehlich k\u00f6stlich! Das <strong>Aromat kakaowy<\/strong> nadaje si\u0119 do aromatyzowania i <strong>Produkcja w\u0142asnych p\u0142yn\u00f3w<\/strong> i mog\u0105 by\u0107 \u0142\u0105czone z innymi <strong>smaki s\u0105 mieszane<\/strong>. Pozwala to na tworzenie nowych, zindywidualizowanych p\u0142yn\u00f3w raz za razem! <strong>aromaty<\/strong> nie mog\u0105 by\u0107 stosowane w postaci nierozcie\u0144czonej i zawsze musz\u0105 by\u0107 <strong>Baza<\/strong> doda\u0107.<\/p>","protected":false},"excerpt":{"rendered":"<p>Prawdziwy przysmak - nasz wyj\u0105tkowy <strong>Aromat kakaowy<\/strong>Marzenie stworzone z delikatnych, pra\u017conych <strong>Ziarna kakaowca<\/strong>, przyjemniejszy <strong>Gorzka nuta<\/strong> i cudownie aromatyczna s\u0142odycz!<\/p>","protected":false},"featured_media":319188,"comment_status":"open","ping_status":"closed","template":"","meta":{"_acf_changed":false,"_relevanssi_hide_post":"","_relevanssi_hide_content":"","_relevanssi_pin_for_all":"","_relevanssi_pin_keywords":"","_relevanssi_unpin_keywords":"","_relevanssi_related_keywords":"","_relevanssi_related_include_ids":"","_relevanssi_related_exclude_ids":"","_relevanssi_related_no_append":"","_relevanssi_related_not_related":"","_relevanssi_related_posts":"","_relevanssi_noindex_reason":""},"product_brand":[],"product_cat":[4733,4882,4701,4702,4881],"product_tag":[1399,5086,5085,4919,4915,5166,4917,4914,4918,5084,5004,4920],"class_list":{"0":"post-302466","1":"product","2":"type-product","3":"status-publish","4":"has-post-thumbnail","6":"product_cat-alle-aromen","7":"product_cat-aromen-ohne-sucralose","8":"product_cat-aromen","9":"product_cat-drinks-aromen-liquid-e-zigarette","10":"product_cat-my-eliquid-aromen","11":"product_tag-aroma","12":"product_tag-cacao","13":"product_tag-cocoa","14":"product_tag-dampfer","15":"product_tag-e-liquid","16":"product_tag-e-zigarette","17":"product_tag-e-zigi","18":"product_tag-eliquid","19":"product_tag-ezigarette","20":"product_tag-kakao","21":"product_tag-nachfuellfluessigkeit","22":"product_tag-verdampfer","23":"product_shipping_class-standard","25":"first","26":"instock","27":"taxable","28":"shipping-taxable","29":"purchasable","30":"product-type-variable"},"acf":[],"_links":{"self":[{"href":"https:\/\/my-eliquid.de\/pl\/wp-json\/wp\/v2\/product\/302466","targetHints":{"allow":["GET"]}}],"collection":[{"href":"https:\/\/my-eliquid.de\/pl\/wp-json\/wp\/v2\/product"}],"about":[{"href":"https:\/\/my-eliquid.de\/pl\/wp-json\/wp\/v2\/types\/product"}],"replies":[{"embeddable":true,"href":"https:\/\/my-eliquid.de\/pl\/wp-json\/wp\/v2\/comments?post=302466"}],"wp:featuredmedia":[{"embeddable":true,"href":"https:\/\/my-eliquid.de\/pl\/wp-json\/wp\/v2\/media\/319188"}],"wp:attachment":[{"href":"https:\/\/my-eliquid.de\/pl\/wp-json\/wp\/v2\/media?parent=302466"}],"wp:term":[{"taxonomy":"product_brand","embeddable":true,"href":"https:\/\/my-eliquid.de\/pl\/wp-json\/wp\/v2\/product_brand?post=302466"},{"taxonomy":"product_cat","embeddable":true,"href":"https:\/\/my-eliquid.de\/pl\/wp-json\/wp\/v2\/product_cat?post=302466"},{"taxonomy":"product_tag","embeddable":true,"href":"https:\/\/my-eliquid.de\/pl\/wp-json\/wp\/v2\/product_tag?post=302466"}],"curies":[{"name":"wp","href":"https:\/\/api.w.org\/{rel}","templated":true}]}}