{"id":302480,"date":"2014-01-07T00:00:00","date_gmt":"2014-01-06T23:00:00","guid":{"rendered":"https:\/\/my-eliquid.de\/shop\/honigmelone-aroma\/"},"modified":"2025-12-02T09:14:21","modified_gmt":"2025-12-02T08:14:21","slug":"honigmelone-aroma","status":"publish","type":"product","link":"https:\/\/my-eliquid.de\/pl\/shop\/honigmelone-aroma\/","title":{"rendered":"Smak melona spadziowego"},"content":{"rendered":"<p>Nasz <strong>Smak melona spadziowego<\/strong> mit seinem \u00e4u\u00dferst fruchtigen und saftig-intensiven <strong>Honigmelonengeschmack<\/strong> pochodzi z linii <strong>Aromaty owocowe<\/strong>. Das vollmundige <strong>Melonen-Vergn\u00fcgen<\/strong>: s\u00fc\u00df, fruchtig und saftig \u2013 ein Volltreffer! Das <strong>Smak melona spadziowego<\/strong> nadaje si\u0119 do aromatyzowania i <strong>Produkcja w\u0142asnych p\u0142yn\u00f3w<\/strong> i mog\u0105 by\u0107 \u0142\u0105czone z innymi <strong>Mieszane smaki<\/strong> sta\u0107 si\u0119. W ten spos\u00f3b mo\u017cna wielokrotnie tworzy\u0107 nowe, zindywidualizowane projekty. <strong>p\u0142yny<\/strong>! Aromaty nie mog\u0105 by\u0107 u\u017cywane w stanie nierozcie\u0144czonym i zawsze musz\u0105 by\u0107 poddane testowi. <strong>Baza<\/strong> doda\u0107.<\/p>","protected":false},"excerpt":{"rendered":"<p>Der s\u00fc\u00dfe, sommerliche Geschmack von fruchtig-saftiger <strong>melon miodowy<\/strong> wird in unserem leckeren <strong>Smak melona spadziowego<\/strong> zu einem intensiven, sonnengereiften <strong>Hochgenuss<\/strong>.<\/p>","protected":false},"featured_media":319225,"comment_status":"open","ping_status":"closed","template":"","meta":{"_acf_changed":false,"_relevanssi_hide_post":"","_relevanssi_hide_content":"","_relevanssi_pin_for_all":"","_relevanssi_pin_keywords":"","_relevanssi_unpin_keywords":"","_relevanssi_related_keywords":"","_relevanssi_related_include_ids":"","_relevanssi_related_exclude_ids":"","_relevanssi_related_no_append":"","_relevanssi_related_not_related":"","_relevanssi_related_posts":"","_relevanssi_noindex_reason":""},"product_brand":[],"product_cat":[4733,4882,4701,4705,4881],"product_tag":[4919,4915,5166,4917,4914,4918,5235,5236,5004,4920],"class_list":{"0":"post-302480","1":"product","2":"type-product","3":"status-publish","4":"has-post-thumbnail","6":"product_cat-alle-aromen","7":"product_cat-aromen-ohne-sucralose","8":"product_cat-aromen","9":"product_cat-frucht-aromen-liquid-e-zigarette","10":"product_cat-my-eliquid-aromen","11":"product_tag-dampfer","12":"product_tag-e-liquid","13":"product_tag-e-zigarette","14":"product_tag-e-zigi","15":"product_tag-eliquid","16":"product_tag-ezigarette","17":"product_tag-honigmelone","18":"product_tag-honymelon","19":"product_tag-nachfuellfluessigkeit","20":"product_tag-verdampfer","21":"product_shipping_class-standard","23":"first","24":"outofstock","25":"taxable","26":"shipping-taxable","27":"purchasable","28":"product-type-variable"},"acf":[],"_links":{"self":[{"href":"https:\/\/my-eliquid.de\/pl\/wp-json\/wp\/v2\/product\/302480","targetHints":{"allow":["GET"]}}],"collection":[{"href":"https:\/\/my-eliquid.de\/pl\/wp-json\/wp\/v2\/product"}],"about":[{"href":"https:\/\/my-eliquid.de\/pl\/wp-json\/wp\/v2\/types\/product"}],"replies":[{"embeddable":true,"href":"https:\/\/my-eliquid.de\/pl\/wp-json\/wp\/v2\/comments?post=302480"}],"wp:featuredmedia":[{"embeddable":true,"href":"https:\/\/my-eliquid.de\/pl\/wp-json\/wp\/v2\/media\/319225"}],"wp:attachment":[{"href":"https:\/\/my-eliquid.de\/pl\/wp-json\/wp\/v2\/media?parent=302480"}],"wp:term":[{"taxonomy":"product_brand","embeddable":true,"href":"https:\/\/my-eliquid.de\/pl\/wp-json\/wp\/v2\/product_brand?post=302480"},{"taxonomy":"product_cat","embeddable":true,"href":"https:\/\/my-eliquid.de\/pl\/wp-json\/wp\/v2\/product_cat?post=302480"},{"taxonomy":"product_tag","embeddable":true,"href":"https:\/\/my-eliquid.de\/pl\/wp-json\/wp\/v2\/product_tag?post=302480"}],"curies":[{"name":"wp","href":"https:\/\/api.w.org\/{rel}","templated":true}]}}