{"id":302486,"date":"2017-10-10T00:00:00","date_gmt":"2017-10-09T22:00:00","guid":{"rendered":"https:\/\/my-eliquid.de\/shop\/erdbeer-sahne-aroma\/"},"modified":"2026-03-04T08:45:55","modified_gmt":"2026-03-04T07:45:55","slug":"erdbeer-sahne-aroma","status":"publish","type":"product","link":"https:\/\/my-eliquid.de\/pl\/shop\/erdbeer-sahne-aroma\/","title":{"rendered":"Aromat truskawkowo-\u015bmietankowy"},"content":{"rendered":"<p>Nasz <strong>Aromat truskawkowo-\u015bmietankowy<\/strong> mit seinem fruchtig-s\u00fc\u00dfen Geschmack von <strong>Erdbeeren und Sahne<\/strong> pochodzi z linii <strong>S\u0142odkie smaki<\/strong>. Der s\u00fc\u00dfe Traum feinster Erdbeeren und frisch geschlagener Sahne \u2013 einfach himmlisch! Das <strong>Aromat truskawkowo-\u015bmietankowy<\/strong> jest odpowiedni dla <strong>Aromatyzowanie i produkcja w\u0142asnych p\u0142yn\u00f3w<\/strong> i mo\u017ce <strong>Zmieszane z innymi smakami<\/strong> mo\u017cna dostosowa\u0107 do w\u0142asnych potrzeb. W ten spos\u00f3b mo\u017cna ci\u0105gle tworzy\u0107 nowe, zindywidualizowane p\u0142yny! <strong>aromaty<\/strong> nie mog\u0105 by\u0107 stosowane w postaci nierozcie\u0144czonej i zawsze musz\u0105 by\u0107 <strong>Baza<\/strong> doda\u0107.<\/p>","protected":false},"excerpt":{"rendered":"<p>Owocowy smak \u015bwie\u017cych <strong>truskawki<\/strong> spotyka si\u0119 z apetyczn\u0105 porcj\u0105 pysznych <strong>\u015bmietana<\/strong>: Nasz <strong>Aromat truskawkowo-\u015bmietankowy<\/strong> i jego uwodzicielska mieszanka!<\/p>","protected":false},"featured_media":319241,"comment_status":"open","ping_status":"closed","template":"","meta":{"_acf_changed":false,"_relevanssi_hide_post":"","_relevanssi_hide_content":"","_relevanssi_pin_for_all":"","_relevanssi_pin_keywords":"","_relevanssi_unpin_keywords":"","_relevanssi_related_keywords":"","_relevanssi_related_include_ids":"","_relevanssi_related_exclude_ids":"","_relevanssi_related_no_append":"","_relevanssi_related_not_related":"","_relevanssi_related_posts":"","_relevanssi_noindex_reason":""},"product_brand":[],"product_cat":[4733,4882,4701,4881,4707],"product_tag":[1399,5108,4919,5107,4915,5166,4917,4914,5553,4918,5004,6869,4920],"class_list":{"0":"post-302486","1":"product","2":"type-product","3":"status-publish","4":"has-post-thumbnail","6":"product_cat-alle-aromen","7":"product_cat-aromen-ohne-sucralose","8":"product_cat-aromen","9":"product_cat-my-eliquid-aromen","10":"product_cat-suesse-aromen-liquid-e-zigarette","11":"product_tag-aroma","12":"product_tag-cream","13":"product_tag-dampfer","14":"product_tag-doozie","15":"product_tag-e-liquid","16":"product_tag-e-zigarette","17":"product_tag-e-zigi","18":"product_tag-eliquid","19":"product_tag-erdbeer-sahne","20":"product_tag-ezigarette","21":"product_tag-nachfuellfluessigkeit","22":"product_tag-strawberry","23":"product_tag-verdampfer","24":"product_shipping_class-standard","26":"first","27":"instock","28":"taxable","29":"shipping-taxable","30":"purchasable","31":"product-type-variable"},"acf":[],"_links":{"self":[{"href":"https:\/\/my-eliquid.de\/pl\/wp-json\/wp\/v2\/product\/302486","targetHints":{"allow":["GET"]}}],"collection":[{"href":"https:\/\/my-eliquid.de\/pl\/wp-json\/wp\/v2\/product"}],"about":[{"href":"https:\/\/my-eliquid.de\/pl\/wp-json\/wp\/v2\/types\/product"}],"replies":[{"embeddable":true,"href":"https:\/\/my-eliquid.de\/pl\/wp-json\/wp\/v2\/comments?post=302486"}],"wp:featuredmedia":[{"embeddable":true,"href":"https:\/\/my-eliquid.de\/pl\/wp-json\/wp\/v2\/media\/319241"}],"wp:attachment":[{"href":"https:\/\/my-eliquid.de\/pl\/wp-json\/wp\/v2\/media?parent=302486"}],"wp:term":[{"taxonomy":"product_brand","embeddable":true,"href":"https:\/\/my-eliquid.de\/pl\/wp-json\/wp\/v2\/product_brand?post=302486"},{"taxonomy":"product_cat","embeddable":true,"href":"https:\/\/my-eliquid.de\/pl\/wp-json\/wp\/v2\/product_cat?post=302486"},{"taxonomy":"product_tag","embeddable":true,"href":"https:\/\/my-eliquid.de\/pl\/wp-json\/wp\/v2\/product_tag?post=302486"}],"curies":[{"name":"wp","href":"https:\/\/api.w.org\/{rel}","templated":true}]}}