{"id":302490,"date":"2019-10-24T00:00:00","date_gmt":"2019-10-23T22:00:00","guid":{"rendered":"https:\/\/my-eliquid.de\/shop\/mel-aroma-stroh-rum\/"},"modified":"2025-11-25T13:53:02","modified_gmt":"2025-11-25T12:53:02","slug":"mel-aroma-stroh-rum","status":"publish","type":"product","link":"https:\/\/my-eliquid.de\/pl\/shop\/mel-aroma-stroh-rum\/","title":{"rendered":"Aromat s\u0142omkowego rumu"},"content":{"rendered":"<p>Niech to b\u0119dzie co\u015b takiego<strong>silniejszy<\/strong> by\u0107? W takim razie zapoznaj si\u0119 z naszym nowym <strong>Aromat s\u0142omkowego rumu<\/strong> i wymiesza\u0107 <strong>P\u0142yny<\/strong> na przyjemne godziny wieczorne.\u00a0<\/p>\n<p>Ein intensiver <strong>Rum<\/strong>\u00a0G<strong>eschmack<\/strong> so wie man ihn kennt!<\/p>\n<p><strong>Vorsicht nicht zu Hochdosieren! Bitte dosierhinweis auf der Flasche beachten.<\/strong><\/p>\n<p>To <strong>Stroh Rum\u00a0 Aroma<\/strong> eignet sich zum Aromatisieren und Herstellen von eigenen Liquids und kann mit anderen Aromen gemischt werden.<\/p>\n<p>Auf diese Weise kreieren Sie immer wieder neue, individuelle Fl\u00fcssigkeiten!<\/p>\n<p><strong>Aromen d\u00fcrfen nicht unverd\u00fcnnt verwendet werden und m\u00fcssen immer einer Base zugesetzt werden.\u00a0<\/strong><\/p>","protected":false},"excerpt":{"rendered":"<p>Niech to b\u0119dzie co\u015b takiego<strong>silniejszy<\/strong>\u00a0by\u0107? W takim razie zapoznaj si\u0119 z naszym nowym\u00a0<strong>Aromat s\u0142omkowego rumu<\/strong>\u00a0i wymiesza\u0107\u00a0<strong>P\u0142yny<\/strong>\u00a0na przyjemne godziny wieczorne.\u00a0<\/p>","protected":false},"featured_media":319264,"comment_status":"open","ping_status":"closed","template":"","meta":{"_acf_changed":false,"_relevanssi_hide_post":"","_relevanssi_hide_content":"","_relevanssi_pin_for_all":"","_relevanssi_pin_keywords":"","_relevanssi_unpin_keywords":"","_relevanssi_related_keywords":"","_relevanssi_related_include_ids":"","_relevanssi_related_exclude_ids":"","_relevanssi_related_no_append":"","_relevanssi_related_not_related":"","_relevanssi_related_posts":"","_relevanssi_noindex_reason":""},"product_brand":[],"product_cat":[4733,4882,4701,4702,4881,4792,4712],"product_tag":[1454,1399,6847,1391,5805,5792,6732,6885,5310,4929,5226,6899,6527],"class_list":{"0":"post-302490","1":"product","2":"type-product","3":"status-publish","4":"has-post-thumbnail","6":"product_cat-alle-aromen","7":"product_cat-aromen-ohne-sucralose","8":"product_cat-aromen","9":"product_cat-drinks-aromen-liquid-e-zigarette","10":"product_cat-my-eliquid-aromen","11":"product_cat-neue-aromen","12":"product_cat-special-aromen-liquid-e-zigarette","13":"product_tag-1454","14":"product_tag-aroma","15":"product_tag-aromen","16":"product_tag-bitte","17":"product_tag-liquid","18":"product_tag-liquids","19":"product_tag-ml","20":"product_tag-neue","21":"product_tag-neuheiten","22":"product_tag-rum","23":"product_tag-special","24":"product_tag-stroh","25":"product_tag-tabak","26":"product_shipping_class-standard","28":"first","29":"outofstock","30":"taxable","31":"shipping-taxable","32":"purchasable","33":"product-type-variable"},"acf":[],"_links":{"self":[{"href":"https:\/\/my-eliquid.de\/pl\/wp-json\/wp\/v2\/product\/302490","targetHints":{"allow":["GET"]}}],"collection":[{"href":"https:\/\/my-eliquid.de\/pl\/wp-json\/wp\/v2\/product"}],"about":[{"href":"https:\/\/my-eliquid.de\/pl\/wp-json\/wp\/v2\/types\/product"}],"replies":[{"embeddable":true,"href":"https:\/\/my-eliquid.de\/pl\/wp-json\/wp\/v2\/comments?post=302490"}],"wp:featuredmedia":[{"embeddable":true,"href":"https:\/\/my-eliquid.de\/pl\/wp-json\/wp\/v2\/media\/319264"}],"wp:attachment":[{"href":"https:\/\/my-eliquid.de\/pl\/wp-json\/wp\/v2\/media?parent=302490"}],"wp:term":[{"taxonomy":"product_brand","embeddable":true,"href":"https:\/\/my-eliquid.de\/pl\/wp-json\/wp\/v2\/product_brand?post=302490"},{"taxonomy":"product_cat","embeddable":true,"href":"https:\/\/my-eliquid.de\/pl\/wp-json\/wp\/v2\/product_cat?post=302490"},{"taxonomy":"product_tag","embeddable":true,"href":"https:\/\/my-eliquid.de\/pl\/wp-json\/wp\/v2\/product_tag?post=302490"}],"curies":[{"name":"wp","href":"https:\/\/api.w.org\/{rel}","templated":true}]}}