{"id":302504,"date":"2013-11-11T00:00:00","date_gmt":"2013-11-10T23:00:00","guid":{"rendered":"https:\/\/my-eliquid.de\/shop\/vanillepudding-aroma\/"},"modified":"2026-03-16T09:37:51","modified_gmt":"2026-03-16T08:37:51","slug":"vanillepudding-aroma","status":"publish","type":"product","link":"https:\/\/my-eliquid.de\/pl\/shop\/vanillepudding-aroma\/","title":{"rendered":"Smak budyniu waniliowego"},"content":{"rendered":"<p>Nasz <strong>Smak budyniu waniliowego<\/strong> z delikatnym, s\u0142odkim, pe\u0142nym kremowym smakiem <strong>Wanilia i krem \u015bmietankowy<\/strong> pochodzi z linii <strong>S\u0142odkie smaki<\/strong>. Smakuje jak u babci: nasze zmys\u0142owe uwodzenie od <strong>Wanilia i \u015bmietana<\/strong>! The <strong>Smak budyniu waniliowego<\/strong> jest odpowiedni dla <strong>Aromatyzowanie i produkcja w\u0142asnych p\u0142yn\u00f3w<\/strong> i mo\u017ce <strong>Zmieszane z innymi smakami<\/strong> mo\u017cna dostosowa\u0107 do w\u0142asnych potrzeb. W ten spos\u00f3b mo\u017cna ci\u0105gle tworzy\u0107 nowe, zindywidualizowane p\u0142yny! <strong>aromaty<\/strong> nie mog\u0105 by\u0107 stosowane w postaci nierozcie\u0144czonej i zawsze musz\u0105 by\u0107 <strong>Baza<\/strong> doda\u0107.<\/p>","protected":false},"excerpt":{"rendered":"<p>Najlepsza babcia, <strong>Kremowy budy\u0144 waniliowy<\/strong> jak \u015bwie\u017co zrobione: Nasze <strong>S\u0142odki waniliowy smak budyniu<\/strong> Oczarowuje swoim budyniowym marzeniem o wanilii i \u015bmietanie!<\/p>","protected":false},"featured_media":319331,"comment_status":"open","ping_status":"closed","template":"","meta":{"_acf_changed":false,"_relevanssi_hide_post":"","_relevanssi_hide_content":"","_relevanssi_pin_for_all":"","_relevanssi_pin_keywords":"","_relevanssi_unpin_keywords":"","_relevanssi_related_keywords":"","_relevanssi_related_include_ids":"","_relevanssi_related_exclude_ids":"","_relevanssi_related_no_append":"","_relevanssi_related_not_related":"","_relevanssi_related_posts":"","_relevanssi_noindex_reason":""},"product_brand":[],"product_cat":[4733,4882,4701,4881,4707],"product_tag":[1391,4919,4915,5166,4917,4914,4918,5004,1584,1586,6982,4920],"class_list":{"0":"post-302504","1":"product","2":"type-product","3":"status-publish","4":"has-post-thumbnail","6":"product_cat-alle-aromen","7":"product_cat-aromen-ohne-sucralose","8":"product_cat-aromen","9":"product_cat-my-eliquid-aromen","10":"product_cat-suesse-aromen-liquid-e-zigarette","11":"product_tag-bitte","12":"product_tag-dampfer","13":"product_tag-e-liquid","14":"product_tag-e-zigarette","15":"product_tag-e-zigi","16":"product_tag-eliquid","17":"product_tag-ezigarette","18":"product_tag-nachfuellfluessigkeit","19":"product_tag-nachnahme","20":"product_tag-per","21":"product_tag-vanillepudding","22":"product_tag-verdampfer","23":"product_shipping_class-standard","25":"first","26":"instock","27":"taxable","28":"shipping-taxable","29":"purchasable","30":"product-type-variable"},"acf":[],"_links":{"self":[{"href":"https:\/\/my-eliquid.de\/pl\/wp-json\/wp\/v2\/product\/302504","targetHints":{"allow":["GET"]}}],"collection":[{"href":"https:\/\/my-eliquid.de\/pl\/wp-json\/wp\/v2\/product"}],"about":[{"href":"https:\/\/my-eliquid.de\/pl\/wp-json\/wp\/v2\/types\/product"}],"replies":[{"embeddable":true,"href":"https:\/\/my-eliquid.de\/pl\/wp-json\/wp\/v2\/comments?post=302504"}],"wp:featuredmedia":[{"embeddable":true,"href":"https:\/\/my-eliquid.de\/pl\/wp-json\/wp\/v2\/media\/319331"}],"wp:attachment":[{"href":"https:\/\/my-eliquid.de\/pl\/wp-json\/wp\/v2\/media?parent=302504"}],"wp:term":[{"taxonomy":"product_brand","embeddable":true,"href":"https:\/\/my-eliquid.de\/pl\/wp-json\/wp\/v2\/product_brand?post=302504"},{"taxonomy":"product_cat","embeddable":true,"href":"https:\/\/my-eliquid.de\/pl\/wp-json\/wp\/v2\/product_cat?post=302504"},{"taxonomy":"product_tag","embeddable":true,"href":"https:\/\/my-eliquid.de\/pl\/wp-json\/wp\/v2\/product_tag?post=302504"}],"curies":[{"name":"wp","href":"https:\/\/api.w.org\/{rel}","templated":true}]}}