{"id":302509,"date":"2018-04-29T00:00:00","date_gmt":"2018-04-28T22:00:00","guid":{"rendered":"https:\/\/my-eliquid.de\/shop\/retro-juice-aroma\/"},"modified":"2025-11-25T13:52:48","modified_gmt":"2025-11-25T12:52:48","slug":"retro-juice-aroma","status":"publish","type":"product","link":"https:\/\/my-eliquid.de\/pl\/shop\/retro-juice-aroma\/","title":{"rendered":"Aromat Retro Juice"},"content":{"rendered":"<p>Nasz <strong>Aromat Retro Juice\u00a0<\/strong>z jego nostalgicznym <strong>smak gumy do \u017cucia<\/strong> pochodzi z linii<strong>Shake and Vape Liquids<\/strong>. Der <strong>rosa <strong>aufgerollte\u00a0\u00a0<\/strong>Guma do \u017cucia<\/strong> aus den Jugendtagen wurde mit einem erfrischenden Schuss an <strong>mentol<\/strong> versetzt. All unsere Fl\u00fcssigkeiten werden bei uns vor Ort produziert und entsprechen h\u00f6chsten Sicherheitsstandards.<\/p>\n<p><strong>aromaty<\/strong> nie mog\u0105 by\u0107 stosowane w postaci nierozcie\u0144czonej i zawsze musz\u0105 by\u0107 <strong>Baza<\/strong> doda\u0107.<\/p>","protected":false},"excerpt":{"rendered":"<p>Nasze retro <strong>Sok<\/strong> z jego nostalgicznym <strong>smak gumy do \u017cucia<\/strong> pochodzi z linii Shake and Vape Liquids. The <strong>Guma do \u017cucia<\/strong> z orze\u017awiaj\u0105c\u0105 porcj\u0105 <strong>mentol<\/strong><\/p>","protected":false},"featured_media":319340,"comment_status":"open","ping_status":"closed","template":"","meta":{"_acf_changed":false,"_relevanssi_hide_post":"","_relevanssi_hide_content":"","_relevanssi_pin_for_all":"","_relevanssi_pin_keywords":"","_relevanssi_unpin_keywords":"","_relevanssi_related_keywords":"","_relevanssi_related_include_ids":"","_relevanssi_related_exclude_ids":"","_relevanssi_related_no_append":"","_relevanssi_related_not_related":"","_relevanssi_related_posts":"","_relevanssi_noindex_reason":""},"product_brand":[],"product_cat":[4733,4882,4701,4881,4792,4712],"product_tag":[1399,6847,6987,5805,5792,6885,6986,5226],"class_list":{"0":"post-302509","1":"product","2":"type-product","3":"status-publish","4":"has-post-thumbnail","6":"product_cat-alle-aromen","7":"product_cat-aromen-ohne-sucralose","8":"product_cat-aromen","9":"product_cat-my-eliquid-aromen","10":"product_cat-neue-aromen","11":"product_cat-special-aromen-liquid-e-zigarette","12":"product_tag-aroma","13":"product_tag-aromen","14":"product_tag-juice","15":"product_tag-liquid","16":"product_tag-liquids","17":"product_tag-neue","18":"product_tag-retro","19":"product_tag-special","20":"product_shipping_class-standard","22":"first","23":"outofstock","24":"taxable","25":"shipping-taxable","26":"purchasable","27":"product-type-variable"},"acf":[],"_links":{"self":[{"href":"https:\/\/my-eliquid.de\/pl\/wp-json\/wp\/v2\/product\/302509","targetHints":{"allow":["GET"]}}],"collection":[{"href":"https:\/\/my-eliquid.de\/pl\/wp-json\/wp\/v2\/product"}],"about":[{"href":"https:\/\/my-eliquid.de\/pl\/wp-json\/wp\/v2\/types\/product"}],"replies":[{"embeddable":true,"href":"https:\/\/my-eliquid.de\/pl\/wp-json\/wp\/v2\/comments?post=302509"}],"wp:featuredmedia":[{"embeddable":true,"href":"https:\/\/my-eliquid.de\/pl\/wp-json\/wp\/v2\/media\/319340"}],"wp:attachment":[{"href":"https:\/\/my-eliquid.de\/pl\/wp-json\/wp\/v2\/media?parent=302509"}],"wp:term":[{"taxonomy":"product_brand","embeddable":true,"href":"https:\/\/my-eliquid.de\/pl\/wp-json\/wp\/v2\/product_brand?post=302509"},{"taxonomy":"product_cat","embeddable":true,"href":"https:\/\/my-eliquid.de\/pl\/wp-json\/wp\/v2\/product_cat?post=302509"},{"taxonomy":"product_tag","embeddable":true,"href":"https:\/\/my-eliquid.de\/pl\/wp-json\/wp\/v2\/product_tag?post=302509"}],"curies":[{"name":"wp","href":"https:\/\/api.w.org\/{rel}","templated":true}]}}