{"id":302520,"date":"2012-02-21T00:00:00","date_gmt":"2012-02-20T23:00:00","guid":{"rendered":"https:\/\/my-eliquid.de\/shop\/lemon-aroma\/"},"modified":"2025-11-25T13:50:53","modified_gmt":"2025-11-25T12:50:53","slug":"lemon-aroma","status":"publish","type":"product","link":"https:\/\/my-eliquid.de\/pl\/shop\/lemon-aroma\/","title":{"rendered":"Aromat cytrynowy"},"content":{"rendered":"<p>Nasz <strong>Aromat cytrynowy<\/strong> mit seinem saftig-sauren, vollmundigen <strong>Zitronengeschmack<\/strong> pochodzi z linii <strong>Aromaty owocowe<\/strong>. Die gelbe Erfrischung aus der Welt der Zitrusfr\u00fcchte: K\u00f6stlich, saftig und unglaublich gut! Das <strong>Aromat cytrynowy<\/strong> nadaje si\u0119 do aromatyzowania i <strong>Produkcja w\u0142asnych p\u0142yn\u00f3w<\/strong> i mog\u0105 by\u0107 \u0142\u0105czone z innymi <strong>Mieszane smaki<\/strong> sta\u0107 si\u0119. W ten spos\u00f3b mo\u017cna wielokrotnie tworzy\u0107 nowe, zindywidualizowane projekty. <strong>p\u0142yny<\/strong>! Aromaty nie mog\u0105 by\u0107 u\u017cywane w stanie nierozcie\u0144czonym i zawsze musz\u0105 by\u0107 poddane testowi. <strong>Baza<\/strong> doda\u0107.<\/p>","protected":false},"excerpt":{"rendered":"<p>Owocowe, pikantne orze\u017awienie: nasze <strong>Pyszny cytrynowy smak<\/strong> oferuje d\u0142ugotrwa\u0142y smak \u015bwie\u017cych, soczystych i bardzo pysznych owoc\u00f3w. <strong>Cytryna<\/strong>!<\/p>","protected":false},"featured_media":319395,"comment_status":"open","ping_status":"closed","template":"","meta":{"_acf_changed":false,"_relevanssi_hide_post":"","_relevanssi_hide_content":"","_relevanssi_pin_for_all":"","_relevanssi_pin_keywords":"","_relevanssi_unpin_keywords":"","_relevanssi_related_keywords":"","_relevanssi_related_include_ids":"","_relevanssi_related_exclude_ids":"","_relevanssi_related_no_append":"","_relevanssi_related_not_related":"","_relevanssi_related_posts":"","_relevanssi_noindex_reason":""},"product_brand":[],"product_cat":[4733,4882,4701,4705,4881],"product_tag":[1399,4919,4915,5166,4917,4914,4918,4923,5004,5057,4920,5073],"class_list":{"0":"post-302520","1":"product","2":"type-product","3":"status-publish","4":"has-post-thumbnail","6":"product_cat-alle-aromen","7":"product_cat-aromen-ohne-sucralose","8":"product_cat-aromen","9":"product_cat-frucht-aromen-liquid-e-zigarette","10":"product_cat-my-eliquid-aromen","11":"product_tag-aroma","12":"product_tag-dampfer","13":"product_tag-e-liquid","14":"product_tag-e-zigarette","15":"product_tag-e-zigi","16":"product_tag-eliquid","17":"product_tag-ezigarette","18":"product_tag-lemon","19":"product_tag-nachfuellfluessigkeit","20":"product_tag-pomegranate","21":"product_tag-verdampfer","22":"product_tag-zitrone","23":"product_shipping_class-standard","25":"first","26":"outofstock","27":"taxable","28":"shipping-taxable","29":"purchasable","30":"product-type-variable"},"acf":[],"_links":{"self":[{"href":"https:\/\/my-eliquid.de\/pl\/wp-json\/wp\/v2\/product\/302520","targetHints":{"allow":["GET"]}}],"collection":[{"href":"https:\/\/my-eliquid.de\/pl\/wp-json\/wp\/v2\/product"}],"about":[{"href":"https:\/\/my-eliquid.de\/pl\/wp-json\/wp\/v2\/types\/product"}],"replies":[{"embeddable":true,"href":"https:\/\/my-eliquid.de\/pl\/wp-json\/wp\/v2\/comments?post=302520"}],"wp:featuredmedia":[{"embeddable":true,"href":"https:\/\/my-eliquid.de\/pl\/wp-json\/wp\/v2\/media\/319395"}],"wp:attachment":[{"href":"https:\/\/my-eliquid.de\/pl\/wp-json\/wp\/v2\/media?parent=302520"}],"wp:term":[{"taxonomy":"product_brand","embeddable":true,"href":"https:\/\/my-eliquid.de\/pl\/wp-json\/wp\/v2\/product_brand?post=302520"},{"taxonomy":"product_cat","embeddable":true,"href":"https:\/\/my-eliquid.de\/pl\/wp-json\/wp\/v2\/product_cat?post=302520"},{"taxonomy":"product_tag","embeddable":true,"href":"https:\/\/my-eliquid.de\/pl\/wp-json\/wp\/v2\/product_tag?post=302520"}],"curies":[{"name":"wp","href":"https:\/\/api.w.org\/{rel}","templated":true}]}}