{"id":302534,"date":"2014-06-26T00:00:00","date_gmt":"2014-06-25T22:00:00","guid":{"rendered":"https:\/\/my-eliquid.de\/shop\/cola2-aroma\/"},"modified":"2025-11-25T13:49:33","modified_gmt":"2025-11-25T12:49:33","slug":"cola2-aroma","status":"publish","type":"product","link":"https:\/\/my-eliquid.de\/pl\/shop\/cola2-aroma\/","title":{"rendered":"Glad Cola (Cola 2) Aromat"},"content":{"rendered":"<p>Nasz <strong>Aromat Glad Cola<\/strong> mit seinem fein sprudelnden <strong>Colageschmack<\/strong> i <strong>s\u00fc\u00dfer Vanille-Note<\/strong> pochodzi z linii <strong>Napoje Aromaty<\/strong>.<\/p>\n<p>To <strong>Aromat Glad Cola<\/strong> nadaje si\u0119 do aromatyzowania i <strong>Produkcja w\u0142asnych p\u0142yn\u00f3w<\/strong> i mog\u0105 by\u0107 \u0142\u0105czone z innymi <strong>smaki s\u0105 mieszane<\/strong>.<\/p>\n<p>Auf diese Weise kreieren Sie immer wieder neue, individuelle Fl\u00fcssigkeiten!<\/p>\n<p><strong>aromaty<\/strong> nie mog\u0105 by\u0107 stosowane w postaci nierozcie\u0144czonej i zawsze musz\u0105 by\u0107 <strong>Baza<\/strong> doda\u0107.<\/p>","protected":false},"excerpt":{"rendered":"<p>S\u0142odkie do\u015bwiadczenie z \u017celkami: Nasze <strong>Pyszny aromat Glad Cola!<\/strong><\/p>","protected":false},"featured_media":319442,"comment_status":"open","ping_status":"closed","template":"","meta":{"_acf_changed":false,"_relevanssi_hide_post":"","_relevanssi_hide_content":"","_relevanssi_pin_for_all":"","_relevanssi_pin_keywords":"","_relevanssi_unpin_keywords":"","_relevanssi_related_keywords":"","_relevanssi_related_include_ids":"","_relevanssi_related_exclude_ids":"","_relevanssi_related_no_append":"","_relevanssi_related_not_related":"","_relevanssi_related_posts":"","_relevanssi_noindex_reason":""},"product_brand":[],"product_cat":[4733,4882,4701,4702,4881],"product_tag":[6900,1399,4999,4919,4915,5166,4917,4914,4918,7088,5004,4920],"class_list":{"0":"post-302534","1":"product","2":"type-product","3":"status-publish","4":"has-post-thumbnail","6":"product_cat-alle-aromen","7":"product_cat-aromen-ohne-sucralose","8":"product_cat-aromen","9":"product_cat-drinks-aromen-liquid-e-zigarette","10":"product_cat-my-eliquid-aromen","11":"product_tag-6900","12":"product_tag-aroma","13":"product_tag-cola","14":"product_tag-dampfer","15":"product_tag-e-liquid","16":"product_tag-e-zigarette","17":"product_tag-e-zigi","18":"product_tag-eliquid","19":"product_tag-ezigarette","20":"product_tag-glad","21":"product_tag-nachfuellfluessigkeit","22":"product_tag-verdampfer","23":"product_shipping_class-standard","25":"first","26":"instock","27":"taxable","28":"shipping-taxable","29":"purchasable","30":"product-type-variable"},"acf":[],"_links":{"self":[{"href":"https:\/\/my-eliquid.de\/pl\/wp-json\/wp\/v2\/product\/302534","targetHints":{"allow":["GET"]}}],"collection":[{"href":"https:\/\/my-eliquid.de\/pl\/wp-json\/wp\/v2\/product"}],"about":[{"href":"https:\/\/my-eliquid.de\/pl\/wp-json\/wp\/v2\/types\/product"}],"replies":[{"embeddable":true,"href":"https:\/\/my-eliquid.de\/pl\/wp-json\/wp\/v2\/comments?post=302534"}],"wp:featuredmedia":[{"embeddable":true,"href":"https:\/\/my-eliquid.de\/pl\/wp-json\/wp\/v2\/media\/319442"}],"wp:attachment":[{"href":"https:\/\/my-eliquid.de\/pl\/wp-json\/wp\/v2\/media?parent=302534"}],"wp:term":[{"taxonomy":"product_brand","embeddable":true,"href":"https:\/\/my-eliquid.de\/pl\/wp-json\/wp\/v2\/product_brand?post=302534"},{"taxonomy":"product_cat","embeddable":true,"href":"https:\/\/my-eliquid.de\/pl\/wp-json\/wp\/v2\/product_cat?post=302534"},{"taxonomy":"product_tag","embeddable":true,"href":"https:\/\/my-eliquid.de\/pl\/wp-json\/wp\/v2\/product_tag?post=302534"}],"curies":[{"name":"wp","href":"https:\/\/api.w.org\/{rel}","templated":true}]}}