{"id":302558,"date":"2017-09-06T00:00:00","date_gmt":"2017-09-05T22:00:00","guid":{"rendered":"https:\/\/my-eliquid.de\/shop\/spearmint-aroma\/"},"modified":"2026-02-13T07:37:02","modified_gmt":"2026-02-13T06:37:02","slug":"spearmint-aroma","status":"publish","type":"product","link":"https:\/\/my-eliquid.de\/pl\/shop\/spearmint-aroma\/","title":{"rendered":"Aromat mi\u0119ty zielonej"},"content":{"rendered":"<p>Nasz <strong>Aromat mi\u0119ty zielonej<\/strong> mit seinem milden <strong>Minzgeschmack<\/strong> pochodzi z linii <strong>Aromaty mentolowe<\/strong>. Diese Sorte spendet K\u00fchle und ist dabei angenehm lieblich und nicht scharf. Das <strong>Aromat mi\u0119ty zielonej<\/strong> nadaje si\u0119 do aromatyzowania i <strong>Produkcja w\u0142asnych p\u0142yn\u00f3w<\/strong> i mo\u017cna go miesza\u0107 z innymi aromatami. W ten spos\u00f3b mo\u017cna tworzy\u0107 coraz to nowe, indywidualne p\u0142yny! <strong>aromaty<\/strong> nie mog\u0105 by\u0107 stosowane w postaci nierozcie\u0144czonej i zawsze musz\u0105 by\u0107 <strong>Baza<\/strong> doda\u0107.<\/p>","protected":false},"excerpt":{"rendered":"<p>Dzi\u0119ki <strong>orze\u017awiaj\u0105cy smak<\/strong> kr\u0119cony <strong>mi\u0119ta<\/strong> przekonuje to <strong>Aromat mi\u0119ty zielonej<\/strong>, kt\u00f3re jest s\u0142odsze ni\u017c <strong>mi\u0119ta pieprzowa<\/strong> i \u0142agodniejszy od mentolu pod ka\u017cdym wzgl\u0119dem.<\/p>","protected":false},"featured_media":319529,"comment_status":"open","ping_status":"closed","template":"","meta":{"_acf_changed":false,"_relevanssi_hide_post":"","_relevanssi_hide_content":"","_relevanssi_pin_for_all":"","_relevanssi_pin_keywords":"","_relevanssi_unpin_keywords":"","_relevanssi_related_keywords":"","_relevanssi_related_include_ids":"","_relevanssi_related_exclude_ids":"","_relevanssi_related_no_append":"","_relevanssi_related_not_related":"","_relevanssi_related_posts":"","_relevanssi_noindex_reason":""},"product_brand":[],"product_cat":[4733,4882,4701,4704,4881,4712],"product_tag":[6716,1399,6847,6730,6712,5805,5792,7090,5226],"class_list":{"0":"post-302558","1":"product","2":"type-product","3":"status-publish","4":"has-post-thumbnail","6":"product_cat-alle-aromen","7":"product_cat-aromen-ohne-sucralose","8":"product_cat-aromen","9":"product_cat-menthol-aromen-liquid-e-zigarette","10":"product_cat-my-eliquid-aromen","11":"product_cat-special-aromen-liquid-e-zigarette","12":"product_tag-alle","13":"product_tag-aroma","14":"product_tag-aromen","15":"product_tag-eliquids","16":"product_tag-fuer","17":"product_tag-liquid","18":"product_tag-liquids","19":"product_tag-spearmint","20":"product_tag-special","21":"product_shipping_class-standard","23":"first","24":"instock","25":"taxable","26":"shipping-taxable","27":"purchasable","28":"product-type-variable"},"acf":[],"_links":{"self":[{"href":"https:\/\/my-eliquid.de\/pl\/wp-json\/wp\/v2\/product\/302558","targetHints":{"allow":["GET"]}}],"collection":[{"href":"https:\/\/my-eliquid.de\/pl\/wp-json\/wp\/v2\/product"}],"about":[{"href":"https:\/\/my-eliquid.de\/pl\/wp-json\/wp\/v2\/types\/product"}],"replies":[{"embeddable":true,"href":"https:\/\/my-eliquid.de\/pl\/wp-json\/wp\/v2\/comments?post=302558"}],"wp:featuredmedia":[{"embeddable":true,"href":"https:\/\/my-eliquid.de\/pl\/wp-json\/wp\/v2\/media\/319529"}],"wp:attachment":[{"href":"https:\/\/my-eliquid.de\/pl\/wp-json\/wp\/v2\/media?parent=302558"}],"wp:term":[{"taxonomy":"product_brand","embeddable":true,"href":"https:\/\/my-eliquid.de\/pl\/wp-json\/wp\/v2\/product_brand?post=302558"},{"taxonomy":"product_cat","embeddable":true,"href":"https:\/\/my-eliquid.de\/pl\/wp-json\/wp\/v2\/product_cat?post=302558"},{"taxonomy":"product_tag","embeddable":true,"href":"https:\/\/my-eliquid.de\/pl\/wp-json\/wp\/v2\/product_tag?post=302558"}],"curies":[{"name":"wp","href":"https:\/\/api.w.org\/{rel}","templated":true}]}}